{"id":736440,"date":"2025-03-03T16:32:11","date_gmt":"2025-03-03T15:32:11","guid":{"rendered":"https:\/\/stoic-curie.212-227-153-4.plesk.page\/producto\/icey-tek-blaue-tragbare-eisboxen-70-liter\/"},"modified":"2026-02-24T23:35:07","modified_gmt":"2026-02-24T23:35:07","slug":"icey-tek-blaue-tragbare-eisboxen-70-liter","status":"publish","type":"product","link":"https:\/\/stoic-curie.212-227-153-4.plesk.page\/de\/product\/icey-tek-blaue-tragbare-eisboxen-70-liter\/","title":{"rendered":"Tragbarer K\u00fchlschrank Icey-Tek HD 70l Blau"},"content":{"rendered":"<p>Tragbarer K\u00fchlschrank Icey-Tek HD 70l Blau &#8211; <\/p>\n<p style=\"color: rgb(34, 34, 34); font-family: Arial, Helvetica, sans-serif; font-size: small;\">Die 70L K\u00fchlbox ist unser Spitzenmodell und somit eine hervorragende Wahl f\u00fcr Ihren ersten K\u00fchlger\u00e4te-Kauf. Ihr langgestrecktes Design eignet sich ideal f\u00fcr mittelgro\u00dfe Angelausfl\u00fcge und bietet ausreichend Platz f\u00fcr Vorr\u00e4te und Utensilien f\u00fcr 2 bis 3 Personen \u00fcber ein Wochenende. Sie passt bequem in den Kofferraum der meisten Fahrzeuge oder kann auf dem R\u00fccksitz oder in der Ladefl\u00e4che Ihres Trucks platziert werden.<\/p>\n<p style=\"color: rgb(34, 34, 34); font-family: Arial, Helvetica, sans-serif; font-size: small;\">Unsere Icey-Tek K\u00fchlboxen sind sorgf\u00e4ltig f\u00fcr professionelle und Freizeitaktivit\u00e4ten konzipiert und gew\u00e4hrleisten die optimale Lagerung von Fisch und Lebensmitteln. Mit ihrer dichten Isolierung sind diese K\u00fchlboxen in der Lage, kalte Temperaturen f\u00fcr mehrere Tage aufrechtzuerhalten. Jede Einheit ist mit zwei 1-Zoll-Gewindebohrungen mit Deckeln ausgestattet, die als Lebendfangbeh\u00e4lter f\u00fcr Fische dienen k\u00f6nnen. Diese K\u00fchlboxen sind langlebig gebaut und verf\u00fcgen \u00fcber robuste, spritzgegossene Scharniere und thermoplastische Elastomer-Verschl\u00fcsse, die auch als Sitzgelegenheit genutzt werden k\u00f6nnen.<\/p>\n<p style=\"color: rgb(34, 34, 34); font-family: Arial, Helvetica, sans-serif; font-size: small;\">Die Modelle mit 160L und 260L sind mit einem doppelt \u00f6ffnenden Klappdeckel f\u00fcr zus\u00e4tzlichen Komfort ausgestattet.<\/p>\n<p style=\"color: rgb(34, 34, 34); font-family: Arial, Helvetica, sans-serif; font-size: small;\">Jede 70L K\u00fchlbox ist mit drei hochbelastbaren, spritzgegossenen Scharnieren ausgestattet, die sich \u00fcber 90 Grad hinaus \u00f6ffnen und somit das Festhalten der Deckel in ge\u00f6ffneter Position ohne Seile \u00fcberfl\u00fcssig machen.<\/p>\n<p style=\"color: rgb(34, 34, 34); font-family: Arial, Helvetica, sans-serif; font-size: small;\">Die Wandst\u00e4rke variiert von 80 mm im Deckel, wo die Isolierung von gr\u00f6\u00dfter Bedeutung ist, bis zu 40 mm bis 45 mm im Boden und an den Seiten. Diese Konstruktion bietet eine au\u00dfergew\u00f6hnliche thermische Isolierung, ohne das Gesamtgewicht erheblich zu erh\u00f6hen.<\/p>\n<p style=\"color: rgb(34, 34, 34); font-family: Arial, Helvetica, sans-serif; font-size: small;\"><strong>\u00c4u\u00dfere Abmessungen:<\/strong><\/p>\n<ul style=\"color: rgb(34, 34, 34); font-family: Arial, Helvetica, sans-serif; font-size: small;\">\n<li>L\u00e4nge: 855 mm<\/li>\n<li>H\u00f6he: 445 mm<\/li>\n<li>Breite: 435 mm<\/li>\n<\/ul>\n<p style=\"color: rgb(34, 34, 34); font-family: Arial, Helvetica, sans-serif; font-size: small;\"><strong>Innere Abmessungen:<\/strong><\/p>\n<ul style=\"color: rgb(34, 34, 34); font-family: Arial, Helvetica, sans-serif; font-size: small;\">\n<li>L\u00e4nge: 695 mm<\/li>\n<li>H\u00f6he: 320 mm<\/li>\n<li>Breite: 310 mm<\/li>\n<\/ul>\n<p style=\"color: rgb(34, 34, 34); font-family: Arial, Helvetica, sans-serif; font-size: small;\"><strong>Gewicht:<\/strong> 12,5 kg<br \/><strong>H\u00f6he des Deckels im ge\u00f6ffneten Zustand:<\/strong> 875 mm<br \/><strong>Deckelvorsprung:<\/strong> 28 mm<\/p>\n","protected":false},"excerpt":{"rendered":"<p>Tragbarer K\u00fchlschrank Icey-Tek HD 70l Blau &#8211; Die 70L K\u00fchlbox ist unser Spitzenmodell und somit eine hervorragende Wahl f\u00fcr Ihren<\/p>\n","protected":false},"featured_media":5944738,"comment_status":"open","ping_status":"closed","template":"","meta":[],"product_brand":[3005],"product_cat":[1556,1359],"product_tag":[],"class_list":{"0":"post-736440","1":"product","2":"type-product","3":"status-publish","4":"has-post-thumbnail","6":"product_brand-icey-tek-de","7":"product_cat-angelzubehoer","8":"product_cat-kuehlbox-kuehlgeraete","10":"first","11":"instock","12":"shipping-taxable","13":"purchasable","14":"product-type-simple"},"_links":{"self":[{"href":"https:\/\/stoic-curie.212-227-153-4.plesk.page\/de\/wp-json\/wp\/v2\/product\/736440","targetHints":{"allow":["GET"]}}],"collection":[{"href":"https:\/\/stoic-curie.212-227-153-4.plesk.page\/de\/wp-json\/wp\/v2\/product"}],"about":[{"href":"https:\/\/stoic-curie.212-227-153-4.plesk.page\/de\/wp-json\/wp\/v2\/types\/product"}],"replies":[{"embeddable":true,"href":"https:\/\/stoic-curie.212-227-153-4.plesk.page\/de\/wp-json\/wp\/v2\/comments?post=736440"}],"version-history":[{"count":0,"href":"https:\/\/stoic-curie.212-227-153-4.plesk.page\/de\/wp-json\/wp\/v2\/product\/736440\/revisions"}],"wp:featuredmedia":[{"embeddable":true,"href":"https:\/\/stoic-curie.212-227-153-4.plesk.page\/de\/wp-json\/wp\/v2\/media\/5944738"}],"wp:attachment":[{"href":"https:\/\/stoic-curie.212-227-153-4.plesk.page\/de\/wp-json\/wp\/v2\/media?parent=736440"}],"wp:term":[{"taxonomy":"product_brand","embeddable":true,"href":"https:\/\/stoic-curie.212-227-153-4.plesk.page\/de\/wp-json\/wp\/v2\/product_brand?post=736440"},{"taxonomy":"product_cat","embeddable":true,"href":"https:\/\/stoic-curie.212-227-153-4.plesk.page\/de\/wp-json\/wp\/v2\/product_cat?post=736440"},{"taxonomy":"product_tag","embeddable":true,"href":"https:\/\/stoic-curie.212-227-153-4.plesk.page\/de\/wp-json\/wp\/v2\/product_tag?post=736440"}],"curies":[{"name":"wp","href":"https:\/\/api.w.org\/{rel}","templated":true}]}}