{"id":736441,"date":"2025-03-03T16:32:11","date_gmt":"2025-03-03T15:32:11","guid":{"rendered":"https:\/\/stoic-curie.212-227-153-4.plesk.page\/producto\/icey-tek-blaue-tragbare-eisboxen-90-liter\/"},"modified":"2026-02-24T23:35:07","modified_gmt":"2026-02-24T23:35:07","slug":"icey-tek-blaue-tragbare-eisboxen-90-liter","status":"publish","type":"product","link":"https:\/\/stoic-curie.212-227-153-4.plesk.page\/de\/product\/icey-tek-blaue-tragbare-eisboxen-90-liter\/","title":{"rendered":"Tragbarer K\u00fchlschrank Icey-Tek HD 90lt Blau"},"content":{"rendered":"<p>Tragbarer K\u00fchlschrank Icey-Tek HD 90lt Blau &#8211; <\/p>\n<p style=\"color: rgb(34, 34, 34); font-family: Arial, Helvetica, sans-serif; font-size: small;\">Pr\u00e4sentation der Icey-Tek K\u00fchler, stolz in Australien hergestellt und sorgf\u00e4ltig f\u00fcr Fachleute entworfen, die zuverl\u00e4ssige Aufbewahrungsl\u00f6sungen f\u00fcr Lebensmittel und Fische ben\u00f6tigen. Diese K\u00fchler sind mit Hochdichtungsisolierung ausgestattet und sorgen daf\u00fcr, dass der Inhalt \u00fcber l\u00e4ngere Zeit kalt bleibt, was die Konservierung Ihres Fangs optimiert. Jeder K\u00fchler verf\u00fcgt \u00fcber zwei 1-Zoll-Gewindebohrungen mit Kappen, die ihn perfekt als Lebendfischbeh\u00e4lter nutzbar machen.<\/p>\n<p style=\"color: rgb(34, 34, 34); font-family: Arial, Helvetica, sans-serif; font-size: small;\">Die Icey-Tek K\u00fchler sind f\u00fcr Langlebigkeit konzipiert und verf\u00fcgen \u00fcber robuste, spritzgegossene Scharniere und thermoplastische Elastomer-Verschl\u00fcsse, die es erm\u00f6glichen, sie zus\u00e4tzlich als Sitzgelegenheit zu nutzen. Die Modelle mit 160 Litern und 260 Litern bieten einen praktischen Doppelklappendesign, w\u00e4hrend das 90-Liter-Modell sehr beliebt ist und stark mit der 70-Liter-Variante konkurriert. Diese gr\u00f6\u00dferen Gr\u00f6\u00dfen sind besonders ideal f\u00fcr Familien von begeisterten Anglern und Campern. Obwohl sie m\u00f6glicherweise nicht in den Kofferraum der meisten Autos passen, lassen sie sich problemlos auf dem R\u00fccksitz einer Limousine oder im Laderaum eines Nutzfahrzeugs platzieren. Diese K\u00fchler k\u00f6nnen mittelgro\u00dfe pelagische und gro\u00dfe Riff-Fische aufnehmen, was sie perfekt f\u00fcr Angeltouren macht, sowie f\u00fcr die Lagerung von Lebensmitteln und Getr\u00e4nken w\u00e4hrend Campingabenteuern oder Wochenendausfl\u00fcgen. Dar\u00fcber hinaus sind sie eine fantastische Erg\u00e4nzung f\u00fcr Ihr Zuhause bei Grillpartys und geselligen Veranstaltungen, da Sie mehrere Getr\u00e4nke-Kartons k\u00fchl halten k\u00f6nnen, ohne Platz in Ihrem K\u00fchlschrank einzunehmen.<\/p>\n<p style=\"color: rgb(34, 34, 34); font-family: Arial, Helvetica, sans-serif; font-size: small;\">Jeder 90-Liter-K\u00fchler ist mit drei strapazierf\u00e4higen, spritzgegossenen Scharnieren ausgestattet, die \u00fcber 90 Grad \u00f6ffnen und die Notwendigkeit von Seilen zum Halten der Deckel beseitigen.<\/p>\n<p style=\"color: rgb(34, 34, 34); font-family: Arial, Helvetica, sans-serif; font-size: small;\">Die Dicke der K\u00fchlerw\u00e4nde variiert, der Deckel misst 80 mm, wo die Isolierung entscheidend ist, w\u00e4hrend der Boden und die Seiten zwischen 40 mm und 45 mm liegen. Diese durchdachte Konstruktion bietet hervorragende thermische Isolierung bei gleichzeitig handhabbarem Gewicht.<\/p>\n<p style=\"color: rgb(34, 34, 34); font-family: Arial, Helvetica, sans-serif; font-size: small;\"><strong>\u00c4u\u00dfere Abmessungen:<\/strong><\/p>\n<ul style=\"color: rgb(34, 34, 34); font-family: Arial, Helvetica, sans-serif; font-size: small;\">\n<li>L\u00e4nge: 925 mm<\/li>\n<li>H\u00f6he: 480 mm<\/li>\n<li>Breite: 470 mm<\/li>\n<\/ul>\n<p style=\"color: rgb(34, 34, 34); font-family: Arial, Helvetica, sans-serif; font-size: small;\"><strong>Innere Abmessungen:<\/strong><\/p>\n<ul style=\"color: rgb(34, 34, 34); font-family: Arial, Helvetica, sans-serif; font-size: small;\">\n<li>L\u00e4nge: 770 mm<\/li>\n<li>H\u00f6he: 345 mm<\/li>\n<li>Breite: 340 mm<\/li>\n<\/ul>\n<p style=\"color: rgb(34, 34, 34); font-family: Arial, Helvetica, sans-serif; font-size: small;\"><strong>Gewicht:<\/strong>&nbsp;14 kg<br \/><strong>H\u00f6he des Deckels im offenen Zustand:<\/strong>&nbsp;935 mm<br \/><strong>Deckelrand:<\/strong>&nbsp;38 mm<\/p>\n","protected":false},"excerpt":{"rendered":"<p>Tragbarer K\u00fchlschrank Icey-Tek HD 90lt Blau &#8211; Pr\u00e4sentation der Icey-Tek K\u00fchler, stolz in Australien hergestellt und sorgf\u00e4ltig f\u00fcr Fachleute entworfen,<\/p>\n","protected":false},"featured_media":5944740,"comment_status":"open","ping_status":"closed","template":"","meta":[],"product_brand":[3005],"product_cat":[1556,1359],"product_tag":[],"class_list":{"0":"post-736441","1":"product","2":"type-product","3":"status-publish","4":"has-post-thumbnail","6":"product_brand-icey-tek-de","7":"product_cat-angelzubehoer","8":"product_cat-kuehlbox-kuehlgeraete","10":"first","11":"instock","12":"shipping-taxable","13":"purchasable","14":"product-type-simple"},"_links":{"self":[{"href":"https:\/\/stoic-curie.212-227-153-4.plesk.page\/de\/wp-json\/wp\/v2\/product\/736441","targetHints":{"allow":["GET"]}}],"collection":[{"href":"https:\/\/stoic-curie.212-227-153-4.plesk.page\/de\/wp-json\/wp\/v2\/product"}],"about":[{"href":"https:\/\/stoic-curie.212-227-153-4.plesk.page\/de\/wp-json\/wp\/v2\/types\/product"}],"replies":[{"embeddable":true,"href":"https:\/\/stoic-curie.212-227-153-4.plesk.page\/de\/wp-json\/wp\/v2\/comments?post=736441"}],"version-history":[{"count":0,"href":"https:\/\/stoic-curie.212-227-153-4.plesk.page\/de\/wp-json\/wp\/v2\/product\/736441\/revisions"}],"wp:featuredmedia":[{"embeddable":true,"href":"https:\/\/stoic-curie.212-227-153-4.plesk.page\/de\/wp-json\/wp\/v2\/media\/5944740"}],"wp:attachment":[{"href":"https:\/\/stoic-curie.212-227-153-4.plesk.page\/de\/wp-json\/wp\/v2\/media?parent=736441"}],"wp:term":[{"taxonomy":"product_brand","embeddable":true,"href":"https:\/\/stoic-curie.212-227-153-4.plesk.page\/de\/wp-json\/wp\/v2\/product_brand?post=736441"},{"taxonomy":"product_cat","embeddable":true,"href":"https:\/\/stoic-curie.212-227-153-4.plesk.page\/de\/wp-json\/wp\/v2\/product_cat?post=736441"},{"taxonomy":"product_tag","embeddable":true,"href":"https:\/\/stoic-curie.212-227-153-4.plesk.page\/de\/wp-json\/wp\/v2\/product_tag?post=736441"}],"curies":[{"name":"wp","href":"https:\/\/api.w.org\/{rel}","templated":true}]}}