{"id":736445,"date":"2025-03-03T16:32:12","date_gmt":"2025-03-03T15:32:12","guid":{"rendered":"https:\/\/stoic-curie.212-227-153-4.plesk.page\/producto\/kit-aluminium-anoden-martyr-fuer-mercury-f30-f40-f60-ps\/"},"modified":"2026-02-24T23:35:07","modified_gmt":"2026-02-24T23:35:07","slug":"kit-aluminium-anoden-martyr-fuer-mercury-f30-f40-f60-ps","status":"publish","type":"product","link":"https:\/\/stoic-curie.212-227-153-4.plesk.page\/de\/product\/kit-aluminium-anoden-martyr-fuer-mercury-f30-f40-f60-ps\/","title":{"rendered":"Kit Aluminium-Anoden Martyr f\u00fcr Mercury F30-F40-F60 PS"},"content":{"rendered":"<p>Kit Aluminium-Anoden Martyr f\u00fcr Mercury F30-F40-F60 PS &#8211; <\/p>\n<p>Martyr &#8220;Echttyp&#8221; Aluminium M2 Legierungsanodensatz f\u00fcr Mercury F30-F40-F60 HP. <br \/>\u2022 Sch\u00fctzt 50% l\u00e4nger als herk\u00f6mmliche Zinkanoden <br \/>\u2022 Wiegt 50% weniger als herk\u00f6mmliche Zinkanoden<\/p>\n","protected":false},"excerpt":{"rendered":"<p>Kit Aluminium-Anoden Martyr f\u00fcr Mercury F30-F40-F60 PS &#8211; Martyr &#8220;Echttyp&#8221; Aluminium M2 Legierungsanodensatz f\u00fcr Mercury F30-F40-F60 HP. \u2022 Sch\u00fctzt 50%<\/p>\n","protected":false},"featured_media":5944755,"comment_status":"open","ping_status":"closed","template":"","meta":[],"product_brand":[2237,3125],"product_cat":[1528],"product_tag":[],"class_list":{"0":"post-736445","1":"product","2":"type-product","3":"status-publish","4":"has-post-thumbnail","6":"product_brand-martyr","7":"product_brand-martyr-de","8":"product_cat-marine-ersatzteile-fuer-mercury-und-mariner","10":"first","11":"instock","12":"shipping-taxable","13":"purchasable","14":"product-type-simple"},"_links":{"self":[{"href":"https:\/\/stoic-curie.212-227-153-4.plesk.page\/de\/wp-json\/wp\/v2\/product\/736445","targetHints":{"allow":["GET"]}}],"collection":[{"href":"https:\/\/stoic-curie.212-227-153-4.plesk.page\/de\/wp-json\/wp\/v2\/product"}],"about":[{"href":"https:\/\/stoic-curie.212-227-153-4.plesk.page\/de\/wp-json\/wp\/v2\/types\/product"}],"replies":[{"embeddable":true,"href":"https:\/\/stoic-curie.212-227-153-4.plesk.page\/de\/wp-json\/wp\/v2\/comments?post=736445"}],"version-history":[{"count":0,"href":"https:\/\/stoic-curie.212-227-153-4.plesk.page\/de\/wp-json\/wp\/v2\/product\/736445\/revisions"}],"wp:featuredmedia":[{"embeddable":true,"href":"https:\/\/stoic-curie.212-227-153-4.plesk.page\/de\/wp-json\/wp\/v2\/media\/5944755"}],"wp:attachment":[{"href":"https:\/\/stoic-curie.212-227-153-4.plesk.page\/de\/wp-json\/wp\/v2\/media?parent=736445"}],"wp:term":[{"taxonomy":"product_brand","embeddable":true,"href":"https:\/\/stoic-curie.212-227-153-4.plesk.page\/de\/wp-json\/wp\/v2\/product_brand?post=736445"},{"taxonomy":"product_cat","embeddable":true,"href":"https:\/\/stoic-curie.212-227-153-4.plesk.page\/de\/wp-json\/wp\/v2\/product_cat?post=736445"},{"taxonomy":"product_tag","embeddable":true,"href":"https:\/\/stoic-curie.212-227-153-4.plesk.page\/de\/wp-json\/wp\/v2\/product_tag?post=736445"}],"curies":[{"name":"wp","href":"https:\/\/api.w.org\/{rel}","templated":true}]}}