{"id":736448,"date":"2025-03-03T16:32:12","date_gmt":"2025-03-03T15:32:12","guid":{"rendered":"https:\/\/stoic-curie.212-227-153-4.plesk.page\/producto\/edelstahlriegel-fuer-luken-97-x-80-mm-mit-schluessel\/"},"modified":"2026-02-24T23:35:07","modified_gmt":"2026-02-24T23:35:07","slug":"edelstahlriegel-fuer-luken-97-x-80-mm-mit-schluessel","status":"publish","type":"product","link":"https:\/\/stoic-curie.212-227-153-4.plesk.page\/de\/product\/edelstahlriegel-fuer-luken-97-x-80-mm-mit-schluessel\/","title":{"rendered":"Edelstahlriegel f\u00fcr Luken 97 x 80 mm mit Schl\u00fcssel"},"content":{"rendered":"<p>Edelstahlriegel f\u00fcr Luken 97 x 80 mm mit Schl\u00fcssel &#8211; Der aus AISI 316 Edelstahl gefertigte Deckelverschlu\u00df ist wasserdicht. Der federbelastete Griff sorgt f\u00fcr eine ger\u00e4uschlose Bedienung. Versteckte Befestigungen.<\/p>\n","protected":false},"excerpt":{"rendered":"<p>Edelstahlriegel f\u00fcr Luken 97 x 80 mm mit Schl\u00fcssel &#8211; Der aus AISI 316 Edelstahl gefertigte Deckelverschlu\u00df ist wasserdicht. Der<\/p>\n","protected":false},"featured_media":5944758,"comment_status":"open","ping_status":"closed","template":"","meta":[],"product_brand":[3135],"product_cat":[1400,1421],"product_tag":[],"class_list":{"0":"post-736448","1":"product","2":"type-product","3":"status-publish","4":"has-post-thumbnail","6":"product_brand-masterlock-de","7":"product_cat-bootsverschluesse","8":"product_cat-tuerschloesser","10":"first","11":"instock","12":"shipping-taxable","13":"purchasable","14":"product-type-simple"},"_links":{"self":[{"href":"https:\/\/stoic-curie.212-227-153-4.plesk.page\/de\/wp-json\/wp\/v2\/product\/736448","targetHints":{"allow":["GET"]}}],"collection":[{"href":"https:\/\/stoic-curie.212-227-153-4.plesk.page\/de\/wp-json\/wp\/v2\/product"}],"about":[{"href":"https:\/\/stoic-curie.212-227-153-4.plesk.page\/de\/wp-json\/wp\/v2\/types\/product"}],"replies":[{"embeddable":true,"href":"https:\/\/stoic-curie.212-227-153-4.plesk.page\/de\/wp-json\/wp\/v2\/comments?post=736448"}],"version-history":[{"count":0,"href":"https:\/\/stoic-curie.212-227-153-4.plesk.page\/de\/wp-json\/wp\/v2\/product\/736448\/revisions"}],"wp:featuredmedia":[{"embeddable":true,"href":"https:\/\/stoic-curie.212-227-153-4.plesk.page\/de\/wp-json\/wp\/v2\/media\/5944758"}],"wp:attachment":[{"href":"https:\/\/stoic-curie.212-227-153-4.plesk.page\/de\/wp-json\/wp\/v2\/media?parent=736448"}],"wp:term":[{"taxonomy":"product_brand","embeddable":true,"href":"https:\/\/stoic-curie.212-227-153-4.plesk.page\/de\/wp-json\/wp\/v2\/product_brand?post=736448"},{"taxonomy":"product_cat","embeddable":true,"href":"https:\/\/stoic-curie.212-227-153-4.plesk.page\/de\/wp-json\/wp\/v2\/product_cat?post=736448"},{"taxonomy":"product_tag","embeddable":true,"href":"https:\/\/stoic-curie.212-227-153-4.plesk.page\/de\/wp-json\/wp\/v2\/product_tag?post=736448"}],"curies":[{"name":"wp","href":"https:\/\/api.w.org\/{rel}","templated":true}]}}