{"id":736449,"date":"2025-03-03T16:32:13","date_gmt":"2025-03-03T15:32:13","guid":{"rendered":"https:\/\/stoic-curie.212-227-153-4.plesk.page\/producto\/grauwassertank-rule-98b-mit-800-g-h-pumpe-12v\/"},"modified":"2026-02-24T23:35:07","modified_gmt":"2026-02-24T23:35:07","slug":"grauwassertank-rule-98b-mit-800-g-h-pumpe-12v","status":"publish","type":"product","link":"https:\/\/stoic-curie.212-227-153-4.plesk.page\/de\/product\/grauwassertank-rule-98b-mit-800-g-h-pumpe-12v\/","title":{"rendered":"Grauwassertank Rule 98B mit 800 g\/h Pumpe 12V"},"content":{"rendered":"<p>Grauwassertank Rule 98B mit 800 g\/h Pumpe 12V &#8211; Neues, vollautomatisches und einfach zu installierendes Duschablaufsystem, ausgestattet mit: einem Aufpressdeckel, um ungewollte Wasserspritzer zu verhindern, einer Hochleistungspumpe (800 GPH \/ 3028 LPH), um mit eintreffendem Grauwasser umzugehen, einem Schwimmerschalter, einem R\u00fcckschlagventil zur Verhinderung von R\u00fcckfluss und zur Vermeidung unangenehmer Ger\u00fcche. Montiert mit dem Fast Fix-System: Abdeckung, Pumpe, Filter und Schwimmerschalter k\u00f6nnen werkzeuglos entfernt und repariert werden. Im Paket enthalten: 1x 3\/4&#8243;-gewindeter Schlauchanschluss (19mm), 1x (25mm), 1x 1-1\/8&#8243; (29mm) f\u00fcr die Anschl\u00fcsse und Montageschienen.<\/p>\n","protected":false},"excerpt":{"rendered":"<p>Grauwassertank Rule 98B mit 800 g\/h Pumpe 12V &#8211; Neues, vollautomatisches und einfach zu installierendes Duschablaufsystem, ausgestattet mit: einem Aufpressdeckel,<\/p>\n","protected":false},"featured_media":5944760,"comment_status":"open","ping_status":"closed","template":"","meta":[],"product_brand":[3325],"product_cat":[1365,1369],"product_tag":[],"class_list":{"0":"post-736449","1":"product","2":"type-product","3":"status-publish","4":"has-post-thumbnail","6":"product_brand-rule-de","7":"product_cat-bootsduschen","8":"product_cat-grauwassersysteme","10":"first","11":"instock","12":"shipping-taxable","13":"purchasable","14":"product-type-simple"},"_links":{"self":[{"href":"https:\/\/stoic-curie.212-227-153-4.plesk.page\/de\/wp-json\/wp\/v2\/product\/736449","targetHints":{"allow":["GET"]}}],"collection":[{"href":"https:\/\/stoic-curie.212-227-153-4.plesk.page\/de\/wp-json\/wp\/v2\/product"}],"about":[{"href":"https:\/\/stoic-curie.212-227-153-4.plesk.page\/de\/wp-json\/wp\/v2\/types\/product"}],"replies":[{"embeddable":true,"href":"https:\/\/stoic-curie.212-227-153-4.plesk.page\/de\/wp-json\/wp\/v2\/comments?post=736449"}],"version-history":[{"count":0,"href":"https:\/\/stoic-curie.212-227-153-4.plesk.page\/de\/wp-json\/wp\/v2\/product\/736449\/revisions"}],"wp:featuredmedia":[{"embeddable":true,"href":"https:\/\/stoic-curie.212-227-153-4.plesk.page\/de\/wp-json\/wp\/v2\/media\/5944760"}],"wp:attachment":[{"href":"https:\/\/stoic-curie.212-227-153-4.plesk.page\/de\/wp-json\/wp\/v2\/media?parent=736449"}],"wp:term":[{"taxonomy":"product_brand","embeddable":true,"href":"https:\/\/stoic-curie.212-227-153-4.plesk.page\/de\/wp-json\/wp\/v2\/product_brand?post=736449"},{"taxonomy":"product_cat","embeddable":true,"href":"https:\/\/stoic-curie.212-227-153-4.plesk.page\/de\/wp-json\/wp\/v2\/product_cat?post=736449"},{"taxonomy":"product_tag","embeddable":true,"href":"https:\/\/stoic-curie.212-227-153-4.plesk.page\/de\/wp-json\/wp\/v2\/product_tag?post=736449"}],"curies":[{"name":"wp","href":"https:\/\/api.w.org\/{rel}","templated":true}]}}