{"id":736451,"date":"2025-03-03T16:32:13","date_gmt":"2025-03-03T15:32:13","guid":{"rendered":"https:\/\/stoic-curie.212-227-153-4.plesk.page\/producto\/jacke-helly-hansen-pier-3-0-rot-groesse-xxl\/"},"modified":"2026-02-24T23:35:07","modified_gmt":"2026-02-24T23:35:07","slug":"jacke-helly-hansen-pier-3-0-rot-groesse-xxl","status":"publish","type":"product","link":"https:\/\/stoic-curie.212-227-153-4.plesk.page\/de\/product\/jacke-helly-hansen-pier-3-0-rot-groesse-xxl\/","title":{"rendered":"Jacke Helly Hansen Pier 3.0 Rot &#8211; Gr\u00f6\u00dfe XXL"},"content":{"rendered":"<p>Jacke Helly Hansen Pier 3.0 Rot &#8211; Gr\u00f6\u00dfe XXL &#8211; <\/p>\n<p>Die Helly Hansen Pier 3.0 Jacke ist ideal f\u00fcr alle k\u00fcstennahen oder Bootsaktivit\u00e4ten. Sie verf\u00fcgt \u00fcber die HellyTech Performance 2-lagige Verarbeitung, ist mit einer dauerhaften Wasserabweisung (DWR) ausgestattet und bietet eine wasserdichte, winddichte und atmungsaktive Oberfl\u00e4che. Mit vollversiegelten N\u00e4hten, schnell trocknendem Mesh-Innenfutter, Sturmklappe, doppelt verstellbaren Manschetten, einstellbarem Saum und Taille, Handw\u00e4rmertaschen, vorgeformten \u00c4rmeln, hohem, sch\u00fctzendem Fleece-Kragen, EN471 hoch sichtbarem verstellbarem Kapuze und Solas-konformen Reflexmaterialien.<\/p>\n","protected":false},"excerpt":{"rendered":"<p>Jacke Helly Hansen Pier 3.0 Rot &#8211; Gr\u00f6\u00dfe XXL &#8211; Die Helly Hansen Pier 3.0 Jacke ist ideal f\u00fcr alle<\/p>\n","protected":false},"featured_media":5944763,"comment_status":"open","ping_status":"closed","template":"","meta":[],"product_brand":[3000],"product_cat":[1570],"product_tag":[],"class_list":{"0":"post-736451","1":"product","2":"type-product","3":"status-publish","4":"has-post-thumbnail","6":"product_brand-helly-hansen-de","7":"product_cat-nautische-bekleidung-helly-hansen","9":"first","10":"instock","11":"shipping-taxable","12":"purchasable","13":"product-type-simple"},"_links":{"self":[{"href":"https:\/\/stoic-curie.212-227-153-4.plesk.page\/de\/wp-json\/wp\/v2\/product\/736451","targetHints":{"allow":["GET"]}}],"collection":[{"href":"https:\/\/stoic-curie.212-227-153-4.plesk.page\/de\/wp-json\/wp\/v2\/product"}],"about":[{"href":"https:\/\/stoic-curie.212-227-153-4.plesk.page\/de\/wp-json\/wp\/v2\/types\/product"}],"replies":[{"embeddable":true,"href":"https:\/\/stoic-curie.212-227-153-4.plesk.page\/de\/wp-json\/wp\/v2\/comments?post=736451"}],"version-history":[{"count":0,"href":"https:\/\/stoic-curie.212-227-153-4.plesk.page\/de\/wp-json\/wp\/v2\/product\/736451\/revisions"}],"wp:featuredmedia":[{"embeddable":true,"href":"https:\/\/stoic-curie.212-227-153-4.plesk.page\/de\/wp-json\/wp\/v2\/media\/5944763"}],"wp:attachment":[{"href":"https:\/\/stoic-curie.212-227-153-4.plesk.page\/de\/wp-json\/wp\/v2\/media?parent=736451"}],"wp:term":[{"taxonomy":"product_brand","embeddable":true,"href":"https:\/\/stoic-curie.212-227-153-4.plesk.page\/de\/wp-json\/wp\/v2\/product_brand?post=736451"},{"taxonomy":"product_cat","embeddable":true,"href":"https:\/\/stoic-curie.212-227-153-4.plesk.page\/de\/wp-json\/wp\/v2\/product_cat?post=736451"},{"taxonomy":"product_tag","embeddable":true,"href":"https:\/\/stoic-curie.212-227-153-4.plesk.page\/de\/wp-json\/wp\/v2\/product_tag?post=736451"}],"curies":[{"name":"wp","href":"https:\/\/api.w.org\/{rel}","templated":true}]}}