{"id":736459,"date":"2025-03-03T16:32:15","date_gmt":"2025-03-03T15:32:15","guid":{"rendered":"https:\/\/stoic-curie.212-227-153-4.plesk.page\/producto\/edelstahlkette-kalibriert-13mm-x-100m-iso-4565\/"},"modified":"2026-02-24T23:35:07","modified_gmt":"2026-02-24T23:35:07","slug":"edelstahlkette-kalibriert-13mm-x-100m-iso-4565","status":"publish","type":"product","link":"https:\/\/stoic-curie.212-227-153-4.plesk.page\/de\/product\/edelstahlkette-kalibriert-13mm-x-100m-iso-4565\/","title":{"rendered":"Edelstahlkette kalibriert 13mm x 100m"},"content":{"rendered":"<p>Edelstahlkette kalibriert 13mm x 100m &#8211; <\/p>\n<p style=\"color: rgb(34, 34, 34); font-family: Arial, Helvetica, sans-serif; font-size: small;\"><strong>DIN766 316L Edelstahl Kalibrierte Kette f\u00fcr Windlass: <\/strong>Diese Kette wird unter strengen Bedingungen hergestellt, um den G40-Standards zu entsprechen und eine hohe Bruchlast zu gew\u00e4hrleisten. Bemerkenswerterweise betr\u00e4gt die Bruchlast dieser Kette das Vierfache ihrer Arbeitslast, was die Sicherheit und Zuverl\u00e4ssigkeit erh\u00f6ht. Hergestellt aus A4-AISI 316 Edelstahl bietet sie \u00fcberlegene Haltbarkeit und Festigkeit und ist eine hervorragende Wahl f\u00fcr maritime Anwendungen.<\/p>\n<p style=\"color: rgb(34, 34, 34); font-family: Arial, Helvetica, sans-serif; font-size: small;\">Diese speziell f\u00fcr den maritimen Einsatz konzipierte Kette eignet sich hervorragend f\u00fcr Anker-Man\u00f6ver und ist ebenfalls f\u00fcr das Sichern von Bojen, Ankern und verschiedenen anderen Anwendungen in maritimen Umgebungen geeignet. Im Vergleich zu herk\u00f6mmlichen Eisen- und Stahlketten bieten A4-Edelstahlketten hervorragenden Widerstand gegen Korrosion, Salzwasser und S\u00e4uren und gew\u00e4hrleisten eine lange Lebensdauer, selbst unter schwierigen maritimen Bedingungen.<\/p>\n<p style=\"color: rgb(34, 34, 34); font-family: Arial, Helvetica, sans-serif; font-size: small;\">Mit ihrer beeindruckenden Stabilit\u00e4t und hohen Bruchlast eignet sich diese vielseitige Kette f\u00fcr eine Vielzahl von Anwendungen im Innen- und Au\u00dfenbereich. Sie ist in verschiedenen Durchmessern erh\u00e4ltlich, mit Preisen, die pro Meter berechnet werden, was sie zur idealen L\u00f6sung macht, um Ihre nautischen Bed\u00fcrfnisse und dar\u00fcber hinaus zu erf\u00fcllen.<\/p>\n","protected":false},"excerpt":{"rendered":"<p>Edelstahlkette kalibriert 13mm x 100m &#8211; DIN766 316L Edelstahl Kalibrierte Kette f\u00fcr Windlass: Diese Kette wird unter strengen Bedingungen hergestellt,<\/p>\n","protected":false},"featured_media":5937697,"comment_status":"open","ping_status":"closed","template":"","meta":[],"product_brand":[3085],"product_cat":[1405,1333],"product_tag":[],"class_list":{"0":"post-736459","1":"product","2":"type-product","3":"status-publish","4":"has-post-thumbnail","6":"product_brand-maggigroup-de","7":"product_cat-edelstahlkette","8":"product_cat-kalibrierte-edelstahlkette","10":"first","11":"instock","12":"shipping-taxable","13":"purchasable","14":"product-type-simple"},"_links":{"self":[{"href":"https:\/\/stoic-curie.212-227-153-4.plesk.page\/de\/wp-json\/wp\/v2\/product\/736459","targetHints":{"allow":["GET"]}}],"collection":[{"href":"https:\/\/stoic-curie.212-227-153-4.plesk.page\/de\/wp-json\/wp\/v2\/product"}],"about":[{"href":"https:\/\/stoic-curie.212-227-153-4.plesk.page\/de\/wp-json\/wp\/v2\/types\/product"}],"replies":[{"embeddable":true,"href":"https:\/\/stoic-curie.212-227-153-4.plesk.page\/de\/wp-json\/wp\/v2\/comments?post=736459"}],"version-history":[{"count":0,"href":"https:\/\/stoic-curie.212-227-153-4.plesk.page\/de\/wp-json\/wp\/v2\/product\/736459\/revisions"}],"wp:featuredmedia":[{"embeddable":true,"href":"https:\/\/stoic-curie.212-227-153-4.plesk.page\/de\/wp-json\/wp\/v2\/media\/5937697"}],"wp:attachment":[{"href":"https:\/\/stoic-curie.212-227-153-4.plesk.page\/de\/wp-json\/wp\/v2\/media?parent=736459"}],"wp:term":[{"taxonomy":"product_brand","embeddable":true,"href":"https:\/\/stoic-curie.212-227-153-4.plesk.page\/de\/wp-json\/wp\/v2\/product_brand?post=736459"},{"taxonomy":"product_cat","embeddable":true,"href":"https:\/\/stoic-curie.212-227-153-4.plesk.page\/de\/wp-json\/wp\/v2\/product_cat?post=736459"},{"taxonomy":"product_tag","embeddable":true,"href":"https:\/\/stoic-curie.212-227-153-4.plesk.page\/de\/wp-json\/wp\/v2\/product_tag?post=736459"}],"curies":[{"name":"wp","href":"https:\/\/api.w.org\/{rel}","templated":true}]}}