{"id":736465,"date":"2025-03-03T16:32:16","date_gmt":"2025-03-03T15:32:16","guid":{"rendered":"https:\/\/stoic-curie.212-227-153-4.plesk.page\/producto\/seaflow-edelstahl-316-runder-cockpitablauf-40mm\/"},"modified":"2026-02-24T23:35:07","modified_gmt":"2026-02-24T23:35:07","slug":"seaflow-edelstahl-316-runder-cockpitablauf-40mm","status":"publish","type":"product","link":"https:\/\/stoic-curie.212-227-153-4.plesk.page\/de\/product\/seaflow-edelstahl-316-runder-cockpitablauf-40mm\/","title":{"rendered":"Seaflow Edelstahl 316 Runder Cockpitablauf 40mm"},"content":{"rendered":"<p>Seaflow Edelstahl 316 Runder Cockpitablauf 40mm &#8211; Der runde Cockpitablauf von Seaflow besteht aus marinem Edelstahl AISI 316. Der Cockpitablauf verf\u00fcgt \u00fcber ein integriertes R\u00fcckflussverhinderungssystem, das eine innere Kugel verwendet, um einen m\u00f6glichen R\u00fcckfluss zu verhindern, sowie \u00fcber einen abnehmbaren Gitterrost f\u00fcr die Reinigung. Der runde Cockpitablauf hat einen Durchmesser von 92 mm und einen 40 mm Schlauchausgang, der um 45 Grad geneigt ist.<\/p>\n","protected":false},"excerpt":{"rendered":"<p>Seaflow Edelstahl 316 Runder Cockpitablauf 40mm &#8211; Der runde Cockpitablauf von Seaflow besteht aus marinem Edelstahl AISI 316. Der Cockpitablauf<\/p>\n","protected":false},"featured_media":5944787,"comment_status":"open","ping_status":"closed","template":"","meta":[],"product_brand":[3355],"product_cat":[1380,1365],"product_tag":[],"class_list":{"0":"post-736465","1":"product","2":"type-product","3":"status-publish","4":"has-post-thumbnail","6":"product_brand-seaflow-de","7":"product_cat-ablaufstopfen","8":"product_cat-bootsduschen","10":"first","11":"instock","12":"shipping-taxable","13":"purchasable","14":"product-type-simple"},"_links":{"self":[{"href":"https:\/\/stoic-curie.212-227-153-4.plesk.page\/de\/wp-json\/wp\/v2\/product\/736465","targetHints":{"allow":["GET"]}}],"collection":[{"href":"https:\/\/stoic-curie.212-227-153-4.plesk.page\/de\/wp-json\/wp\/v2\/product"}],"about":[{"href":"https:\/\/stoic-curie.212-227-153-4.plesk.page\/de\/wp-json\/wp\/v2\/types\/product"}],"replies":[{"embeddable":true,"href":"https:\/\/stoic-curie.212-227-153-4.plesk.page\/de\/wp-json\/wp\/v2\/comments?post=736465"}],"version-history":[{"count":0,"href":"https:\/\/stoic-curie.212-227-153-4.plesk.page\/de\/wp-json\/wp\/v2\/product\/736465\/revisions"}],"wp:featuredmedia":[{"embeddable":true,"href":"https:\/\/stoic-curie.212-227-153-4.plesk.page\/de\/wp-json\/wp\/v2\/media\/5944787"}],"wp:attachment":[{"href":"https:\/\/stoic-curie.212-227-153-4.plesk.page\/de\/wp-json\/wp\/v2\/media?parent=736465"}],"wp:term":[{"taxonomy":"product_brand","embeddable":true,"href":"https:\/\/stoic-curie.212-227-153-4.plesk.page\/de\/wp-json\/wp\/v2\/product_brand?post=736465"},{"taxonomy":"product_cat","embeddable":true,"href":"https:\/\/stoic-curie.212-227-153-4.plesk.page\/de\/wp-json\/wp\/v2\/product_cat?post=736465"},{"taxonomy":"product_tag","embeddable":true,"href":"https:\/\/stoic-curie.212-227-153-4.plesk.page\/de\/wp-json\/wp\/v2\/product_tag?post=736465"}],"curies":[{"name":"wp","href":"https:\/\/api.w.org\/{rel}","templated":true}]}}