{"id":736467,"date":"2025-03-03T16:32:16","date_gmt":"2025-03-03T15:32:16","guid":{"rendered":"https:\/\/stoic-curie.212-227-153-4.plesk.page\/producto\/edelstahl-abwasser-deckfuellung-4dek-fuer-38-mm-schlauch\/"},"modified":"2026-02-24T23:35:07","modified_gmt":"2026-02-24T23:35:07","slug":"edelstahl-abwasser-deckfuellung-4dek-fuer-38-mm-schlauch","status":"publish","type":"product","link":"https:\/\/stoic-curie.212-227-153-4.plesk.page\/de\/product\/edelstahl-abwasser-deckfuellung-4dek-fuer-38-mm-schlauch\/","title":{"rendered":"Edelstahl-Abwasser-Deckf\u00fcllung 4Dek f\u00fcr 38 mm Schlauch"},"content":{"rendered":"<p>Edelstahl-Abwasser-Deckf\u00fcllung 4Dek f\u00fcr 38 mm Schlauch &#8211; <\/p>\n<div class=\"col-24 col-md-15\">\n<p>Die 4Dek Abfalldeckelplatte besteht aus spiegelpoliertem Edelstahl AISI316 und passt auf einen Schlauch mit 38 mm Durchmesser. Diese Abfalldeckelplatte verf\u00fcgt \u00fcber einen Klappdeckel und drei senkschraubbare Befestigungsl\u00f6cher.<\/p>\n<\/div>\n<h3>Spezifikationen<\/h3>\n<table class=\"table\">\n<tbody>\n<tr>\n<td><strong>L\u00e4nge<\/strong><\/td>\n<td>90 mm<\/td>\n<\/tr>\n<tr>\n<td><strong>Marke<\/strong><\/td>\n<td>4Dek<\/td>\n<\/tr>\n<tr>\n<td><strong>Deckel-F\u00fcller<\/strong><\/td>\n<td>Abfall<\/td>\n<\/tr>\n<tr>\n<td><strong>F\u00fcllschlauchanschluss<\/strong><\/td>\n<td>38 mm \/ 1-1\/2&#8243;<\/td>\n<\/tr>\n<tr>\n<td><strong>Markierung<\/strong><\/td>\n<td>Abfall<\/td>\n<\/tr>\n<tr>\n<td><strong>Bel\u00fcftet<\/strong><\/td>\n<td>Nein<\/td>\n<\/tr>\n<tr>\n<td><strong>Winkel<\/strong><\/td>\n<td>Gerade<\/td>\n<\/tr>\n<tr>\n<td><strong>Bolzenloch PCD [Pitch Circle Durchmesser]<\/strong><\/td>\n<td>3 L\u00f6cher bei 68 mm PCD<\/td>\n<\/tr>\n<tr>\n<td><strong>Zusammensetzung<\/strong><\/td>\n<td>Polierter Edelstahl ASIS 316<\/td>\n<\/tr>\n<tr>\n<td><strong>Durchmesser<\/strong><\/td>\n<td>Gesamt: 88 mm (3-1\/2&#8243;)<\/td>\n<\/tr>\n<tr>\n<td><strong>Ma\u00dfe<\/strong><\/td>\n<td>Ausschnittgr\u00f6\u00dfe: 51 mm (2&#8243;)<\/td>\n<\/tr>\n<\/tbody>\n<\/table>\n","protected":false},"excerpt":{"rendered":"<p>Edelstahl-Abwasser-Deckf\u00fcllung 4Dek f\u00fcr 38 mm Schlauch &#8211; Die 4Dek Abfalldeckelplatte besteht aus spiegelpoliertem Edelstahl AISI316 und passt auf einen Schlauch<\/p>\n","protected":false},"featured_media":5944791,"comment_status":"open","ping_status":"closed","template":"","meta":[],"product_brand":[3235],"product_cat":[1362],"product_tag":[],"class_list":{"0":"post-736467","1":"product","2":"type-product","3":"status-publish","4":"has-post-thumbnail","6":"product_brand-osculati-de","7":"product_cat-abwassertanks","9":"first","10":"instock","11":"shipping-taxable","12":"purchasable","13":"product-type-simple"},"_links":{"self":[{"href":"https:\/\/stoic-curie.212-227-153-4.plesk.page\/de\/wp-json\/wp\/v2\/product\/736467","targetHints":{"allow":["GET"]}}],"collection":[{"href":"https:\/\/stoic-curie.212-227-153-4.plesk.page\/de\/wp-json\/wp\/v2\/product"}],"about":[{"href":"https:\/\/stoic-curie.212-227-153-4.plesk.page\/de\/wp-json\/wp\/v2\/types\/product"}],"replies":[{"embeddable":true,"href":"https:\/\/stoic-curie.212-227-153-4.plesk.page\/de\/wp-json\/wp\/v2\/comments?post=736467"}],"version-history":[{"count":0,"href":"https:\/\/stoic-curie.212-227-153-4.plesk.page\/de\/wp-json\/wp\/v2\/product\/736467\/revisions"}],"wp:featuredmedia":[{"embeddable":true,"href":"https:\/\/stoic-curie.212-227-153-4.plesk.page\/de\/wp-json\/wp\/v2\/media\/5944791"}],"wp:attachment":[{"href":"https:\/\/stoic-curie.212-227-153-4.plesk.page\/de\/wp-json\/wp\/v2\/media?parent=736467"}],"wp:term":[{"taxonomy":"product_brand","embeddable":true,"href":"https:\/\/stoic-curie.212-227-153-4.plesk.page\/de\/wp-json\/wp\/v2\/product_brand?post=736467"},{"taxonomy":"product_cat","embeddable":true,"href":"https:\/\/stoic-curie.212-227-153-4.plesk.page\/de\/wp-json\/wp\/v2\/product_cat?post=736467"},{"taxonomy":"product_tag","embeddable":true,"href":"https:\/\/stoic-curie.212-227-153-4.plesk.page\/de\/wp-json\/wp\/v2\/product_tag?post=736467"}],"curies":[{"name":"wp","href":"https:\/\/api.w.org\/{rel}","templated":true}]}}