{"id":736468,"date":"2025-03-03T16:32:16","date_gmt":"2025-03-03T15:32:16","guid":{"rendered":"https:\/\/stoic-curie.212-227-153-4.plesk.page\/producto\/wasserschlauch-john-guest-speedfit-15mm-x-25mt\/"},"modified":"2026-02-24T23:35:07","modified_gmt":"2026-02-24T23:35:07","slug":"wasserschlauch-john-guest-speedfit-15mm-x-25mt","status":"publish","type":"product","link":"https:\/\/stoic-curie.212-227-153-4.plesk.page\/de\/product\/wasserschlauch-john-guest-speedfit-15mm-x-25mt\/","title":{"rendered":"Wasserschlauch John Guest Speedfit 15mm x 25mt"},"content":{"rendered":"<p>Wasserschlauch John Guest Speedfit 15mm x 25mt &#8211; <\/p>\n<div class=\"col-24 col-md-15\">\n<p>Das John Guest Speedfit PEX-Barriere-Rohr hat einen Au\u00dfendurchmesser von 15 mm und wird in einer 25 Meter langen Rolle geliefert. Das Rohr eignet sich f\u00fcr die Verwendung in der h\u00e4uslichen Warm- und Kaltwasserinstallation, da es aus bleifreiem und ungiftigem Material besteht. Das Speedfit-PEX-Rohr verf\u00fcgt \u00fcber eine leichte, flexible 5-Schicht-Konstruktion, deren Mitte eine blau gef\u00e4rbte Sauerstoffbarriere ist, die das Eindringen von Luft in das System verhindert und somit die Korrosionswirkung auf metallische Komponenten verringert. Dieses Speedfit-Rohr hat eine niedrige W\u00e4rmeleitf\u00e4higkeit, sodass es beim Transport von warmem Wasser k\u00fchler und sicherer zu ber\u00fchren ist.<\/p>\n<p>Das Speedfit PEX-Barriere-Rohr entspricht der britischen Norm BS7291: Teil 3: Klasse S.<\/p>\n<p>JG Speedfit-Eins\u00e4tze m\u00fcssen verwendet werden, wenn Sie Speedfit-Fittings mit diesem Rohr verwenden.<\/p>\n<\/div>\n<h3>Spezifikationen<\/h3>\n<table class=\"table\">\n<tbody>\n<tr>\n<td><strong>Zulassungen<\/strong><\/td>\n<td>Entspricht der britischen Norm BS7291: Teil 3: Klasse S<\/td>\n<\/tr>\n<tr>\n<td><strong>Marke<\/strong><\/td>\n<td>JG Speedfit<\/td>\n<\/tr>\n<tr>\n<td><strong>Herkunftsland<\/strong><\/td>\n<td>Vereinigtes K\u00f6nigreich<\/td>\n<\/tr>\n<tr>\n<td><strong>Verkaufseinheit<\/strong><\/td>\n<td>25 Meter<\/td>\n<\/tr>\n<tr>\n<td><strong>Konstruktion<\/strong><\/td>\n<td>PEX (vernetztes hochdichtes Polyethylen (HDPE))<\/td>\n<\/tr>\n<tr>\n<td><strong>Durchmesser<\/strong><\/td>\n<td>15 mm OD<\/td>\n<\/tr>\n<tr>\n<td><strong>Eignung<\/strong><\/td>\n<td>Warm- und Kaltwasserinstallation<\/td>\n<\/tr>\n<\/tbody>\n<\/table>\n","protected":false},"excerpt":{"rendered":"<p>Wasserschlauch John Guest Speedfit 15mm x 25mt &#8211; Das John Guest Speedfit PEX-Barriere-Rohr hat einen Au\u00dfendurchmesser von 15 mm und<\/p>\n","protected":false},"featured_media":5944795,"comment_status":"open","ping_status":"closed","template":"","meta":[],"product_brand":[3425],"product_cat":[1374,1368],"product_tag":[],"class_list":{"0":"post-736468","1":"product","2":"type-product","3":"status-publish","4":"has-post-thumbnail","6":"product_brand-speedfit-de","7":"product_cat-kunststoff-wasserinstallationsarmaturen","8":"product_cat-wasserschlauch","10":"first","11":"instock","12":"shipping-taxable","13":"purchasable","14":"product-type-simple"},"_links":{"self":[{"href":"https:\/\/stoic-curie.212-227-153-4.plesk.page\/de\/wp-json\/wp\/v2\/product\/736468","targetHints":{"allow":["GET"]}}],"collection":[{"href":"https:\/\/stoic-curie.212-227-153-4.plesk.page\/de\/wp-json\/wp\/v2\/product"}],"about":[{"href":"https:\/\/stoic-curie.212-227-153-4.plesk.page\/de\/wp-json\/wp\/v2\/types\/product"}],"replies":[{"embeddable":true,"href":"https:\/\/stoic-curie.212-227-153-4.plesk.page\/de\/wp-json\/wp\/v2\/comments?post=736468"}],"version-history":[{"count":0,"href":"https:\/\/stoic-curie.212-227-153-4.plesk.page\/de\/wp-json\/wp\/v2\/product\/736468\/revisions"}],"wp:featuredmedia":[{"embeddable":true,"href":"https:\/\/stoic-curie.212-227-153-4.plesk.page\/de\/wp-json\/wp\/v2\/media\/5944795"}],"wp:attachment":[{"href":"https:\/\/stoic-curie.212-227-153-4.plesk.page\/de\/wp-json\/wp\/v2\/media?parent=736468"}],"wp:term":[{"taxonomy":"product_brand","embeddable":true,"href":"https:\/\/stoic-curie.212-227-153-4.plesk.page\/de\/wp-json\/wp\/v2\/product_brand?post=736468"},{"taxonomy":"product_cat","embeddable":true,"href":"https:\/\/stoic-curie.212-227-153-4.plesk.page\/de\/wp-json\/wp\/v2\/product_cat?post=736468"},{"taxonomy":"product_tag","embeddable":true,"href":"https:\/\/stoic-curie.212-227-153-4.plesk.page\/de\/wp-json\/wp\/v2\/product_tag?post=736468"}],"curies":[{"name":"wp","href":"https:\/\/api.w.org\/{rel}","templated":true}]}}