{"id":736470,"date":"2025-03-03T16:32:17","date_gmt":"2025-03-03T15:32:17","guid":{"rendered":"https:\/\/stoic-curie.212-227-153-4.plesk.page\/producto\/rd-flexible-kupplung-910-002-fuer-4-yanmar-kupplungen\/"},"modified":"2026-02-24T23:35:07","modified_gmt":"2026-02-24T23:35:07","slug":"rd-flexible-kupplung-910-002-fuer-4-yanmar-kupplungen","status":"publish","type":"product","link":"https:\/\/stoic-curie.212-227-153-4.plesk.page\/de\/product\/rd-flexible-kupplung-910-002-fuer-4-yanmar-kupplungen\/","title":{"rendered":"R&#038;D Flexible Kupplung 910-002 f\u00fcr 4&#8243; Yanmar Kupplungen"},"content":{"rendered":"<p>R&#038;D Flexible Kupplung 910-002 f\u00fcr 4&#8243; Yanmar Kupplungen &#8211; Flexible Kupplungen f\u00fcr Bootschraubenwellen. Hergestellt von R&#038;D Marine, passt die flexible Kupplung zwischen der Kupplung der Bootsschraube und der Getriebeausgangskupplung. Diese flexible Kupplung besteht aus einer konturierten flexiblen Scheibe, die aus einem robusten, aber elastischen neuen Polyester-Elastomer geformt ist. Die konturierte Kupplungsscheibe bietet Platz f\u00fcr die Schraubenk\u00f6pfe und erm\u00f6glicht der Kupplung, sich frei zu bewegen, um etwaige vor\u00fcbergehende Fehlstellungen des Motors und der Schraubenwelle auszugleichen, die durch Flexion der Bootstruktur oder Bewegungen des Motors auf seinen gummiartigen Motorhaltern entstehen. Der Vortrieb wird komprimiert auf der Kupplungsscheibe zwischen den beiden Wellenhalbkupplungen \u00fcbertragen, und der R\u00fccksto\u00df wird ebenfalls komprimiert auf der Kupplungsscheibe zwischen den beiden fehlerverzeihenden Gurten \u00fcbertragen. Ein Sicherheitsmerkmal der flexiblen Kupplungen der R&#038;D 910-Serie besteht darin, dass im unwahrscheinlichen Fall eines Ausfalls der Kupplungsscheibe die Stahlgurte die Kupplung sicherstellen und den Antrieb der Schraubenwelle in Vorw\u00e4rts- und R\u00fcckw\u00e4rtsrichtung aufrechterhalten. <\/p>\n<p>**Getriebeflanschma\u00dfe**<\/p>\n<p>&#8211; Durchmesser: 101,6 mm (4,00&#8243;)<br \/>\n&#8211; Anzahl der Getriebeflanschschrauben: 4<br \/>\n&#8211; Nominaldurchmesser des Kupplungsbohrlochs: 10 mm (0,39&#8243;)<br \/>\n&#8211; Schrauben-PCD: 78 mm (3,07&#8243;)<br \/>\n&#8211; Durchmesser der Kupplungsregistrierung: 50,0 mm (1,97&#8243;)<\/p>\n<p>**Details der flexiblen Kupplung**<\/p>\n<p>&#8211; Maximale Durchmesser der Kupplung: 114,3 mm (4,5&#8243;)<br \/>\n&#8211; L\u00e4nge: 32,5 mm (1,28&#8243;)<br \/>\n&#8211; Schraubendurchmesser: M10<br \/>\n&#8211; Kapazit\u00e4t pro 100 U\/min: 2,24 kW 3 HP<br \/>\n&#8211; Typische Anwendungen: Yanmar Kanzaki-Getriebe<br \/>\n&#8211; Elektrische Eigenschaften: Flexible Kupplungen sind standardm\u00e4\u00dfig nicht leitend<br \/>\n&#8211; Erdungsklebeband: 807737<\/p>\n<p>**Spezifikationen**<\/p>\n<p>Anwendung: Yanmar Kanzaki-Getriebe<br \/>\nKapazit\u00e4t: 3 HP (2,24 kW) pro 100 U\/min<br \/>\nL\u00e4nge: 1,28&#8243; (32,5 mm)<br \/>\nMarke: R&#038;D Marine<br \/>\nKupplungs-PCD: 3,07&#8243; \/ 78 mm<br \/>\nDurchmesser der Kupplungsregistrierung: 1,97&#8243; \/ 50 mm<br \/>\nDurchmesser der Getriebeausgangskupplung: 4,00&#8243; \/ 101,6 mm<br \/>\nAnzahl der Befestigungsschrauben: 4<br \/>\nHerkunftsland: Vereinigtes K\u00f6nigreich<br \/>\nModell: 910-002<\/p>\n","protected":false},"excerpt":{"rendered":"<p>R&#038;D Flexible Kupplung 910-002 f\u00fcr 4&#8243; Yanmar Kupplungen &#8211; Flexible Kupplungen f\u00fcr Bootschraubenwellen. Hergestellt von R&#038;D Marine, passt die flexible<\/p>\n","protected":false},"featured_media":5944809,"comment_status":"open","ping_status":"closed","template":"","meta":[],"product_brand":[3295],"product_cat":[1502],"product_tag":[],"class_list":{"0":"post-736470","1":"product","2":"type-product","3":"status-publish","4":"has-post-thumbnail","6":"product_brand-rd-marine-de","7":"product_cat-daempfer-und-kupplungen","9":"first","10":"instock","11":"shipping-taxable","12":"purchasable","13":"product-type-simple"},"_links":{"self":[{"href":"https:\/\/stoic-curie.212-227-153-4.plesk.page\/de\/wp-json\/wp\/v2\/product\/736470","targetHints":{"allow":["GET"]}}],"collection":[{"href":"https:\/\/stoic-curie.212-227-153-4.plesk.page\/de\/wp-json\/wp\/v2\/product"}],"about":[{"href":"https:\/\/stoic-curie.212-227-153-4.plesk.page\/de\/wp-json\/wp\/v2\/types\/product"}],"replies":[{"embeddable":true,"href":"https:\/\/stoic-curie.212-227-153-4.plesk.page\/de\/wp-json\/wp\/v2\/comments?post=736470"}],"version-history":[{"count":0,"href":"https:\/\/stoic-curie.212-227-153-4.plesk.page\/de\/wp-json\/wp\/v2\/product\/736470\/revisions"}],"wp:featuredmedia":[{"embeddable":true,"href":"https:\/\/stoic-curie.212-227-153-4.plesk.page\/de\/wp-json\/wp\/v2\/media\/5944809"}],"wp:attachment":[{"href":"https:\/\/stoic-curie.212-227-153-4.plesk.page\/de\/wp-json\/wp\/v2\/media?parent=736470"}],"wp:term":[{"taxonomy":"product_brand","embeddable":true,"href":"https:\/\/stoic-curie.212-227-153-4.plesk.page\/de\/wp-json\/wp\/v2\/product_brand?post=736470"},{"taxonomy":"product_cat","embeddable":true,"href":"https:\/\/stoic-curie.212-227-153-4.plesk.page\/de\/wp-json\/wp\/v2\/product_cat?post=736470"},{"taxonomy":"product_tag","embeddable":true,"href":"https:\/\/stoic-curie.212-227-153-4.plesk.page\/de\/wp-json\/wp\/v2\/product_tag?post=736470"}],"curies":[{"name":"wp","href":"https:\/\/api.w.org\/{rel}","templated":true}]}}