{"id":736471,"date":"2025-03-03T16:32:17","date_gmt":"2025-03-03T15:32:17","guid":{"rendered":"https:\/\/stoic-curie.212-227-153-4.plesk.page\/producto\/rd-flexible-kupplung-910-012-fuer-yanmar-kupplungen\/"},"modified":"2026-02-24T23:35:07","modified_gmt":"2026-02-24T23:35:07","slug":"rd-flexible-kupplung-910-012-fuer-yanmar-kupplungen","status":"publish","type":"product","link":"https:\/\/stoic-curie.212-227-153-4.plesk.page\/de\/product\/rd-flexible-kupplung-910-012-fuer-yanmar-kupplungen\/","title":{"rendered":"R&#038;D Flexible Kupplung 910-012 f\u00fcr Yanmar Kupplungen"},"content":{"rendered":"<p>R&#038;D Flexible Kupplung 910-012 f\u00fcr Yanmar Kupplungen &#8211; Flexibles Kupplung f\u00fcr den Bootstriebwerkswelle. Hergestellt von R&#038;D Marine, passt die flexible Kupplung zwischen der Bootstriebwerkswellenkupplung und der Getriebe-Ausgangskupplung. Diese flexible Kupplung besteht aus einer konturierten flexiblen Scheibe, die aus einem robusten, aber elastischen Polyester-Elastomer gefertigt ist. Die konturierte Kupplungsscheibe bietet Platz f\u00fcr Schraubenk\u00f6pfe und erm\u00f6glicht es der Kupplung, sich frei zu bewegen und vor\u00fcbergehende Fehlanpassungen zwischen Motor und Propellerwelle, verursacht durch das Biegen der Bootstruktur oder Motorbewegungen auf den Gummimotoraufh\u00e4ngungen, auszugleichen. Der Vortrieb wird unter Druck auf der Kupplungsscheibe zwischen den beiden Wellenh\u00e4lften aufgenommen, und der R\u00fccktrieb wird ebenfalls unter Druck auf der Kupplungsscheibe zwischen den beiden sicheren Riemen aufgenommen. Eine Sicherheitsfunktion der flexiblen Kupplungen der R&#038;D 910-Serie ist, dass im unwahrscheinlichen Fall eines Ausfalls der Kupplungsscheibe die Stahlb\u00e4nder die Kupplung sicher machen und den Antrieb der Propellerwelle sowohl vorw\u00e4rts als auch r\u00fcckw\u00e4rts gew\u00e4hrleisten. Spezifikationen: Anwendung: Yanmar KBW &#038; KM Getriebe; Kapazit\u00e4t: 10HP (7.46KW) pro 100 U\/min; L\u00e4nge: 1,77 Zoll (45 mm); Marke: R&#038;D Marine; Kupplungs-PCD: 3,93 Zoll \/ 100 mm; Kupplungsregistrierdurchmesser: 2,56 Zoll \/ 65 mm; Durchmesser der Getriebe-Ausgangskupplung: 5,00 Zoll \/ 127 mm; Anzahl der Befestigungsschrauben: 4; Herkunftsland: Vereinigtes K\u00f6nigreich; Modell: 910-012.<\/p>\n","protected":false},"excerpt":{"rendered":"<p>R&#038;D Flexible Kupplung 910-012 f\u00fcr Yanmar Kupplungen &#8211; Flexibles Kupplung f\u00fcr den Bootstriebwerkswelle. Hergestellt von R&#038;D Marine, passt die flexible<\/p>\n","protected":false},"featured_media":5944810,"comment_status":"open","ping_status":"closed","template":"","meta":[],"product_brand":[3295],"product_cat":[1502,1529],"product_tag":[],"class_list":{"0":"post-736471","1":"product","2":"type-product","3":"status-publish","4":"has-post-thumbnail","6":"product_brand-rd-marine-de","7":"product_cat-daempfer-und-kupplungen","8":"product_cat-marine-ersatzteile-fuer-yanmar","10":"first","11":"outofstock","12":"shipping-taxable","13":"purchasable","14":"product-type-simple"},"_links":{"self":[{"href":"https:\/\/stoic-curie.212-227-153-4.plesk.page\/de\/wp-json\/wp\/v2\/product\/736471","targetHints":{"allow":["GET"]}}],"collection":[{"href":"https:\/\/stoic-curie.212-227-153-4.plesk.page\/de\/wp-json\/wp\/v2\/product"}],"about":[{"href":"https:\/\/stoic-curie.212-227-153-4.plesk.page\/de\/wp-json\/wp\/v2\/types\/product"}],"replies":[{"embeddable":true,"href":"https:\/\/stoic-curie.212-227-153-4.plesk.page\/de\/wp-json\/wp\/v2\/comments?post=736471"}],"version-history":[{"count":0,"href":"https:\/\/stoic-curie.212-227-153-4.plesk.page\/de\/wp-json\/wp\/v2\/product\/736471\/revisions"}],"wp:featuredmedia":[{"embeddable":true,"href":"https:\/\/stoic-curie.212-227-153-4.plesk.page\/de\/wp-json\/wp\/v2\/media\/5944810"}],"wp:attachment":[{"href":"https:\/\/stoic-curie.212-227-153-4.plesk.page\/de\/wp-json\/wp\/v2\/media?parent=736471"}],"wp:term":[{"taxonomy":"product_brand","embeddable":true,"href":"https:\/\/stoic-curie.212-227-153-4.plesk.page\/de\/wp-json\/wp\/v2\/product_brand?post=736471"},{"taxonomy":"product_cat","embeddable":true,"href":"https:\/\/stoic-curie.212-227-153-4.plesk.page\/de\/wp-json\/wp\/v2\/product_cat?post=736471"},{"taxonomy":"product_tag","embeddable":true,"href":"https:\/\/stoic-curie.212-227-153-4.plesk.page\/de\/wp-json\/wp\/v2\/product_tag?post=736471"}],"curies":[{"name":"wp","href":"https:\/\/api.w.org\/{rel}","templated":true}]}}