{"id":736472,"date":"2025-03-03T16:32:17","date_gmt":"2025-03-03T15:32:17","guid":{"rendered":"https:\/\/stoic-curie.212-227-153-4.plesk.page\/producto\/rd-flexible-kupplung-910-037-fuer-yanmar-getriebekupplungen\/"},"modified":"2026-02-24T23:35:07","modified_gmt":"2026-02-24T23:35:07","slug":"rd-flexible-kupplung-910-037-fuer-yanmar-getriebekupplungen","status":"publish","type":"product","link":"https:\/\/stoic-curie.212-227-153-4.plesk.page\/de\/product\/rd-flexible-kupplung-910-037-fuer-yanmar-getriebekupplungen\/","title":{"rendered":"R&#038;D Flexible Kupplung 910-037 f\u00fcr Yanmar Getriebekupplungen"},"content":{"rendered":"<p>R&#038;D Flexible Kupplung 910-037 f\u00fcr Yanmar Getriebekupplungen &#8211; Flexibles Kupplung f\u00fcr den Bootsantriebswelle. Hergestellt von R&#038;D Marine, passt die flexible Kupplung zwischen der Kupplung der Bootsantriebswelle und der Ausgaskupplung des Yanmar KM-Getriebes. Diese flexible Kupplung besteht aus einer konturierten flexiblen Scheibe, die aus einem robusten, aber dennoch widerstandsf\u00e4higen Polyester-Elastomer gefertigt ist. Die konturierte Kupplungsscheibe bietet Platz f\u00fcr Bolzenk\u00f6pfe und erm\u00f6glicht es der Kupplung, sich frei zu bewegen, um vor\u00fcbergehende Fehlausrichtungen des Motors und der Antriebswelle auszugleichen, die durch das Flexen der Bootstruktur oder die Bewegung des Motors auf seinen gummierten Motoraufh\u00e4ngungen entstehen. Der Vorw\u00e4rtsschub wird in Druck auf der Kupplungsscheibe zwischen den beiden halben Kupplungen der Welle aufgenommen, und der R\u00fcckw\u00e4rtsschub wird erneut in Druck auf der Kupplungsscheibe zwischen den beiden ausfallsicheren Gurten aufgenommen. Eine Sicherheitsfunktion der flexiblen Kupplungen der R&#038;D 910 Serie ist, dass im unwahrscheinlichen Fall eines Ausfalls der Kupplungsscheibe die Stahlgurte die Kupplung ausfallsicher machen und sicherstellen, dass der Antrieb der Antriebswelle sowohl vorw\u00e4rts als auch r\u00fcckw\u00e4rts aufrechterhalten wird.<\/p>\n","protected":false},"excerpt":{"rendered":"<p>R&#038;D Flexible Kupplung 910-037 f\u00fcr Yanmar Getriebekupplungen &#8211; Flexibles Kupplung f\u00fcr den Bootsantriebswelle. Hergestellt von R&#038;D Marine, passt die flexible<\/p>\n","protected":false},"featured_media":5944811,"comment_status":"open","ping_status":"closed","template":"","meta":[],"product_brand":[3295],"product_cat":[1502,1529],"product_tag":[],"class_list":{"0":"post-736472","1":"product","2":"type-product","3":"status-publish","4":"has-post-thumbnail","6":"product_brand-rd-marine-de","7":"product_cat-daempfer-und-kupplungen","8":"product_cat-marine-ersatzteile-fuer-yanmar","10":"first","11":"instock","12":"shipping-taxable","13":"purchasable","14":"product-type-simple"},"_links":{"self":[{"href":"https:\/\/stoic-curie.212-227-153-4.plesk.page\/de\/wp-json\/wp\/v2\/product\/736472","targetHints":{"allow":["GET"]}}],"collection":[{"href":"https:\/\/stoic-curie.212-227-153-4.plesk.page\/de\/wp-json\/wp\/v2\/product"}],"about":[{"href":"https:\/\/stoic-curie.212-227-153-4.plesk.page\/de\/wp-json\/wp\/v2\/types\/product"}],"replies":[{"embeddable":true,"href":"https:\/\/stoic-curie.212-227-153-4.plesk.page\/de\/wp-json\/wp\/v2\/comments?post=736472"}],"version-history":[{"count":0,"href":"https:\/\/stoic-curie.212-227-153-4.plesk.page\/de\/wp-json\/wp\/v2\/product\/736472\/revisions"}],"wp:featuredmedia":[{"embeddable":true,"href":"https:\/\/stoic-curie.212-227-153-4.plesk.page\/de\/wp-json\/wp\/v2\/media\/5944811"}],"wp:attachment":[{"href":"https:\/\/stoic-curie.212-227-153-4.plesk.page\/de\/wp-json\/wp\/v2\/media?parent=736472"}],"wp:term":[{"taxonomy":"product_brand","embeddable":true,"href":"https:\/\/stoic-curie.212-227-153-4.plesk.page\/de\/wp-json\/wp\/v2\/product_brand?post=736472"},{"taxonomy":"product_cat","embeddable":true,"href":"https:\/\/stoic-curie.212-227-153-4.plesk.page\/de\/wp-json\/wp\/v2\/product_cat?post=736472"},{"taxonomy":"product_tag","embeddable":true,"href":"https:\/\/stoic-curie.212-227-153-4.plesk.page\/de\/wp-json\/wp\/v2\/product_tag?post=736472"}],"curies":[{"name":"wp","href":"https:\/\/api.w.org\/{rel}","templated":true}]}}