{"id":736474,"date":"2025-03-03T16:32:18","date_gmt":"2025-03-03T15:32:18","guid":{"rendered":"https:\/\/stoic-curie.212-227-153-4.plesk.page\/producto\/drive-force-beneteau-jeanneau-propellerwelle-lager-25-x-40-x-120mm\/"},"modified":"2026-02-24T23:35:07","modified_gmt":"2026-02-24T23:35:07","slug":"drive-force-beneteau-jeanneau-propellerwelle-lager-25-x-40-x-120mm","status":"publish","type":"product","link":"https:\/\/stoic-curie.212-227-153-4.plesk.page\/de\/product\/drive-force-beneteau-jeanneau-propellerwelle-lager-25-x-40-x-120mm\/","title":{"rendered":"Drive Force Beneteau Jeanneau Propellerwelle Lager (25 x 40 x 120mm)"},"content":{"rendered":"<p>Drive Force Beneteau Jeanneau Propellerwelle Lager (25 x 40 x 120mm) &#8211; Ersatz Propellerwellenlagerh\u00fclse, die entwickelt wurde, um das spezielle Propellerwellenlager zu ersetzen, das an vielen Beneteau-Segelbooten, Jeanneau und Dufour verbaut ist. Dieses Wellenlager wird komplett mit 2 nichtmetallischen Fixierschrauben geliefert. Dieses Lager ist f\u00fcr eine Propellerwelle mit einem Durchmesser von 25 mm und misst 40 mm Au\u00dfendurchmesser x 120 mm L\u00e4nge. (7,5 mm Dicke) <\/p>\n<h3>Technische Daten<\/h3>\n<table class=\"table\">\n<tbody>\n<tr>\n<td><strong>L\u00e4nge<\/strong><\/td>\n<td>120 mm<\/td>\n<\/tr>\n<tr>\n<td><strong>Marke<\/strong><\/td>\n<td>Drive Force<\/td>\n<\/tr>\n<tr>\n<td><strong>Wellengr\u00f6\u00dfe<\/strong><\/td>\n<td>25 mm<\/td>\n<\/tr>\n<tr>\n<td><strong>Durchmesser<\/strong><\/td>\n<td>OD: 40 mm<\/td>\n<\/tr>\n<tr>\n<td><strong>Dicke<\/strong><\/td>\n<td>7,5 mm<\/td>\n<\/tr>\n<\/tbody>\n<\/table>\n","protected":false},"excerpt":{"rendered":"<p>Drive Force Beneteau Jeanneau Propellerwelle Lager (25 x 40 x 120mm) &#8211; Ersatz Propellerwellenlagerh\u00fclse, die entwickelt wurde, um das spezielle<\/p>\n","protected":false},"featured_media":5944819,"comment_status":"open","ping_status":"closed","template":"","meta":[],"product_brand":[2244,3225],"product_cat":[1525],"product_tag":[],"class_list":{"0":"post-736474","1":"product","2":"type-product","3":"status-publish","4":"has-post-thumbnail","6":"product_brand-orbitrade-marine","7":"product_brand-orbitrade-marine-de","8":"product_cat-propellerwellenlager","10":"first","11":"instock","12":"shipping-taxable","13":"purchasable","14":"product-type-simple"},"_links":{"self":[{"href":"https:\/\/stoic-curie.212-227-153-4.plesk.page\/de\/wp-json\/wp\/v2\/product\/736474","targetHints":{"allow":["GET"]}}],"collection":[{"href":"https:\/\/stoic-curie.212-227-153-4.plesk.page\/de\/wp-json\/wp\/v2\/product"}],"about":[{"href":"https:\/\/stoic-curie.212-227-153-4.plesk.page\/de\/wp-json\/wp\/v2\/types\/product"}],"replies":[{"embeddable":true,"href":"https:\/\/stoic-curie.212-227-153-4.plesk.page\/de\/wp-json\/wp\/v2\/comments?post=736474"}],"version-history":[{"count":0,"href":"https:\/\/stoic-curie.212-227-153-4.plesk.page\/de\/wp-json\/wp\/v2\/product\/736474\/revisions"}],"wp:featuredmedia":[{"embeddable":true,"href":"https:\/\/stoic-curie.212-227-153-4.plesk.page\/de\/wp-json\/wp\/v2\/media\/5944819"}],"wp:attachment":[{"href":"https:\/\/stoic-curie.212-227-153-4.plesk.page\/de\/wp-json\/wp\/v2\/media?parent=736474"}],"wp:term":[{"taxonomy":"product_brand","embeddable":true,"href":"https:\/\/stoic-curie.212-227-153-4.plesk.page\/de\/wp-json\/wp\/v2\/product_brand?post=736474"},{"taxonomy":"product_cat","embeddable":true,"href":"https:\/\/stoic-curie.212-227-153-4.plesk.page\/de\/wp-json\/wp\/v2\/product_cat?post=736474"},{"taxonomy":"product_tag","embeddable":true,"href":"https:\/\/stoic-curie.212-227-153-4.plesk.page\/de\/wp-json\/wp\/v2\/product_tag?post=736474"}],"curies":[{"name":"wp","href":"https:\/\/api.w.org\/{rel}","templated":true}]}}