{"id":736475,"date":"2025-03-03T16:32:18","date_gmt":"2025-03-03T15:32:18","guid":{"rendered":"https:\/\/stoic-curie.212-227-153-4.plesk.page\/producto\/jeanneau-beneteau-propellerwellenlager-30-x-40-x-120-mm\/"},"modified":"2026-02-24T23:35:07","modified_gmt":"2026-02-24T23:35:07","slug":"jeanneau-beneteau-propellerwellenlager-30-x-40-x-120-mm","status":"publish","type":"product","link":"https:\/\/stoic-curie.212-227-153-4.plesk.page\/de\/product\/jeanneau-beneteau-propellerwellenlager-30-x-40-x-120-mm\/","title":{"rendered":"Jeanneau Beneteau Propellerwellenlager (30 x 40 x 120 mm)"},"content":{"rendered":"<p>Jeanneau Beneteau Propellerwellenlager (30 x 40 x 120 mm) &#8211; <\/p>\n<div class=\"col-24 col-md-15\">\n<p>Das Ersatzlager f\u00fcr die Antriebswelle wurde entwickelt, um das spezielle Antriebswellenlager zu ersetzen, das in vielen Beneteau Segelbooten, Jeanneau und Dufour installiert ist. Dieses Wellenlager wird komplett mit 2 nichtmetallischen Positionierungsschrauben geliefert.<\/p>\n<p>Dieses Lager ist f\u00fcr eine Antriebswelle mit einem Durchmesser von 30 mm und hat einen Au\u00dfendurchmesser von 40 mm bei einer L\u00e4nge von 120 mm (5 mm dick).<\/p>\n<\/div>\n<h3>Spezifikationen<\/h3>\n<table class=\"table\">\n<tbody>\n<tr>\n<td><strong>L\u00e4nge<\/strong><\/td>\n<td>120mm<\/td>\n<\/tr>\n<tr>\n<td><strong>Lieferumfang<\/strong><\/td>\n<td>Grub Screws<\/td>\n<\/tr>\n<tr>\n<td><strong>Marke<\/strong><\/td>\n<td>Drive Force<\/td>\n<\/tr>\n<tr>\n<td><strong>Wellengr\u00f6\u00dfe<\/strong><\/td>\n<td>30mm<\/td>\n<\/tr>\n<tr>\n<td><strong>Durchmesser<\/strong><\/td>\n<td>OD: 40mm<\/td>\n<\/tr>\n<tr>\n<td><strong>Dicke<\/strong><\/td>\n<td>5mm<\/td>\n<\/tr>\n<\/tbody>\n<\/table>\n","protected":false},"excerpt":{"rendered":"<p>Jeanneau Beneteau Propellerwellenlager (30 x 40 x 120 mm) &#8211; Das Ersatzlager f\u00fcr die Antriebswelle wurde entwickelt, um das spezielle<\/p>\n","protected":false},"featured_media":5944820,"comment_status":"open","ping_status":"closed","template":"","meta":[],"product_brand":[3225],"product_cat":[1525],"product_tag":[],"class_list":{"0":"post-736475","1":"product","2":"type-product","3":"status-publish","4":"has-post-thumbnail","6":"product_brand-orbitrade-marine-de","7":"product_cat-propellerwellenlager","9":"first","10":"instock","11":"shipping-taxable","12":"purchasable","13":"product-type-simple"},"_links":{"self":[{"href":"https:\/\/stoic-curie.212-227-153-4.plesk.page\/de\/wp-json\/wp\/v2\/product\/736475","targetHints":{"allow":["GET"]}}],"collection":[{"href":"https:\/\/stoic-curie.212-227-153-4.plesk.page\/de\/wp-json\/wp\/v2\/product"}],"about":[{"href":"https:\/\/stoic-curie.212-227-153-4.plesk.page\/de\/wp-json\/wp\/v2\/types\/product"}],"replies":[{"embeddable":true,"href":"https:\/\/stoic-curie.212-227-153-4.plesk.page\/de\/wp-json\/wp\/v2\/comments?post=736475"}],"version-history":[{"count":0,"href":"https:\/\/stoic-curie.212-227-153-4.plesk.page\/de\/wp-json\/wp\/v2\/product\/736475\/revisions"}],"wp:featuredmedia":[{"embeddable":true,"href":"https:\/\/stoic-curie.212-227-153-4.plesk.page\/de\/wp-json\/wp\/v2\/media\/5944820"}],"wp:attachment":[{"href":"https:\/\/stoic-curie.212-227-153-4.plesk.page\/de\/wp-json\/wp\/v2\/media?parent=736475"}],"wp:term":[{"taxonomy":"product_brand","embeddable":true,"href":"https:\/\/stoic-curie.212-227-153-4.plesk.page\/de\/wp-json\/wp\/v2\/product_brand?post=736475"},{"taxonomy":"product_cat","embeddable":true,"href":"https:\/\/stoic-curie.212-227-153-4.plesk.page\/de\/wp-json\/wp\/v2\/product_cat?post=736475"},{"taxonomy":"product_tag","embeddable":true,"href":"https:\/\/stoic-curie.212-227-153-4.plesk.page\/de\/wp-json\/wp\/v2\/product_tag?post=736475"}],"curies":[{"name":"wp","href":"https:\/\/api.w.org\/{rel}","templated":true}]}}