{"id":736476,"date":"2025-03-03T16:32:18","date_gmt":"2025-03-03T15:32:18","guid":{"rendered":"https:\/\/stoic-curie.212-227-153-4.plesk.page\/producto\/jeanneau-beneteau-propellerwellenlager-35-x-54-x-140-mm\/"},"modified":"2026-02-24T23:35:07","modified_gmt":"2026-02-24T23:35:07","slug":"jeanneau-beneteau-propellerwellenlager-35-x-54-x-140-mm","status":"publish","type":"product","link":"https:\/\/stoic-curie.212-227-153-4.plesk.page\/de\/product\/jeanneau-beneteau-propellerwellenlager-35-x-54-x-140-mm\/","title":{"rendered":"Jeanneau Beneteau Propellerwellenlager (35 x 54 x 140 mm)"},"content":{"rendered":"<p>Jeanneau Beneteau Propellerwellenlager (35 x 54 x 140 mm) &#8211; Ersatz-Antriebswellenlagerh\u00fclse, die zur Ersetzung des speziellen Antriebswellenlagers entwickelt wurde, das in vielen Beneteau-Segelbooten, Jeanneau und Dufour verbaut ist. Dieses Wellenlager wird komplett mit 2 nicht-metallischen Befestigungsschrauben geliefert. Dieses Lager eignet sich f\u00fcr Antriebswellen mit einem Durchmesser von 35 mm und hat einen Au\u00dfendurchmesser von 54 mm bei einer L\u00e4nge von 140 mm (9,5 mm Dicke).<\/p>\n","protected":false},"excerpt":{"rendered":"<p>Jeanneau Beneteau Propellerwellenlager (35 x 54 x 140 mm) &#8211; Ersatz-Antriebswellenlagerh\u00fclse, die zur Ersetzung des speziellen Antriebswellenlagers entwickelt wurde, das<\/p>\n","protected":false},"featured_media":5944821,"comment_status":"open","ping_status":"closed","template":"","meta":[],"product_brand":[3225],"product_cat":[1525],"product_tag":[],"class_list":{"0":"post-736476","1":"product","2":"type-product","3":"status-publish","4":"has-post-thumbnail","6":"product_brand-orbitrade-marine-de","7":"product_cat-propellerwellenlager","9":"first","10":"instock","11":"shipping-taxable","12":"purchasable","13":"product-type-simple"},"_links":{"self":[{"href":"https:\/\/stoic-curie.212-227-153-4.plesk.page\/de\/wp-json\/wp\/v2\/product\/736476","targetHints":{"allow":["GET"]}}],"collection":[{"href":"https:\/\/stoic-curie.212-227-153-4.plesk.page\/de\/wp-json\/wp\/v2\/product"}],"about":[{"href":"https:\/\/stoic-curie.212-227-153-4.plesk.page\/de\/wp-json\/wp\/v2\/types\/product"}],"replies":[{"embeddable":true,"href":"https:\/\/stoic-curie.212-227-153-4.plesk.page\/de\/wp-json\/wp\/v2\/comments?post=736476"}],"version-history":[{"count":0,"href":"https:\/\/stoic-curie.212-227-153-4.plesk.page\/de\/wp-json\/wp\/v2\/product\/736476\/revisions"}],"wp:featuredmedia":[{"embeddable":true,"href":"https:\/\/stoic-curie.212-227-153-4.plesk.page\/de\/wp-json\/wp\/v2\/media\/5944821"}],"wp:attachment":[{"href":"https:\/\/stoic-curie.212-227-153-4.plesk.page\/de\/wp-json\/wp\/v2\/media?parent=736476"}],"wp:term":[{"taxonomy":"product_brand","embeddable":true,"href":"https:\/\/stoic-curie.212-227-153-4.plesk.page\/de\/wp-json\/wp\/v2\/product_brand?post=736476"},{"taxonomy":"product_cat","embeddable":true,"href":"https:\/\/stoic-curie.212-227-153-4.plesk.page\/de\/wp-json\/wp\/v2\/product_cat?post=736476"},{"taxonomy":"product_tag","embeddable":true,"href":"https:\/\/stoic-curie.212-227-153-4.plesk.page\/de\/wp-json\/wp\/v2\/product_tag?post=736476"}],"curies":[{"name":"wp","href":"https:\/\/api.w.org\/{rel}","templated":true}]}}