{"id":736478,"date":"2025-03-03T16:32:19","date_gmt":"2025-03-03T15:32:19","guid":{"rendered":"https:\/\/stoic-curie.212-227-153-4.plesk.page\/producto\/wasserpumpe-johnson-f35b-9\/"},"modified":"2026-02-24T23:35:07","modified_gmt":"2026-02-24T23:35:07","slug":"wasserpumpe-johnson-f35b-9","status":"publish","type":"product","link":"https:\/\/stoic-curie.212-227-153-4.plesk.page\/de\/product\/wasserpumpe-johnson-f35b-9\/","title":{"rendered":"Wasserpumpe Johnson F35B-9"},"content":{"rendered":"<p>Wasserpumpe Johnson F35B-9 &#8211; Die Johnson 10-35157-3 Pumpe ist eine flanschmontierte, motorbetriebenen flexible Impeller-Rohwasserpumpe zur K\u00fchlung von Marine-Motoren. Die Johnson Wasserpumpe passt zu flanschmontierten Volvo-Motoren sowie Bukh DV 10 LME\/LSME, DV 10M, DV 10 ME\/SME, DV 20M und DV 24 ME\/SME Motoren. Diese K\u00fchlwasserpumpe verf\u00fcgt \u00fcber eine lagergest\u00fctzte Welle mit 3\/8&#8243; BSP Innengewinde. Ersatzimpeller: JP-09-808B. Diese K\u00fchlwasserpumpe wird ohne die O-Dichtung geliefert, die zwischen Pumpe und Motor passt; diese O-Dichtung hat die Teilenummer JP-05-06-521, die unten erh\u00e4ltlich ist. Johnson 10-35157-3 Ersatzteile: &#8230; Spezifikationen: Serie: F35B-9, Gr\u00f6\u00dfe: 3\/8&#8243;, Marke: Johnson, Konstruktion: Messingk\u00f6rper, flexibler Impeller, Antriebsart: Welle, Modell: 10-35157-3, Montage: Flanschmontage, Reparaturset: JP-09-45589, Ersatzimpeller: JP-09-808B, ersetzt: 209788 Plain Bearing Pumpe 10-35118-1, Einlass \/ Auslass: 3\/8&#8243; BSP Innengewinde.<\/p>\n","protected":false},"excerpt":{"rendered":"<p>Wasserpumpe Johnson F35B-9 &#8211; Die Johnson 10-35157-3 Pumpe ist eine flanschmontierte, motorbetriebenen flexible Impeller-Rohwasserpumpe zur K\u00fchlung von Marine-Motoren. Die Johnson<\/p>\n","protected":false},"featured_media":5944861,"comment_status":"open","ping_status":"closed","template":"","meta":[],"product_brand":[3045],"product_cat":[1522],"product_tag":[],"class_list":{"0":"post-736478","1":"product","2":"type-product","3":"status-publish","4":"has-post-thumbnail","6":"product_brand-johnson-marine-de","7":"product_cat-motorkuehlpumpen","9":"first","10":"instock","11":"shipping-taxable","12":"purchasable","13":"product-type-simple"},"_links":{"self":[{"href":"https:\/\/stoic-curie.212-227-153-4.plesk.page\/de\/wp-json\/wp\/v2\/product\/736478","targetHints":{"allow":["GET"]}}],"collection":[{"href":"https:\/\/stoic-curie.212-227-153-4.plesk.page\/de\/wp-json\/wp\/v2\/product"}],"about":[{"href":"https:\/\/stoic-curie.212-227-153-4.plesk.page\/de\/wp-json\/wp\/v2\/types\/product"}],"replies":[{"embeddable":true,"href":"https:\/\/stoic-curie.212-227-153-4.plesk.page\/de\/wp-json\/wp\/v2\/comments?post=736478"}],"version-history":[{"count":0,"href":"https:\/\/stoic-curie.212-227-153-4.plesk.page\/de\/wp-json\/wp\/v2\/product\/736478\/revisions"}],"wp:featuredmedia":[{"embeddable":true,"href":"https:\/\/stoic-curie.212-227-153-4.plesk.page\/de\/wp-json\/wp\/v2\/media\/5944861"}],"wp:attachment":[{"href":"https:\/\/stoic-curie.212-227-153-4.plesk.page\/de\/wp-json\/wp\/v2\/media?parent=736478"}],"wp:term":[{"taxonomy":"product_brand","embeddable":true,"href":"https:\/\/stoic-curie.212-227-153-4.plesk.page\/de\/wp-json\/wp\/v2\/product_brand?post=736478"},{"taxonomy":"product_cat","embeddable":true,"href":"https:\/\/stoic-curie.212-227-153-4.plesk.page\/de\/wp-json\/wp\/v2\/product_cat?post=736478"},{"taxonomy":"product_tag","embeddable":true,"href":"https:\/\/stoic-curie.212-227-153-4.plesk.page\/de\/wp-json\/wp\/v2\/product_tag?post=736478"}],"curies":[{"name":"wp","href":"https:\/\/api.w.org\/{rel}","templated":true}]}}