{"id":736481,"date":"2025-03-03T16:32:19","date_gmt":"2025-03-03T15:32:19","guid":{"rendered":"https:\/\/stoic-curie.212-227-153-4.plesk.page\/producto\/racor-1000ma-kraftstofffilter-10-mikron-klare-schuessel-hitzeschild\/"},"modified":"2026-02-24T23:35:07","modified_gmt":"2026-02-24T23:35:07","slug":"racor-1000ma-kraftstofffilter-10-mikron-klare-schuessel-hitzeschild","status":"publish","type":"product","link":"https:\/\/stoic-curie.212-227-153-4.plesk.page\/de\/product\/racor-1000ma-kraftstofffilter-10-mikron-klare-schuessel-hitzeschild\/","title":{"rendered":"Racor 1000MA Kraftstofffilter (10 Mikron \/ Klare Sch\u00fcssel &#038; Hitzeschild)"},"content":{"rendered":"<p>Racor 1000MA Kraftstofffilter (10 Mikron \/ Klare Sch\u00fcssel &#038; Hitzeschild) &#8211; Der Racor 1000MA Dieselturbinen-Benzinfilter sch\u00fctzt Ihre wertvollen Motorbauteile vor verschiedenen Verunreinigungen wie Schmutz, Rost, Algen, Asphaltenen, Lacken und Wasser. Der Racor 1000MA Marine-Turbine ist f\u00fcr die Montage an der Vakuumseite der Kraftstofftransferpumpe konzipiert, um maximale Effizienz zu gew\u00e4hrleisten. Der Racor hat einen dreistufigen Prozess; Trennung, Koaleszenz und Filtration, der nachfolgend erkl\u00e4rt wird. <\/p>\n<p>**Stufe Eins: Trennung:** Wenn der Kraftstoff in die Filtereinheit eintritt, bewegt er sich durch die Turbinen-Zentrifuge und schleudert gro\u00dfe Feststoffe und Wassertropfen ab, die in den Boden der Sammlungsschale fallen. <\/p>\n<p>**Stufe Zwei: Koaleszenz:** Kleine Wassertropfen perlen an den Seiten der Kammer und am Element auf, und sobald sie schwer genug sind, fallen auch diese in den Boden der Sammlungsschale. <\/p>\n<p>**Stufe Drei: Filtration:** Algen, Rost und Schmutz werden dann vom Kraftstoff durch das Aquabloc-Element gefiltert; da die Elemente wasserdicht sind, sind sie viel effektiver und langlebiger als wasserabsorbierende Elemente. <\/p>\n<p>Der Racor 1000MA Dieselfilter wird komplett mit einer durchsichtigen Schale und einem 10-Mikron-Element geliefert. Die Turbine hat eine maximale Durchflussrate von 681 LPH bei einer Anschlussgr\u00f6\u00dfe von 7\/8&#8243;-14 UNF. Ersetzen Sie Racor-Turbinenelemente (2020-Serie) k\u00f6nnen bestellt werden und sind in verschiedenen Mikrongr\u00f6\u00dfen erh\u00e4ltlich. Die Racor 2020 Turbienelemente messen 110 mm Durchmesser x 249 mm H\u00f6he.<\/p>\n","protected":false},"excerpt":{"rendered":"<p>Racor 1000MA Kraftstofffilter (10 Mikron \/ Klare Sch\u00fcssel &#038; Hitzeschild) &#8211; Der Racor 1000MA Dieselturbinen-Benzinfilter sch\u00fctzt Ihre wertvollen Motorbauteile vor<\/p>\n","protected":false},"featured_media":5944869,"comment_status":"open","ping_status":"closed","template":"","meta":[],"product_brand":[3245],"product_cat":[1510],"product_tag":[],"class_list":{"0":"post-736481","1":"product","2":"type-product","3":"status-publish","4":"has-post-thumbnail","6":"product_brand-parker-racor-de","7":"product_cat-kraftstoff-wasser-trennfilter","9":"first","10":"instock","11":"shipping-taxable","12":"purchasable","13":"product-type-simple"},"_links":{"self":[{"href":"https:\/\/stoic-curie.212-227-153-4.plesk.page\/de\/wp-json\/wp\/v2\/product\/736481","targetHints":{"allow":["GET"]}}],"collection":[{"href":"https:\/\/stoic-curie.212-227-153-4.plesk.page\/de\/wp-json\/wp\/v2\/product"}],"about":[{"href":"https:\/\/stoic-curie.212-227-153-4.plesk.page\/de\/wp-json\/wp\/v2\/types\/product"}],"replies":[{"embeddable":true,"href":"https:\/\/stoic-curie.212-227-153-4.plesk.page\/de\/wp-json\/wp\/v2\/comments?post=736481"}],"version-history":[{"count":0,"href":"https:\/\/stoic-curie.212-227-153-4.plesk.page\/de\/wp-json\/wp\/v2\/product\/736481\/revisions"}],"wp:featuredmedia":[{"embeddable":true,"href":"https:\/\/stoic-curie.212-227-153-4.plesk.page\/de\/wp-json\/wp\/v2\/media\/5944869"}],"wp:attachment":[{"href":"https:\/\/stoic-curie.212-227-153-4.plesk.page\/de\/wp-json\/wp\/v2\/media?parent=736481"}],"wp:term":[{"taxonomy":"product_brand","embeddable":true,"href":"https:\/\/stoic-curie.212-227-153-4.plesk.page\/de\/wp-json\/wp\/v2\/product_brand?post=736481"},{"taxonomy":"product_cat","embeddable":true,"href":"https:\/\/stoic-curie.212-227-153-4.plesk.page\/de\/wp-json\/wp\/v2\/product_cat?post=736481"},{"taxonomy":"product_tag","embeddable":true,"href":"https:\/\/stoic-curie.212-227-153-4.plesk.page\/de\/wp-json\/wp\/v2\/product_tag?post=736481"}],"curies":[{"name":"wp","href":"https:\/\/api.w.org\/{rel}","templated":true}]}}