{"id":736482,"date":"2025-03-03T16:32:19","date_gmt":"2025-03-03T15:32:19","guid":{"rendered":"https:\/\/stoic-curie.212-227-153-4.plesk.page\/producto\/endkappe-bowman-2679np-22mm-70mm\/"},"modified":"2026-02-24T23:35:07","modified_gmt":"2026-02-24T23:35:07","slug":"endkappe-bowman-2679np-22mm-70mm","status":"publish","type":"product","link":"https:\/\/stoic-curie.212-227-153-4.plesk.page\/de\/product\/endkappe-bowman-2679np-22mm-70mm\/","title":{"rendered":"Endkappe Bowman 2679NP (22mm &#038; 70mm)"},"content":{"rendered":"<p>Endkappe Bowman 2679NP (22mm &#038; 70mm) &#8211; <\/p>\n<div class=\"col-24 col-md-15\">\n<p>Ersetzt die Bowman Gummi-geformte Endkappe, die f\u00fcr marine W\u00e4rme\u00fcbertrager-Manifolds entwickelt wurde. Sie sollten feststellen, dass Ihre aktuellen Bowman-Endkappen ihre Teilenummer eingepr\u00e4gt haben, um die ben\u00f6tigte Ersetzung leicht zu identifizieren. Dies ist die Bowman-Teilenummer 2679NP, die eine 90-Grad-Ausgangs-Endkappe ist.<\/p>\n<p>Diese W\u00e4rme\u00fcbertrager-Endkappe ist geeignet f\u00fcr die Verwendung mit folgenden Bowman W\u00e4rme\u00fcbertragern: BL180, BL250, BL380, BL570, FM160, FM162, FM180, FM240, FM242, FM660, LR250, MB180, MB220, MB300, MB380, MB570, MK130, MK140, ML130, MS130, MS140, PE180, PE250 und VW150.<\/p>\n<p>Ersetzt: Thornycroft Endkappe 54381596 und Perkins 24860167. Dies ist auch die n\u00e4chste Ersetzung, die wir f\u00fcr die obsoleten Polar Cooler Endkappen A3-642, A3\/642 haben.<\/p>\n<\/div>\n<h3>Spezifikationen<\/h3>\n<table class=\"table\">\n<tbody>\n<tr>\n<td><strong>Marke<\/strong><\/td>\n<td>Bowman<\/td>\n<\/tr>\n<tr>\n<td><strong>Einlass Auslass<\/strong><\/td>\n<td>22mm<\/td>\n<\/tr>\n<tr>\n<td><strong>Ursprungsland<\/strong><\/td>\n<td>Vereinigtes K\u00f6nigreich<\/td>\n<\/tr>\n<tr>\n<td><strong>Winkel<\/strong><\/td>\n<td>90 Grad<\/td>\n<\/tr>\n<tr>\n<td><strong>Bauweise<\/strong><\/td>\n<td>Gummi<\/td>\n<\/tr>\n<tr>\n<td><strong>Durchmesser<\/strong><\/td>\n<td>Einlass ID: 70mm, Einlass OD: 80mm. Auslass ID: 22mm, Auslass OD: 32mm. K\u00f6rper ID: 51mm, K\u00f6rper OD: 60mm.<\/td>\n<\/tr>\n<tr>\n<td><strong>Ersetzt<\/strong><\/td>\n<td>Thornycroft Endkappe 54381596 &#038; Perkins 24860167. N\u00e4chste Ersetzung f\u00fcr Polar Cooler Endkappen: A3-642, A3\/642.<\/td>\n<\/tr>\n<tr>\n<td><strong>Eignung<\/strong><\/td>\n<td>Bowman W\u00e4rme\u00fcbertrager BL180, BL250, BL380, BL570, FM160, FM162, FM180, FM240, FM242, FM660, LR250, MB180, MB220, MB300, MB380, MB570, MK130, MK140, ML130, MS130, MS140, PE180, PE250, VW150.<\/td>\n<\/tr>\n<\/tbody>\n<\/table>\n","protected":false},"excerpt":{"rendered":"<p>Endkappe Bowman 2679NP (22mm &#038; 70mm) &#8211; Ersetzt die Bowman Gummi-geformte Endkappe, die f\u00fcr marine W\u00e4rme\u00fcbertrager-Manifolds entwickelt wurde. Sie sollten<\/p>\n","protected":false},"featured_media":5944900,"comment_status":"open","ping_status":"closed","template":"","meta":[],"product_brand":[2845],"product_cat":[1503],"product_tag":[],"class_list":{"0":"post-736482","1":"product","2":"type-product","3":"status-publish","4":"has-post-thumbnail","6":"product_brand-bowman-de","7":"product_cat-waermetauscher-und-oelkuehler","9":"first","10":"instock","11":"shipping-taxable","12":"purchasable","13":"product-type-simple"},"_links":{"self":[{"href":"https:\/\/stoic-curie.212-227-153-4.plesk.page\/de\/wp-json\/wp\/v2\/product\/736482","targetHints":{"allow":["GET"]}}],"collection":[{"href":"https:\/\/stoic-curie.212-227-153-4.plesk.page\/de\/wp-json\/wp\/v2\/product"}],"about":[{"href":"https:\/\/stoic-curie.212-227-153-4.plesk.page\/de\/wp-json\/wp\/v2\/types\/product"}],"replies":[{"embeddable":true,"href":"https:\/\/stoic-curie.212-227-153-4.plesk.page\/de\/wp-json\/wp\/v2\/comments?post=736482"}],"version-history":[{"count":0,"href":"https:\/\/stoic-curie.212-227-153-4.plesk.page\/de\/wp-json\/wp\/v2\/product\/736482\/revisions"}],"wp:featuredmedia":[{"embeddable":true,"href":"https:\/\/stoic-curie.212-227-153-4.plesk.page\/de\/wp-json\/wp\/v2\/media\/5944900"}],"wp:attachment":[{"href":"https:\/\/stoic-curie.212-227-153-4.plesk.page\/de\/wp-json\/wp\/v2\/media?parent=736482"}],"wp:term":[{"taxonomy":"product_brand","embeddable":true,"href":"https:\/\/stoic-curie.212-227-153-4.plesk.page\/de\/wp-json\/wp\/v2\/product_brand?post=736482"},{"taxonomy":"product_cat","embeddable":true,"href":"https:\/\/stoic-curie.212-227-153-4.plesk.page\/de\/wp-json\/wp\/v2\/product_cat?post=736482"},{"taxonomy":"product_tag","embeddable":true,"href":"https:\/\/stoic-curie.212-227-153-4.plesk.page\/de\/wp-json\/wp\/v2\/product_tag?post=736482"}],"curies":[{"name":"wp","href":"https:\/\/api.w.org\/{rel}","templated":true}]}}