{"id":736484,"date":"2025-03-03T16:32:20","date_gmt":"2025-03-03T15:32:20","guid":{"rendered":"https:\/\/stoic-curie.212-227-153-4.plesk.page\/producto\/endkappe-bowman-2736np-50mm-70mm\/"},"modified":"2026-02-24T23:35:07","modified_gmt":"2026-02-24T23:35:07","slug":"endkappe-bowman-2736np-50mm-70mm","status":"publish","type":"product","link":"https:\/\/stoic-curie.212-227-153-4.plesk.page\/de\/product\/endkappe-bowman-2736np-50mm-70mm\/","title":{"rendered":"Endkappe Bowman 2736NP (50mm &#038; 70mm)"},"content":{"rendered":"<p>Endkappe Bowman 2736NP (50mm &#038; 70mm) &#8211; Ersatz-Bowman-Gummiformkappe, die f\u00fcr Marine\u00f6lk\u00fchler und Rohrw\u00e4rme\u00fcbertrager entwickelt wurde. Sie sollten feststellen, dass Ihre aktuellen Bowman-Endkappen ihre Teilenummer eingepr\u00e4gt haben, um den ben\u00f6tigten Ersatz leicht zu identifizieren. Dies ist die Bowman-Teilenummer 2736NP, die eine gerade Auslass-Endkappe ist.<\/p>\n<p>Diese W\u00e4rme\u00fcbertrager-Endkappe ist geeignet f\u00fcr die folgenden Bowman-W\u00e4rme\u00fcbertrager: MS140-4296 und PE180-3075.<\/p>\n<h3>Technische Daten<\/h3>\n<table class='table'>\n<tbody>\n<tr>\n<td><strong>Marke<\/strong><\/td>\n<td>Bowman<\/td>\n<\/tr>\n<tr>\n<td><strong>Einlass Auslass<\/strong><\/td>\n<td>50mm<\/td>\n<\/tr>\n<tr>\n<td><strong>Ursprungsland<\/strong><\/td>\n<td>Vereinigtes K\u00f6nigreich<\/td>\n<\/tr>\n<tr>\n<td><strong>Winkel<\/strong><\/td>\n<td>Gerade<\/td>\n<\/tr>\n<tr>\n<td><strong>Bauweise<\/strong><\/td>\n<td>Gummi<\/td>\n<\/tr>\n<tr>\n<td><strong>Durchmesser<\/strong><\/td>\n<td>Einlass ID: 70mm, Einlass OD: 80mm. Auslass ID: 50mm, Auslass OD: 60mm.<\/td>\n<\/tr>\n<tr>\n<td><strong>Eignung<\/strong><\/td>\n<td>Marine\u00f6lk\u00fchler &#038; Rohrw\u00e4rme\u00fcbertrager. Bowman-W\u00e4rme\u00fcbertrager MS140-4296 &#038; PE180-3075.<\/td>\n<\/tr>\n<\/tbody>\n<\/table>\n","protected":false},"excerpt":{"rendered":"<p>Endkappe Bowman 2736NP (50mm &#038; 70mm) &#8211; Ersatz-Bowman-Gummiformkappe, die f\u00fcr Marine\u00f6lk\u00fchler und Rohrw\u00e4rme\u00fcbertrager entwickelt wurde. Sie sollten feststellen, dass Ihre<\/p>\n","protected":false},"featured_media":5944902,"comment_status":"open","ping_status":"closed","template":"","meta":[],"product_brand":[2845],"product_cat":[1503],"product_tag":[],"class_list":{"0":"post-736484","1":"product","2":"type-product","3":"status-publish","4":"has-post-thumbnail","6":"product_brand-bowman-de","7":"product_cat-waermetauscher-und-oelkuehler","9":"first","10":"instock","11":"shipping-taxable","12":"purchasable","13":"product-type-simple"},"_links":{"self":[{"href":"https:\/\/stoic-curie.212-227-153-4.plesk.page\/de\/wp-json\/wp\/v2\/product\/736484","targetHints":{"allow":["GET"]}}],"collection":[{"href":"https:\/\/stoic-curie.212-227-153-4.plesk.page\/de\/wp-json\/wp\/v2\/product"}],"about":[{"href":"https:\/\/stoic-curie.212-227-153-4.plesk.page\/de\/wp-json\/wp\/v2\/types\/product"}],"replies":[{"embeddable":true,"href":"https:\/\/stoic-curie.212-227-153-4.plesk.page\/de\/wp-json\/wp\/v2\/comments?post=736484"}],"version-history":[{"count":0,"href":"https:\/\/stoic-curie.212-227-153-4.plesk.page\/de\/wp-json\/wp\/v2\/product\/736484\/revisions"}],"wp:featuredmedia":[{"embeddable":true,"href":"https:\/\/stoic-curie.212-227-153-4.plesk.page\/de\/wp-json\/wp\/v2\/media\/5944902"}],"wp:attachment":[{"href":"https:\/\/stoic-curie.212-227-153-4.plesk.page\/de\/wp-json\/wp\/v2\/media?parent=736484"}],"wp:term":[{"taxonomy":"product_brand","embeddable":true,"href":"https:\/\/stoic-curie.212-227-153-4.plesk.page\/de\/wp-json\/wp\/v2\/product_brand?post=736484"},{"taxonomy":"product_cat","embeddable":true,"href":"https:\/\/stoic-curie.212-227-153-4.plesk.page\/de\/wp-json\/wp\/v2\/product_cat?post=736484"},{"taxonomy":"product_tag","embeddable":true,"href":"https:\/\/stoic-curie.212-227-153-4.plesk.page\/de\/wp-json\/wp\/v2\/product_tag?post=736484"}],"curies":[{"name":"wp","href":"https:\/\/api.w.org\/{rel}","templated":true}]}}