{"id":736485,"date":"2025-03-03T16:32:20","date_gmt":"2025-03-03T15:32:20","guid":{"rendered":"https:\/\/stoic-curie.212-227-153-4.plesk.page\/producto\/endkappe-bowman-2981np-45mm-id\/"},"modified":"2026-02-24T23:35:07","modified_gmt":"2026-02-24T23:35:07","slug":"endkappe-bowman-2981np-45mm-id","status":"publish","type":"product","link":"https:\/\/stoic-curie.212-227-153-4.plesk.page\/de\/product\/endkappe-bowman-2981np-45mm-id\/","title":{"rendered":"Endkappe Bowman 2981NP (45mm ID)"},"content":{"rendered":"<p>Endkappe Bowman 2981NP (45mm ID) &#8211; Der Ersatz-Bowman-Gummiformkappe ist f\u00fcr die Manifolds von Kiel gek\u00fchlten W\u00e4rme\u00fcbertragern ausgelegt. Sie sollten feststellen, dass Ihre aktuellen Bowman-Endkappen ihre Ersatzteilnummer aufgedruckt haben, um die ben\u00f6tigte Ersatzkappe leicht zu identifizieren. Dies ist die Bowman-Teilenummer 2981NP, die eine Blendenkappe ist.<\/p>\n","protected":false},"excerpt":{"rendered":"<p>Endkappe Bowman 2981NP (45mm ID) &#8211; Der Ersatz-Bowman-Gummiformkappe ist f\u00fcr die Manifolds von Kiel gek\u00fchlten W\u00e4rme\u00fcbertragern ausgelegt. Sie sollten feststellen,<\/p>\n","protected":false},"featured_media":5944903,"comment_status":"open","ping_status":"closed","template":"","meta":[],"product_brand":[2845],"product_cat":[1503],"product_tag":[],"class_list":{"0":"post-736485","1":"product","2":"type-product","3":"status-publish","4":"has-post-thumbnail","6":"product_brand-bowman-de","7":"product_cat-waermetauscher-und-oelkuehler","9":"first","10":"instock","11":"shipping-taxable","12":"purchasable","13":"product-type-simple"},"_links":{"self":[{"href":"https:\/\/stoic-curie.212-227-153-4.plesk.page\/de\/wp-json\/wp\/v2\/product\/736485","targetHints":{"allow":["GET"]}}],"collection":[{"href":"https:\/\/stoic-curie.212-227-153-4.plesk.page\/de\/wp-json\/wp\/v2\/product"}],"about":[{"href":"https:\/\/stoic-curie.212-227-153-4.plesk.page\/de\/wp-json\/wp\/v2\/types\/product"}],"replies":[{"embeddable":true,"href":"https:\/\/stoic-curie.212-227-153-4.plesk.page\/de\/wp-json\/wp\/v2\/comments?post=736485"}],"version-history":[{"count":0,"href":"https:\/\/stoic-curie.212-227-153-4.plesk.page\/de\/wp-json\/wp\/v2\/product\/736485\/revisions"}],"wp:featuredmedia":[{"embeddable":true,"href":"https:\/\/stoic-curie.212-227-153-4.plesk.page\/de\/wp-json\/wp\/v2\/media\/5944903"}],"wp:attachment":[{"href":"https:\/\/stoic-curie.212-227-153-4.plesk.page\/de\/wp-json\/wp\/v2\/media?parent=736485"}],"wp:term":[{"taxonomy":"product_brand","embeddable":true,"href":"https:\/\/stoic-curie.212-227-153-4.plesk.page\/de\/wp-json\/wp\/v2\/product_brand?post=736485"},{"taxonomy":"product_cat","embeddable":true,"href":"https:\/\/stoic-curie.212-227-153-4.plesk.page\/de\/wp-json\/wp\/v2\/product_cat?post=736485"},{"taxonomy":"product_tag","embeddable":true,"href":"https:\/\/stoic-curie.212-227-153-4.plesk.page\/de\/wp-json\/wp\/v2\/product_tag?post=736485"}],"curies":[{"name":"wp","href":"https:\/\/api.w.org\/{rel}","templated":true}]}}