{"id":736486,"date":"2025-03-03T16:32:20","date_gmt":"2025-03-03T15:32:20","guid":{"rendered":"https:\/\/stoic-curie.212-227-153-4.plesk.page\/producto\/endkappe-bowman-3186np-90-grad-28mm-70mm-id\/"},"modified":"2026-02-24T23:35:07","modified_gmt":"2026-02-24T23:35:07","slug":"endkappe-bowman-3186np-90-grad-28mm-70mm-id","status":"publish","type":"product","link":"https:\/\/stoic-curie.212-227-153-4.plesk.page\/de\/product\/endkappe-bowman-3186np-90-grad-28mm-70mm-id\/","title":{"rendered":"Endkappe Bowman 3186NP 90 Grad (28mm &#038; 70mm ID)"},"content":{"rendered":"<p>Endkappe Bowman 3186NP 90 Grad (28mm &#038; 70mm ID) &#8211; <\/p>\n<div class=\"col-24 col-md-15\">\n<p>Ersetzt die Gummiformteile von Bowman, die f\u00fcr marine W\u00e4rme\u00fcbertrager manifolds entwickelt wurden. Ihre aktuellen Bowman-Endkappen sollten ihre Teilenummer aufgedruckt haben, um die ben\u00f6tigte Ersetzung leicht zu identifizieren. Dies ist die Bowman Teilnummer 3186NP, die eine 90-Grad-Auslassendkappen ist.<\/p>\n<p>Dieser W\u00e4rme\u00fcbertrager-Endkappen ist f\u00fcr den Einsatz mit folgenden Bowman-W\u00e4rme\u00fcbertragern geeignet: BL570, FM242, FM300, FM400, FM450, FM452, FM600, FM602, FM662, FM700, GM370, GM550, MB220, MB300, MB380, PE250, PE390, PE580, VW160 und VW240.<\/p>\n<p>Ersetzt: Thornycroft-Endkappe 54384098.<\/p>\n<\/div>\n<h3>Spezifikationen<\/h3>\n<table class=\"table\">\n<tbody>\n<tr>\n<td><strong>Marke<\/strong><\/td>\n<td>Bowman<\/td>\n<\/tr>\n<tr>\n<td><strong>Einlass Auslass<\/strong><\/td>\n<td>28mm<\/td>\n<\/tr>\n<tr>\n<td><strong>Herkunftsland<\/strong><\/td>\n<td>Vereinigtes K\u00f6nigreich<\/td>\n<\/tr>\n<tr>\n<td><strong>Winkel<\/strong><\/td>\n<td>90 Grad<\/td>\n<\/tr>\n<tr>\n<td><strong>Konstruktion<\/strong><\/td>\n<td>Gummi<\/td>\n<\/tr>\n<tr>\n<td><strong>Durchmesser<\/strong><\/td>\n<td>Einlass ID: 70mm, Einlass OD: 80mm. Auslass ID: 28mm, Auslass OD: 38mm. K\u00f6rper ID: 51mm, K\u00f6rper OD: 60mm.<\/td>\n<\/tr>\n<tr>\n<td><strong>Ersetzt<\/strong><\/td>\n<td>Thornycroft Endkappe 54384098.<\/td>\n<\/tr>\n<tr>\n<td><strong>Eignung<\/strong><\/td>\n<td>Bowman W\u00e4rme\u00fcbertrager BL570, FM242, FM300, FM400, FM450, FM452, FM600, FM602, FM662, FM700, GM370, GM550, MB220, MB300, MB380, PE250, PE390, PE580, VW160, VW240.<\/td>\n<\/tr>\n<\/tbody>\n<\/table>\n","protected":false},"excerpt":{"rendered":"<p>Endkappe Bowman 3186NP 90 Grad (28mm &#038; 70mm ID) &#8211; Ersetzt die Gummiformteile von Bowman, die f\u00fcr marine W\u00e4rme\u00fcbertrager manifolds<\/p>\n","protected":false},"featured_media":5944904,"comment_status":"open","ping_status":"closed","template":"","meta":[],"product_brand":[2845],"product_cat":[1503],"product_tag":[],"class_list":{"0":"post-736486","1":"product","2":"type-product","3":"status-publish","4":"has-post-thumbnail","6":"product_brand-bowman-de","7":"product_cat-waermetauscher-und-oelkuehler","9":"first","10":"instock","11":"shipping-taxable","12":"purchasable","13":"product-type-simple"},"_links":{"self":[{"href":"https:\/\/stoic-curie.212-227-153-4.plesk.page\/de\/wp-json\/wp\/v2\/product\/736486","targetHints":{"allow":["GET"]}}],"collection":[{"href":"https:\/\/stoic-curie.212-227-153-4.plesk.page\/de\/wp-json\/wp\/v2\/product"}],"about":[{"href":"https:\/\/stoic-curie.212-227-153-4.plesk.page\/de\/wp-json\/wp\/v2\/types\/product"}],"replies":[{"embeddable":true,"href":"https:\/\/stoic-curie.212-227-153-4.plesk.page\/de\/wp-json\/wp\/v2\/comments?post=736486"}],"version-history":[{"count":0,"href":"https:\/\/stoic-curie.212-227-153-4.plesk.page\/de\/wp-json\/wp\/v2\/product\/736486\/revisions"}],"wp:featuredmedia":[{"embeddable":true,"href":"https:\/\/stoic-curie.212-227-153-4.plesk.page\/de\/wp-json\/wp\/v2\/media\/5944904"}],"wp:attachment":[{"href":"https:\/\/stoic-curie.212-227-153-4.plesk.page\/de\/wp-json\/wp\/v2\/media?parent=736486"}],"wp:term":[{"taxonomy":"product_brand","embeddable":true,"href":"https:\/\/stoic-curie.212-227-153-4.plesk.page\/de\/wp-json\/wp\/v2\/product_brand?post=736486"},{"taxonomy":"product_cat","embeddable":true,"href":"https:\/\/stoic-curie.212-227-153-4.plesk.page\/de\/wp-json\/wp\/v2\/product_cat?post=736486"},{"taxonomy":"product_tag","embeddable":true,"href":"https:\/\/stoic-curie.212-227-153-4.plesk.page\/de\/wp-json\/wp\/v2\/product_tag?post=736486"}],"curies":[{"name":"wp","href":"https:\/\/api.w.org\/{rel}","templated":true}]}}