{"id":736487,"date":"2025-03-03T16:32:20","date_gmt":"2025-03-03T15:32:20","guid":{"rendered":"https:\/\/stoic-curie.212-227-153-4.plesk.page\/producto\/endkappe-bowman-3187np-90-28-51mm\/"},"modified":"2026-02-24T23:35:07","modified_gmt":"2026-02-24T23:35:07","slug":"endkappe-bowman-3187np-90-28-51mm","status":"publish","type":"product","link":"https:\/\/stoic-curie.212-227-153-4.plesk.page\/de\/product\/endkappe-bowman-3187np-90-28-51mm\/","title":{"rendered":"Endkappe Bowman 3187NP 90\u00b0 (28\/51mm)"},"content":{"rendered":"<p>Endkappe Bowman 3187NP 90\u00b0 (28\/51mm) &#8211; Ersatz Bowman Gummiformkappe, entworfen f\u00fcr marine \u00d6l\u00fcbertrager und Rohrw\u00e4rme\u00fcbertrager. Sie sollten feststellen, dass Ihre aktuellen Bowman-Endkappen ihre Ersatzteilnummer eingestanzt haben, um die ben\u00f6tigte Ersatzteilnummer leicht zu identifizieren. Dies ist die Bowman-Teilenummer 3187NP, die eine 90-Grad-Ausgangskappe ist.<\/p>\n<p>Ersatz f\u00fcr Thornycroft Endkappe 54383790.<\/p>\n<h3>Speifikationen<\/h3>\n<table class='table'>\n<tbody>\n<tr>\n<td><strong>Marke<\/strong><\/td>\n<td>Bowman<\/td>\n<\/tr>\n<tr>\n<td><strong>Einlass-Auslass<\/strong><\/td>\n<td>28mm<\/td>\n<\/tr>\n<tr>\n<td><strong>Herkunftsland<\/strong><\/td>\n<td>Vereinigtes K\u00f6nigreich<\/td>\n<\/tr>\n<tr>\n<td><strong>Winkel<\/strong><\/td>\n<td>90 Grad<\/td>\n<\/tr>\n<tr>\n<td><strong>Konstruktion<\/strong><\/td>\n<td>Gummi<\/td>\n<\/tr>\n<tr>\n<td><strong>Durchmesser<\/strong><\/td>\n<td>Einlass ID: 51mm, Einlass OD: 60mm. Auslass ID: 28mm, Auslass OD: 38mm.<\/td>\n<\/tr>\n<tr>\n<td><strong>Ersatz f\u00fcr<\/strong><\/td>\n<td>Thornycroft Endkappe 54383790<\/td>\n<\/tr>\n<tr>\n<td><strong>Geeignet f\u00fcr<\/strong><\/td>\n<td>Marine \u00d6l\u00fcbertrager &#038; Rohrw\u00e4rme\u00fcbertrager.<\/td>\n<\/tr>\n<\/tbody>\n<\/table>\n","protected":false},"excerpt":{"rendered":"<p>Endkappe Bowman 3187NP 90\u00b0 (28\/51mm) &#8211; Ersatz Bowman Gummiformkappe, entworfen f\u00fcr marine \u00d6l\u00fcbertrager und Rohrw\u00e4rme\u00fcbertrager. Sie sollten feststellen, dass Ihre<\/p>\n","protected":false},"featured_media":5944905,"comment_status":"open","ping_status":"closed","template":"","meta":[],"product_brand":[2845],"product_cat":[1503],"product_tag":[],"class_list":{"0":"post-736487","1":"product","2":"type-product","3":"status-publish","4":"has-post-thumbnail","6":"product_brand-bowman-de","7":"product_cat-waermetauscher-und-oelkuehler","9":"first","10":"instock","11":"shipping-taxable","12":"purchasable","13":"product-type-simple"},"_links":{"self":[{"href":"https:\/\/stoic-curie.212-227-153-4.plesk.page\/de\/wp-json\/wp\/v2\/product\/736487","targetHints":{"allow":["GET"]}}],"collection":[{"href":"https:\/\/stoic-curie.212-227-153-4.plesk.page\/de\/wp-json\/wp\/v2\/product"}],"about":[{"href":"https:\/\/stoic-curie.212-227-153-4.plesk.page\/de\/wp-json\/wp\/v2\/types\/product"}],"replies":[{"embeddable":true,"href":"https:\/\/stoic-curie.212-227-153-4.plesk.page\/de\/wp-json\/wp\/v2\/comments?post=736487"}],"version-history":[{"count":0,"href":"https:\/\/stoic-curie.212-227-153-4.plesk.page\/de\/wp-json\/wp\/v2\/product\/736487\/revisions"}],"wp:featuredmedia":[{"embeddable":true,"href":"https:\/\/stoic-curie.212-227-153-4.plesk.page\/de\/wp-json\/wp\/v2\/media\/5944905"}],"wp:attachment":[{"href":"https:\/\/stoic-curie.212-227-153-4.plesk.page\/de\/wp-json\/wp\/v2\/media?parent=736487"}],"wp:term":[{"taxonomy":"product_brand","embeddable":true,"href":"https:\/\/stoic-curie.212-227-153-4.plesk.page\/de\/wp-json\/wp\/v2\/product_brand?post=736487"},{"taxonomy":"product_cat","embeddable":true,"href":"https:\/\/stoic-curie.212-227-153-4.plesk.page\/de\/wp-json\/wp\/v2\/product_cat?post=736487"},{"taxonomy":"product_tag","embeddable":true,"href":"https:\/\/stoic-curie.212-227-153-4.plesk.page\/de\/wp-json\/wp\/v2\/product_tag?post=736487"}],"curies":[{"name":"wp","href":"https:\/\/api.w.org\/{rel}","templated":true}]}}