{"id":736488,"date":"2025-03-03T16:32:20","date_gmt":"2025-03-03T15:32:20","guid":{"rendered":"https:\/\/stoic-curie.212-227-153-4.plesk.page\/producto\/endkappe-bowman-3192np-28mm-90mm\/"},"modified":"2026-02-24T23:35:07","modified_gmt":"2026-02-24T23:35:07","slug":"endkappe-bowman-3192np-28mm-90mm","status":"publish","type":"product","link":"https:\/\/stoic-curie.212-227-153-4.plesk.page\/de\/product\/endkappe-bowman-3192np-28mm-90mm\/","title":{"rendered":"Endkappe Bowman 3192NP (28mm &#038; 90mm)"},"content":{"rendered":"<p>Endkappe Bowman 3192NP (28mm &#038; 90mm) &#8211; <\/p>\n<div class=\"col-24 col-md-15\">\n<p>Ersetzungs- Bowman Gummiformkappe, entworfen f\u00fcr marine W\u00e4rme\u00fcbertrager Manifolds. Sie sollten feststellen, dass Ihre aktuellen Bowman-Endkappen ihre Teilenummer eingedr\u00fcckt haben, um die ben\u00f6tigte Ersetzung leicht zu identifizieren. Dies ist die Bowman-Teilenummer 3192NP, die eine 90-Grad-Ausgangs-Endkappe ist.<\/p>\n<p>Diese W\u00e4rme\u00fcbertrager-Endkappe eignet sich zur Verwendung mit den folgenden Bowman-W\u00e4rme\u00fcbertragern: FM600-3801, FM660-3360, MB570-3280, FM300-3799, FM402-4091 und LR250-3736KC.<\/p>\n<\/div>\n<h3>Spezifikationen<\/h3>\n<table class=\"table\">\n<tbody>\n<tr>\n<td><strong>Marke<\/strong><\/td>\n<td>Bowman<\/td>\n<\/tr>\n<tr>\n<td><strong>Eingang Ausgang<\/strong><\/td>\n<td>28mm<\/td>\n<\/tr>\n<tr>\n<td><strong>Herkunftsland<\/strong><\/td>\n<td>Vereinigtes K\u00f6nigreich<\/td>\n<\/tr>\n<tr>\n<td><strong>Winkel<\/strong><\/td>\n<td>90 Grad<\/td>\n<\/tr>\n<tr>\n<td><strong>Bauweise<\/strong><\/td>\n<td>Gummi<\/td>\n<\/tr>\n<tr>\n<td><strong>Durchmesser<\/strong><\/td>\n<td>Eingang ID: 90mm, Eingang OD: 103mm. Ausgang ID: 28mm, Ausgang OD: 42mm. K\u00f6rper ID: 68mm, K\u00f6rper OD: 80mm.<\/td>\n<\/tr>\n<tr>\n<td><strong>Eignung<\/strong><\/td>\n<td>Bowman W\u00e4rme\u00fcbertrager FM600-3801, FM660-3360, MB570-3280, FM300-3799, FM402-4091 &#038; LR250-3736KC.<\/td>\n<\/tr>\n<\/tbody>\n<\/table>\n","protected":false},"excerpt":{"rendered":"<p>Endkappe Bowman 3192NP (28mm &#038; 90mm) &#8211; Ersetzungs- Bowman Gummiformkappe, entworfen f\u00fcr marine W\u00e4rme\u00fcbertrager Manifolds. Sie sollten feststellen, dass Ihre<\/p>\n","protected":false},"featured_media":5944906,"comment_status":"open","ping_status":"closed","template":"","meta":[],"product_brand":[2845],"product_cat":[1503],"product_tag":[],"class_list":{"0":"post-736488","1":"product","2":"type-product","3":"status-publish","4":"has-post-thumbnail","6":"product_brand-bowman-de","7":"product_cat-waermetauscher-und-oelkuehler","9":"first","10":"instock","11":"shipping-taxable","12":"purchasable","13":"product-type-simple"},"_links":{"self":[{"href":"https:\/\/stoic-curie.212-227-153-4.plesk.page\/de\/wp-json\/wp\/v2\/product\/736488","targetHints":{"allow":["GET"]}}],"collection":[{"href":"https:\/\/stoic-curie.212-227-153-4.plesk.page\/de\/wp-json\/wp\/v2\/product"}],"about":[{"href":"https:\/\/stoic-curie.212-227-153-4.plesk.page\/de\/wp-json\/wp\/v2\/types\/product"}],"replies":[{"embeddable":true,"href":"https:\/\/stoic-curie.212-227-153-4.plesk.page\/de\/wp-json\/wp\/v2\/comments?post=736488"}],"version-history":[{"count":0,"href":"https:\/\/stoic-curie.212-227-153-4.plesk.page\/de\/wp-json\/wp\/v2\/product\/736488\/revisions"}],"wp:featuredmedia":[{"embeddable":true,"href":"https:\/\/stoic-curie.212-227-153-4.plesk.page\/de\/wp-json\/wp\/v2\/media\/5944906"}],"wp:attachment":[{"href":"https:\/\/stoic-curie.212-227-153-4.plesk.page\/de\/wp-json\/wp\/v2\/media?parent=736488"}],"wp:term":[{"taxonomy":"product_brand","embeddable":true,"href":"https:\/\/stoic-curie.212-227-153-4.plesk.page\/de\/wp-json\/wp\/v2\/product_brand?post=736488"},{"taxonomy":"product_cat","embeddable":true,"href":"https:\/\/stoic-curie.212-227-153-4.plesk.page\/de\/wp-json\/wp\/v2\/product_cat?post=736488"},{"taxonomy":"product_tag","embeddable":true,"href":"https:\/\/stoic-curie.212-227-153-4.plesk.page\/de\/wp-json\/wp\/v2\/product_tag?post=736488"}],"curies":[{"name":"wp","href":"https:\/\/api.w.org\/{rel}","templated":true}]}}