{"id":736489,"date":"2025-03-03T16:32:21","date_gmt":"2025-03-03T15:32:21","guid":{"rendered":"https:\/\/stoic-curie.212-227-153-4.plesk.page\/producto\/endkappe-bowman-3251np-22mm-70mm\/"},"modified":"2026-02-24T23:35:07","modified_gmt":"2026-02-24T23:35:07","slug":"endkappe-bowman-3251np-22mm-70mm","status":"publish","type":"product","link":"https:\/\/stoic-curie.212-227-153-4.plesk.page\/de\/product\/endkappe-bowman-3251np-22mm-70mm\/","title":{"rendered":"Endkappe Bowman 3251NP (22mm &#038; 70mm)"},"content":{"rendered":"<p>Endkappe Bowman 3251NP (22mm &#038; 70mm) &#8211; Ersatz-Endkappe von Bowman, aus Gummi gefertigt und f\u00fcr marine W\u00e4rmetauscher-Manifolds konzipiert. Ihre aktuellen Bowman-Endkappen sollten mit ihrer Teilenummer gepr\u00e4gt sein, um die ben\u00f6tigte Ersatzkappe leicht zu identifizieren. Dies ist die Bowman-Teilenummer 3251NP, die eine gerade Auslass-Endkappe ist. Diese W\u00e4rmetauscher-Endkappe eignet sich f\u00fcr die folgenden Bowman-W\u00e4rmetauscher: ML120-3992, ML130-3993, BL180-3318, BL250-3325, FM240-3013, FM662-3886 und MK140-3997KC. Sie kann die Perkins-Endkappen 24865264 und 24860166 ersetzen.<\/p>\n","protected":false},"excerpt":{"rendered":"<p>Endkappe Bowman 3251NP (22mm &#038; 70mm) &#8211; Ersatz-Endkappe von Bowman, aus Gummi gefertigt und f\u00fcr marine W\u00e4rmetauscher-Manifolds konzipiert. Ihre aktuellen<\/p>\n","protected":false},"featured_media":5944907,"comment_status":"open","ping_status":"closed","template":"","meta":[],"product_brand":[2845],"product_cat":[1503],"product_tag":[],"class_list":{"0":"post-736489","1":"product","2":"type-product","3":"status-publish","4":"has-post-thumbnail","6":"product_brand-bowman-de","7":"product_cat-waermetauscher-und-oelkuehler","9":"first","10":"instock","11":"shipping-taxable","12":"purchasable","13":"product-type-simple"},"_links":{"self":[{"href":"https:\/\/stoic-curie.212-227-153-4.plesk.page\/de\/wp-json\/wp\/v2\/product\/736489","targetHints":{"allow":["GET"]}}],"collection":[{"href":"https:\/\/stoic-curie.212-227-153-4.plesk.page\/de\/wp-json\/wp\/v2\/product"}],"about":[{"href":"https:\/\/stoic-curie.212-227-153-4.plesk.page\/de\/wp-json\/wp\/v2\/types\/product"}],"replies":[{"embeddable":true,"href":"https:\/\/stoic-curie.212-227-153-4.plesk.page\/de\/wp-json\/wp\/v2\/comments?post=736489"}],"version-history":[{"count":0,"href":"https:\/\/stoic-curie.212-227-153-4.plesk.page\/de\/wp-json\/wp\/v2\/product\/736489\/revisions"}],"wp:featuredmedia":[{"embeddable":true,"href":"https:\/\/stoic-curie.212-227-153-4.plesk.page\/de\/wp-json\/wp\/v2\/media\/5944907"}],"wp:attachment":[{"href":"https:\/\/stoic-curie.212-227-153-4.plesk.page\/de\/wp-json\/wp\/v2\/media?parent=736489"}],"wp:term":[{"taxonomy":"product_brand","embeddable":true,"href":"https:\/\/stoic-curie.212-227-153-4.plesk.page\/de\/wp-json\/wp\/v2\/product_brand?post=736489"},{"taxonomy":"product_cat","embeddable":true,"href":"https:\/\/stoic-curie.212-227-153-4.plesk.page\/de\/wp-json\/wp\/v2\/product_cat?post=736489"},{"taxonomy":"product_tag","embeddable":true,"href":"https:\/\/stoic-curie.212-227-153-4.plesk.page\/de\/wp-json\/wp\/v2\/product_tag?post=736489"}],"curies":[{"name":"wp","href":"https:\/\/api.w.org\/{rel}","templated":true}]}}