{"id":736491,"date":"2025-03-03T16:32:21","date_gmt":"2025-03-03T15:32:21","guid":{"rendered":"https:\/\/stoic-curie.212-227-153-4.plesk.page\/producto\/endkappe-bowman-3366np-28mm-51mm\/"},"modified":"2026-02-24T23:35:07","modified_gmt":"2026-02-24T23:35:07","slug":"endkappe-bowman-3366np-28mm-51mm","status":"publish","type":"product","link":"https:\/\/stoic-curie.212-227-153-4.plesk.page\/de\/product\/endkappe-bowman-3366np-28mm-51mm\/","title":{"rendered":"Endkappe Bowman 3366NP (28mm &#038; 51mm)"},"content":{"rendered":"<p>Endkappe Bowman 3366NP (28mm &#038; 51mm) &#8211; Ersatz-Bowman gummigegossene Endkappe, entworfen f\u00fcr Marine-\u00d6lk\u00fchler und Rohr-W\u00e4rme\u00fcbertrager. Ihre aktuellen Bowman-Endkappen sollten mit der Teilenummer gepr\u00e4gt sein, damit Sie die ben\u00f6tigte Ersetzung leicht identifizieren k\u00f6nnen. Dies ist die Bowman-Teilenummer 3366NP, die eine gerade Abgangendkappe ist.<\/p>\n<p>Diese W\u00e4rme\u00fcbertrager-Endkappe eignet sich zur Verwendung mit den folgenden Bowman-\u00d6lk\u00fchlers: DC60 &#8211; XBB, DC90 &#8211; XBB, DC120 &#8211; XBB, DC60 &#8211; YBB, DC90 &#8211; YBB und DC120 &#8211; YBB.<\/p>\n<p>Kann die Thornycroft-Endkappe 54010193 ersetzen.<\/p>\n<h3>Spezifikationen<\/h3>\n<table class='table'>\n<tbody>\n<tr>\n<td><strong>Marke<\/strong><\/td>\n<td>Bowman<\/td>\n<\/tr>\n<tr>\n<td><strong>Einlass Auslass<\/strong><\/td>\n<td>28mm<\/td>\n<\/tr>\n<tr>\n<td><strong>Herkunft<\/strong><\/td>\n<td>Vereinigtes K\u00f6nigreich<\/td>\n<\/tr>\n<tr>\n<td><strong>Winkel<\/strong><\/td>\n<td>Gerade<\/td>\n<\/tr>\n<tr>\n<td><strong>Bauweise<\/strong><\/td>\n<td>Gummi<\/td>\n<\/tr>\n<tr>\n<td><strong>Durchmesser<\/strong><\/td>\n<td>Einlass ID: 51mm, Einlass OD: 60mm. Auslass ID: 28mm, Auslass OD: 38mm.<\/td>\n<\/tr>\n<tr>\n<td><strong>Ersetzt<\/strong><\/td>\n<td>Thornycroft-Endkappe 54010193<\/td>\n<\/tr>\n<tr>\n<td><strong>Eignung<\/strong><\/td>\n<td>Marine-\u00d6lk\u00fchler &#038; Rohr-W\u00e4rme\u00fcbertrager. Bowman-\u00d6lk\u00fchler: DC60 &#8211; XBB, DC90 &#8211; XBB, DC120 &#8211; XBB, DC60 &#8211; YBB, DC90 &#8211; YBB &#038; DC120 &#8211; YBB.<\/td>\n<\/tr>\n<\/tbody>\n<\/table>\n","protected":false},"excerpt":{"rendered":"<p>Endkappe Bowman 3366NP (28mm &#038; 51mm) &#8211; Ersatz-Bowman gummigegossene Endkappe, entworfen f\u00fcr Marine-\u00d6lk\u00fchler und Rohr-W\u00e4rme\u00fcbertrager. Ihre aktuellen Bowman-Endkappen sollten mit<\/p>\n","protected":false},"featured_media":5944909,"comment_status":"open","ping_status":"closed","template":"","meta":[],"product_brand":[2845],"product_cat":[1503],"product_tag":[],"class_list":{"0":"post-736491","1":"product","2":"type-product","3":"status-publish","4":"has-post-thumbnail","6":"product_brand-bowman-de","7":"product_cat-waermetauscher-und-oelkuehler","9":"first","10":"instock","11":"shipping-taxable","12":"purchasable","13":"product-type-simple"},"_links":{"self":[{"href":"https:\/\/stoic-curie.212-227-153-4.plesk.page\/de\/wp-json\/wp\/v2\/product\/736491","targetHints":{"allow":["GET"]}}],"collection":[{"href":"https:\/\/stoic-curie.212-227-153-4.plesk.page\/de\/wp-json\/wp\/v2\/product"}],"about":[{"href":"https:\/\/stoic-curie.212-227-153-4.plesk.page\/de\/wp-json\/wp\/v2\/types\/product"}],"replies":[{"embeddable":true,"href":"https:\/\/stoic-curie.212-227-153-4.plesk.page\/de\/wp-json\/wp\/v2\/comments?post=736491"}],"version-history":[{"count":0,"href":"https:\/\/stoic-curie.212-227-153-4.plesk.page\/de\/wp-json\/wp\/v2\/product\/736491\/revisions"}],"wp:featuredmedia":[{"embeddable":true,"href":"https:\/\/stoic-curie.212-227-153-4.plesk.page\/de\/wp-json\/wp\/v2\/media\/5944909"}],"wp:attachment":[{"href":"https:\/\/stoic-curie.212-227-153-4.plesk.page\/de\/wp-json\/wp\/v2\/media?parent=736491"}],"wp:term":[{"taxonomy":"product_brand","embeddable":true,"href":"https:\/\/stoic-curie.212-227-153-4.plesk.page\/de\/wp-json\/wp\/v2\/product_brand?post=736491"},{"taxonomy":"product_cat","embeddable":true,"href":"https:\/\/stoic-curie.212-227-153-4.plesk.page\/de\/wp-json\/wp\/v2\/product_cat?post=736491"},{"taxonomy":"product_tag","embeddable":true,"href":"https:\/\/stoic-curie.212-227-153-4.plesk.page\/de\/wp-json\/wp\/v2\/product_tag?post=736491"}],"curies":[{"name":"wp","href":"https:\/\/api.w.org\/{rel}","templated":true}]}}