{"id":736493,"date":"2025-03-03T16:32:22","date_gmt":"2025-03-03T15:32:22","guid":{"rendered":"https:\/\/stoic-curie.212-227-153-4.plesk.page\/producto\/endkappe-bowman-3419np-51mm-70mm\/"},"modified":"2026-02-24T23:35:07","modified_gmt":"2026-02-24T23:35:07","slug":"endkappe-bowman-3419np-51mm-70mm","status":"publish","type":"product","link":"https:\/\/stoic-curie.212-227-153-4.plesk.page\/de\/product\/endkappe-bowman-3419np-51mm-70mm\/","title":{"rendered":"Endkappe Bowman 3419NP (51mm &#038; 70mm)"},"content":{"rendered":"<p>Endkappe Bowman 3419NP (51mm &#038; 70mm) &#8211; <\/p>\n<div class=\"col-24 col-md-15\">\n<p>Die Ersatzkappe aus Gummi von Bowman ist f\u00fcr die K\u00fchlmanschetten von Kiel gek\u00fchlten W\u00e4rmetauschern konzipiert. Sie sollten feststellen, dass Ihre aktuellen Bowman-Endkappen ihre Ersatzteilnummer darauf eingepr\u00e4gt haben, um die ben\u00f6tigte Ersatzkappe leicht zu identifizieren. Dies ist die Ersatzteilnummer 3419NP von Bowman, die eine Stopfenkappe ist.<\/p>\n<p>Diese W\u00e4rmetauscher-Endkappe ist geeignet f\u00fcr die folgenden Bowman-W\u00e4rmetauscher: BL180, BL250, BL380, BL570, FM160, FM162, FM180, FM240, FM242, FM300, FM400, FM450, FM452, FM600, FM602, FM660, FM662, GM370, GM550, LR250, MB180, MB220, MB300, MB380, MB570, MK130, MK140, ML120, ML130, MS130, MS140, PE180, PE250, PE390, PE580, VW150, VW160 und VW240.<\/p>\n<p>Ersetzt Thornycroft 54382778.<\/p>\n<\/div>\n<h3>Spezifikationen<\/h3>\n<table class=\"table\">\n<tbody>\n<tr>\n<td><strong>Marke<\/strong><\/td>\n<td>Bowman<\/td>\n<\/tr>\n<tr>\n<td><strong>Einlass Ausgang<\/strong><\/td>\n<td>Stopfenkappe<\/td>\n<\/tr>\n<tr>\n<td><strong>Herkunftsland<\/strong><\/td>\n<td>Vereinigtes K\u00f6nigreich<\/td>\n<\/tr>\n<tr>\n<td><strong>Winkel<\/strong><\/td>\n<td>Gerade<\/td>\n<\/tr>\n<tr>\n<td><strong>Material<\/strong><\/td>\n<td>Gummi<\/td>\n<\/tr>\n<tr>\n<td><strong>Durchmesser<\/strong><\/td>\n<td>Einlass ID: 70mm, Einlass OD: 80mm. K\u00f6rper ID: 51mm, K\u00f6rper OD: 60mm.<\/td>\n<\/tr>\n<tr>\n<td><strong>Ersetzt<\/strong><\/td>\n<td>Thornycroft 54382778<\/td>\n<\/tr>\n<tr>\n<td><strong>Eignung<\/strong><\/td>\n<td>Bowman-Kiel gek\u00fchlte W\u00e4rmetauscher \u2013 Bitte sehen Sie die Beschreibung f\u00fcr die W\u00e4rmetauscher, zu denen diese Stopfenendkappe passt.<\/td>\n<\/tr>\n<\/tbody>\n<\/table>\n","protected":false},"excerpt":{"rendered":"<p>Endkappe Bowman 3419NP (51mm &#038; 70mm) &#8211; Die Ersatzkappe aus Gummi von Bowman ist f\u00fcr die K\u00fchlmanschetten von Kiel gek\u00fchlten<\/p>\n","protected":false},"featured_media":5944911,"comment_status":"open","ping_status":"closed","template":"","meta":[],"product_brand":[2845],"product_cat":[1503],"product_tag":[],"class_list":{"0":"post-736493","1":"product","2":"type-product","3":"status-publish","4":"has-post-thumbnail","6":"product_brand-bowman-de","7":"product_cat-waermetauscher-und-oelkuehler","9":"first","10":"instock","11":"shipping-taxable","12":"purchasable","13":"product-type-simple"},"_links":{"self":[{"href":"https:\/\/stoic-curie.212-227-153-4.plesk.page\/de\/wp-json\/wp\/v2\/product\/736493","targetHints":{"allow":["GET"]}}],"collection":[{"href":"https:\/\/stoic-curie.212-227-153-4.plesk.page\/de\/wp-json\/wp\/v2\/product"}],"about":[{"href":"https:\/\/stoic-curie.212-227-153-4.plesk.page\/de\/wp-json\/wp\/v2\/types\/product"}],"replies":[{"embeddable":true,"href":"https:\/\/stoic-curie.212-227-153-4.plesk.page\/de\/wp-json\/wp\/v2\/comments?post=736493"}],"version-history":[{"count":0,"href":"https:\/\/stoic-curie.212-227-153-4.plesk.page\/de\/wp-json\/wp\/v2\/product\/736493\/revisions"}],"wp:featuredmedia":[{"embeddable":true,"href":"https:\/\/stoic-curie.212-227-153-4.plesk.page\/de\/wp-json\/wp\/v2\/media\/5944911"}],"wp:attachment":[{"href":"https:\/\/stoic-curie.212-227-153-4.plesk.page\/de\/wp-json\/wp\/v2\/media?parent=736493"}],"wp:term":[{"taxonomy":"product_brand","embeddable":true,"href":"https:\/\/stoic-curie.212-227-153-4.plesk.page\/de\/wp-json\/wp\/v2\/product_brand?post=736493"},{"taxonomy":"product_cat","embeddable":true,"href":"https:\/\/stoic-curie.212-227-153-4.plesk.page\/de\/wp-json\/wp\/v2\/product_cat?post=736493"},{"taxonomy":"product_tag","embeddable":true,"href":"https:\/\/stoic-curie.212-227-153-4.plesk.page\/de\/wp-json\/wp\/v2\/product_tag?post=736493"}],"curies":[{"name":"wp","href":"https:\/\/api.w.org\/{rel}","templated":true}]}}