{"id":736494,"date":"2025-03-03T16:32:22","date_gmt":"2025-03-03T15:32:22","guid":{"rendered":"https:\/\/stoic-curie.212-227-153-4.plesk.page\/producto\/endkappe-bowman-3421np-68mm-90mm\/"},"modified":"2026-02-24T23:35:07","modified_gmt":"2026-02-24T23:35:07","slug":"endkappe-bowman-3421np-68mm-90mm","status":"publish","type":"product","link":"https:\/\/stoic-curie.212-227-153-4.plesk.page\/de\/product\/endkappe-bowman-3421np-68mm-90mm\/","title":{"rendered":"Endkappe Bowman 3421NP (68mm &#038; 90mm)"},"content":{"rendered":"<p>Endkappe Bowman 3421NP (68mm &#038; 90mm) &#8211; <\/p>\n<div class=\"col-24 col-md-15\">\n<p>Ersetzbare Bowman-Gummi-moulded-Endkappe, die f\u00fcr Kiel gek\u00fchlte W\u00e4rme\u00fcbertrager-Manifolde konzipiert ist. Sie sollten feststellen, dass Ihre aktuellen Bowman-Endkappen die Teilenummer eingepr\u00e4gt haben, damit Sie leicht die ben\u00f6tigte Ersatzkappe identifizieren k\u00f6nnen. Dies ist die Bowman-Teilenummer 3421NP, die eine Blindkappe ist.<\/p>\n<p>Diese W\u00e4rme\u00fcbertrager-Endkappe ist geeignet f\u00fcr folgende Bowman-W\u00e4rme\u00fcbertrager: FM300-3799KC, FM450-3658, FM600-3801KC, FM660-3360KC, MB180-3050 und MB570-3280KC.<\/p>\n<\/div>\n<h3>Spezifikationen<\/h3>\n<table class=\"table\">\n<tbody>\n<tr>\n<td><strong>Marke<\/strong><\/td>\n<td>Bowman<\/td>\n<\/tr>\n<tr>\n<td><strong>Einlass Auslass<\/strong><\/td>\n<td>Blindkappe<\/td>\n<\/tr>\n<tr>\n<td><strong>Ursprungsland<\/strong><\/td>\n<td>Vereinigtes K\u00f6nigreich<\/td>\n<\/tr>\n<tr>\n<td><strong>Winkel<\/strong><\/td>\n<td>Gerade<\/td>\n<\/tr>\n<tr>\n<td><strong>Konstruktion<\/strong><\/td>\n<td>Gummi<\/td>\n<\/tr>\n<tr>\n<td><strong>Durchmesser<\/strong><\/td>\n<td>Einlass-ID: 90mm, Einlass-OD: 103mm. Geh\u00e4use-ID: 68mm, Geh\u00e4use-OD: 80mm.<\/td>\n<\/tr>\n<tr>\n<td><strong>Eignung<\/strong><\/td>\n<td>Bowman Kiel gek\u00fchlte W\u00e4rme\u00fcbertrager: FM300-3799KC, FM450-3658, FM600-3801KC, FM660-3360KC, MB180-3050 &#038; MB570-3280KC.<\/td>\n<\/tr>\n<\/tbody>\n<\/table>\n","protected":false},"excerpt":{"rendered":"<p>Endkappe Bowman 3421NP (68mm &#038; 90mm) &#8211; Ersetzbare Bowman-Gummi-moulded-Endkappe, die f\u00fcr Kiel gek\u00fchlte W\u00e4rme\u00fcbertrager-Manifolde konzipiert ist. Sie sollten feststellen, dass<\/p>\n","protected":false},"featured_media":5944912,"comment_status":"open","ping_status":"closed","template":"","meta":[],"product_brand":[2845],"product_cat":[1503],"product_tag":[],"class_list":{"0":"post-736494","1":"product","2":"type-product","3":"status-publish","4":"has-post-thumbnail","6":"product_brand-bowman-de","7":"product_cat-waermetauscher-und-oelkuehler","9":"first","10":"instock","11":"shipping-taxable","12":"purchasable","13":"product-type-simple"},"_links":{"self":[{"href":"https:\/\/stoic-curie.212-227-153-4.plesk.page\/de\/wp-json\/wp\/v2\/product\/736494","targetHints":{"allow":["GET"]}}],"collection":[{"href":"https:\/\/stoic-curie.212-227-153-4.plesk.page\/de\/wp-json\/wp\/v2\/product"}],"about":[{"href":"https:\/\/stoic-curie.212-227-153-4.plesk.page\/de\/wp-json\/wp\/v2\/types\/product"}],"replies":[{"embeddable":true,"href":"https:\/\/stoic-curie.212-227-153-4.plesk.page\/de\/wp-json\/wp\/v2\/comments?post=736494"}],"version-history":[{"count":0,"href":"https:\/\/stoic-curie.212-227-153-4.plesk.page\/de\/wp-json\/wp\/v2\/product\/736494\/revisions"}],"wp:featuredmedia":[{"embeddable":true,"href":"https:\/\/stoic-curie.212-227-153-4.plesk.page\/de\/wp-json\/wp\/v2\/media\/5944912"}],"wp:attachment":[{"href":"https:\/\/stoic-curie.212-227-153-4.plesk.page\/de\/wp-json\/wp\/v2\/media?parent=736494"}],"wp:term":[{"taxonomy":"product_brand","embeddable":true,"href":"https:\/\/stoic-curie.212-227-153-4.plesk.page\/de\/wp-json\/wp\/v2\/product_brand?post=736494"},{"taxonomy":"product_cat","embeddable":true,"href":"https:\/\/stoic-curie.212-227-153-4.plesk.page\/de\/wp-json\/wp\/v2\/product_cat?post=736494"},{"taxonomy":"product_tag","embeddable":true,"href":"https:\/\/stoic-curie.212-227-153-4.plesk.page\/de\/wp-json\/wp\/v2\/product_tag?post=736494"}],"curies":[{"name":"wp","href":"https:\/\/api.w.org\/{rel}","templated":true}]}}