{"id":736495,"date":"2025-03-03T16:32:22","date_gmt":"2025-03-03T15:32:22","guid":{"rendered":"https:\/\/stoic-curie.212-227-153-4.plesk.page\/producto\/endkappe-bowman-3667np-28mm-70mm\/"},"modified":"2026-02-24T23:35:07","modified_gmt":"2026-02-24T23:35:07","slug":"endkappe-bowman-3667np-28mm-70mm","status":"publish","type":"product","link":"https:\/\/stoic-curie.212-227-153-4.plesk.page\/de\/product\/endkappe-bowman-3667np-28mm-70mm\/","title":{"rendered":"Endkappe Bowman 3667NP (28mm &#038; 70mm)"},"content":{"rendered":"<p>Endkappe Bowman 3667NP (28mm &#038; 70mm) &#8211; <\/p>\n<div class=\"col-24 col-md-15\">\n<p>Ersatz-Bowman-Kautschuk-Endkappe, die f\u00fcr marine W\u00e4rme\u00fcbertrager-Manifolds konzipiert ist. Sie werden feststellen, dass Ihre aktuellen Bowman-Endkappen ihre Teilenummer eingepr\u00e4gt haben, um die ben\u00f6tigte Ersatzkappe leicht zu identifizieren. Dies ist die Bowman-Teilenummer 3667NP, die eine gerade Ausgangs-Endkappe ist.<\/p>\n<p>Diese W\u00e4rme\u00fcbertrager-Endkappe ist geeignet f\u00fcr die Verwendung mit den folgenden Bowman-W\u00e4rme\u00fcbertragern: FM160-3120, FM162-3872, ML120-3992KC, MS130-4295KC &#038; MS140-4296KC.<\/p>\n<\/div>\n<h3>Spezifikationen<\/h3>\n<table class=\"table\">\n<tbody>\n<tr>\n<td><strong>Marke<\/strong><\/td>\n<td>Bowman<\/td>\n<\/tr>\n<tr>\n<td><strong>Einlass Auslass<\/strong><\/td>\n<td>28mm<\/td>\n<\/tr>\n<tr>\n<td><strong>Ursprungsland<\/strong><\/td>\n<td>Vereinigtes K\u00f6nigreich<\/td>\n<\/tr>\n<tr>\n<td><strong>Winkel<\/strong><\/td>\n<td>Gerade<\/td>\n<\/tr>\n<tr>\n<td><strong>Material<\/strong><\/td>\n<td>Kautschuk<\/td>\n<\/tr>\n<tr>\n<td><strong>Durchmesser<\/strong><\/td>\n<td>Einlass ID: 70mm, Einlass OD: 80mm. Auslass ID: 28mm, Auslass OD: 38mm. K\u00f6rper ID: 51mm, K\u00f6rper OD: 60mm.<\/td>\n<\/tr>\n<tr>\n<td><strong>Eignung<\/strong><\/td>\n<td>Bowman-W\u00e4rme\u00fcbertrager: FM160-3120, FM162-3872, ML120-3992KC, MS130-4295KC &#038; MS140-4296KC.<\/td>\n<\/tr>\n<\/tbody>\n<\/table>\n","protected":false},"excerpt":{"rendered":"<p>Endkappe Bowman 3667NP (28mm &#038; 70mm) &#8211; Ersatz-Bowman-Kautschuk-Endkappe, die f\u00fcr marine W\u00e4rme\u00fcbertrager-Manifolds konzipiert ist. Sie werden feststellen, dass Ihre aktuellen<\/p>\n","protected":false},"featured_media":5944913,"comment_status":"open","ping_status":"closed","template":"","meta":[],"product_brand":[2845],"product_cat":[1503],"product_tag":[],"class_list":{"0":"post-736495","1":"product","2":"type-product","3":"status-publish","4":"has-post-thumbnail","6":"product_brand-bowman-de","7":"product_cat-waermetauscher-und-oelkuehler","9":"first","10":"instock","11":"shipping-taxable","12":"purchasable","13":"product-type-simple"},"_links":{"self":[{"href":"https:\/\/stoic-curie.212-227-153-4.plesk.page\/de\/wp-json\/wp\/v2\/product\/736495","targetHints":{"allow":["GET"]}}],"collection":[{"href":"https:\/\/stoic-curie.212-227-153-4.plesk.page\/de\/wp-json\/wp\/v2\/product"}],"about":[{"href":"https:\/\/stoic-curie.212-227-153-4.plesk.page\/de\/wp-json\/wp\/v2\/types\/product"}],"replies":[{"embeddable":true,"href":"https:\/\/stoic-curie.212-227-153-4.plesk.page\/de\/wp-json\/wp\/v2\/comments?post=736495"}],"version-history":[{"count":0,"href":"https:\/\/stoic-curie.212-227-153-4.plesk.page\/de\/wp-json\/wp\/v2\/product\/736495\/revisions"}],"wp:featuredmedia":[{"embeddable":true,"href":"https:\/\/stoic-curie.212-227-153-4.plesk.page\/de\/wp-json\/wp\/v2\/media\/5944913"}],"wp:attachment":[{"href":"https:\/\/stoic-curie.212-227-153-4.plesk.page\/de\/wp-json\/wp\/v2\/media?parent=736495"}],"wp:term":[{"taxonomy":"product_brand","embeddable":true,"href":"https:\/\/stoic-curie.212-227-153-4.plesk.page\/de\/wp-json\/wp\/v2\/product_brand?post=736495"},{"taxonomy":"product_cat","embeddable":true,"href":"https:\/\/stoic-curie.212-227-153-4.plesk.page\/de\/wp-json\/wp\/v2\/product_cat?post=736495"},{"taxonomy":"product_tag","embeddable":true,"href":"https:\/\/stoic-curie.212-227-153-4.plesk.page\/de\/wp-json\/wp\/v2\/product_tag?post=736495"}],"curies":[{"name":"wp","href":"https:\/\/api.w.org\/{rel}","templated":true}]}}