{"id":736498,"date":"2025-03-03T16:32:23","date_gmt":"2025-03-03T15:32:23","guid":{"rendered":"https:\/\/stoic-curie.212-227-153-4.plesk.page\/producto\/bowman-dc50-xaa\/"},"modified":"2026-02-24T23:35:07","modified_gmt":"2026-02-24T23:35:07","slug":"bowman-dc50-xaa","status":"publish","type":"product","link":"https:\/\/stoic-curie.212-227-153-4.plesk.page\/de\/product\/bowman-dc50-xaa\/","title":{"rendered":"Bowman DC50-XAA"},"content":{"rendered":"<p>Bowman DC50-XAA &#8211; <\/p>\n<div class=\"col-24 col-md-15\">\n<p>Der Bowman DC50-XAA Rohr\u00f6lk\u00fchler-W\u00e4rmeaustauscher eignet sich sowohl als Motor\u00f6lk\u00fchler als auch als Getriebe\u00f6lk\u00fchler.<\/p>\n<\/div>\n<h3>Spezifikationen<\/h3>\n<table class=\"table\">\n<tbody>\n<tr>\n<td><strong>L\u00e4nge<\/strong><\/td>\n<td>210mm (inklusive Endkappen), 125mm (ohne Endkappen)<\/td>\n<\/tr>\n<tr>\n<td><strong>Betriebstemperatur<\/strong><\/td>\n<td>125\u00b0C Maximum<\/td>\n<\/tr>\n<tr>\n<td><strong>Arbeitsdruck<\/strong><\/td>\n<td>\u00d6l: 30 bar Maximum, Wasser: 2 bar Maximum<\/td>\n<\/tr>\n<tr>\n<td><strong>Marke<\/strong><\/td>\n<td>Bowman<\/td>\n<\/tr>\n<tr>\n<td><strong>Herkunftsland<\/strong><\/td>\n<td>Vereinigtes K\u00f6nigreich<\/td>\n<\/tr>\n<tr>\n<td><strong>Getriebe\u00fcbertragung Bis Zu<\/strong><\/td>\n<td>100HP &#8211; 75kw<\/td>\n<\/tr>\n<tr>\n<td><strong>Anschl\u00fcsse<\/strong><\/td>\n<td>\u00d6l: 3\/8&#8243; BSP weiblich, Rohwasser: 22mm \u00fcber Neopren-Endkappen<\/td>\n<\/tr>\n<tr>\n<td><strong>Durchmesser<\/strong><\/td>\n<td>OD: 51mm<\/td>\n<\/tr>\n<tr>\n<td><strong>F\u00fcr Maximale Pferdest\u00e4rke<\/strong><\/td>\n<td>40HP (30kw)<\/td>\n<\/tr>\n<tr>\n<td><strong>Innere \u00d6lmenge<\/strong><\/td>\n<td>80ml<\/td>\n<\/tr>\n<tr>\n<td><strong>Innere Wassermenge<\/strong><\/td>\n<td>160ml<\/td>\n<\/tr>\n<tr>\n<td><strong>Maximaldruck<\/strong><\/td>\n<td>Arbeits\u00f6l Druck: 435 PSI (30 Bar), Arbeitswasser Druck: 29 PSI (2 Bar)<\/td>\n<\/tr>\n<tr>\n<td><strong>Modell<\/strong><\/td>\n<td>DC50<\/td>\n<\/tr>\n<tr>\n<td><strong>Rohwasser Durchfluss<\/strong><\/td>\n<td>60 LPM Maximum<\/td>\n<\/tr>\n<\/tbody>\n<\/table>\n","protected":false},"excerpt":{"rendered":"<p>Bowman DC50-XAA &#8211; Der Bowman DC50-XAA Rohr\u00f6lk\u00fchler-W\u00e4rmeaustauscher eignet sich sowohl als Motor\u00f6lk\u00fchler als auch als Getriebe\u00f6lk\u00fchler. Spezifikationen L\u00e4nge 210mm (inklusive<\/p>\n","protected":false},"featured_media":5944916,"comment_status":"open","ping_status":"closed","template":"","meta":[],"product_brand":[2845],"product_cat":[1503],"product_tag":[],"class_list":{"0":"post-736498","1":"product","2":"type-product","3":"status-publish","4":"has-post-thumbnail","6":"product_brand-bowman-de","7":"product_cat-waermetauscher-und-oelkuehler","9":"first","10":"instock","11":"shipping-taxable","12":"purchasable","13":"product-type-simple"},"_links":{"self":[{"href":"https:\/\/stoic-curie.212-227-153-4.plesk.page\/de\/wp-json\/wp\/v2\/product\/736498","targetHints":{"allow":["GET"]}}],"collection":[{"href":"https:\/\/stoic-curie.212-227-153-4.plesk.page\/de\/wp-json\/wp\/v2\/product"}],"about":[{"href":"https:\/\/stoic-curie.212-227-153-4.plesk.page\/de\/wp-json\/wp\/v2\/types\/product"}],"replies":[{"embeddable":true,"href":"https:\/\/stoic-curie.212-227-153-4.plesk.page\/de\/wp-json\/wp\/v2\/comments?post=736498"}],"version-history":[{"count":0,"href":"https:\/\/stoic-curie.212-227-153-4.plesk.page\/de\/wp-json\/wp\/v2\/product\/736498\/revisions"}],"wp:featuredmedia":[{"embeddable":true,"href":"https:\/\/stoic-curie.212-227-153-4.plesk.page\/de\/wp-json\/wp\/v2\/media\/5944916"}],"wp:attachment":[{"href":"https:\/\/stoic-curie.212-227-153-4.plesk.page\/de\/wp-json\/wp\/v2\/media?parent=736498"}],"wp:term":[{"taxonomy":"product_brand","embeddable":true,"href":"https:\/\/stoic-curie.212-227-153-4.plesk.page\/de\/wp-json\/wp\/v2\/product_brand?post=736498"},{"taxonomy":"product_cat","embeddable":true,"href":"https:\/\/stoic-curie.212-227-153-4.plesk.page\/de\/wp-json\/wp\/v2\/product_cat?post=736498"},{"taxonomy":"product_tag","embeddable":true,"href":"https:\/\/stoic-curie.212-227-153-4.plesk.page\/de\/wp-json\/wp\/v2\/product_tag?post=736498"}],"curies":[{"name":"wp","href":"https:\/\/api.w.org\/{rel}","templated":true}]}}