{"id":736499,"date":"2025-03-03T16:32:23","date_gmt":"2025-03-03T15:32:23","guid":{"rendered":"https:\/\/stoic-curie.212-227-153-4.plesk.page\/producto\/bowman-dc90-yaa\/"},"modified":"2026-02-24T23:35:07","modified_gmt":"2026-02-24T23:35:07","slug":"bowman-dc90-yaa","status":"publish","type":"product","link":"https:\/\/stoic-curie.212-227-153-4.plesk.page\/de\/product\/bowman-dc90-yaa\/","title":{"rendered":"Bowman DC90-YAA"},"content":{"rendered":"<p>Bowman DC90-YAA &#8211; <\/p>\n<div class=\"col-24\" col-md-15=\"\">\n<p>Der Bowman DC90-YAA Rohr\u00f6lk\u00fchler-W\u00e4rmetauscher eignet sich sowohl als Motor\u00f6lk\u00fchler als auch als Getriebe\u00f6lk\u00fchler. Der \u00d6l K\u00fchler passt zu den folgenden Motoren: BMC Leyland 498 (3.81), BMC Leyland 698 (5.71), Ford FSD-425-2401E und Mercedes OM617.<\/p>\n<p>Der Bowman DC90-YAA kann den Thornycroft \u00d6l K\u00fchler 54382296 ersetzen.<\/p>\n<\/div>\n<h3>Technische Daten<\/h3>\n<table class=\"table\">\n<tbody>\n<tr>\n<td><strong>L\u00e4nge<\/strong><\/td>\n<td>314mm (einschlie\u00dflich Endkappen), 235mm (ohne Endkappen)<\/td>\n<\/tr>\n<tr>\n<td><strong>Betriebstemperatur<\/strong><\/td>\n<td>Maximal 125\u00b0C<\/td>\n<\/tr>\n<tr>\n<td><strong>Marke<\/strong><\/td>\n<td>Bowman<\/td>\n<\/tr>\n<tr>\n<td><strong>Herkunftsland<\/strong><\/td>\n<td>Vereinigtes K\u00f6nigreich<\/td>\n<\/tr>\n<tr>\n<td><strong>Getriebe \u00fcbertragens bis zu<\/strong><\/td>\n<td>200PS &#8211; 150kw<\/td>\n<\/tr>\n<tr>\n<td><strong>Anschl\u00fcsse<\/strong><\/td>\n<td>\u00d6l: 1\/2&#8243; BSP weiblich, Rohwasser: 22mm \u00fcber Neopren-Gummiendkappen<\/td>\n<\/tr>\n<tr>\n<td><strong>Durchmesser<\/strong><\/td>\n<td>\u00c4u\u00dferdurchmesser: 51mm<\/td>\n<\/tr>\n<tr>\n<td><strong>F\u00fcr maximale Pferdest\u00e4rke<\/strong><\/td>\n<td>80PS (60kw)<\/td>\n<\/tr>\n<tr>\n<td><strong>Internes \u00d6lvolumen<\/strong><\/td>\n<td>160ml<\/td>\n<\/tr>\n<tr>\n<td><strong>Internes Wasservolumen<\/strong><\/td>\n<td>240ml<\/td>\n<\/tr>\n<tr>\n<td><strong>Maximaler Druck<\/strong><\/td>\n<td>Maximaler Betriebs\u00f6l Druck: 30 Bar, Maximaler Betriebswasser Druck: 2 Bar<\/td>\n<\/tr>\n<tr>\n<td><strong>Modell<\/strong><\/td>\n<td>DC90<\/td>\n<\/tr>\n<tr>\n<td><strong>Rohwasserdurchfluss<\/strong><\/td>\n<td>Maximal 60 LPM<\/td>\n<\/tr>\n<tr>\n<td><strong>Ersetzt<\/strong><\/td>\n<td>Thornycroft \u00d6l K\u00fchler 54382296<\/td>\n<\/tr>\n<tr>\n<td><strong>Eignung<\/strong><\/td>\n<td>BMC Leyland 4\/98 (3.81) &#038; 6\/98 (5.71), Ford FSD425 &#038; 2401E, Mercedes OM617.<\/td>\n<\/tr>\n<\/tbody>\n<\/table>\n","protected":false},"excerpt":{"rendered":"<p>Bowman DC90-YAA &#8211; Der Bowman DC90-YAA Rohr\u00f6lk\u00fchler-W\u00e4rmetauscher eignet sich sowohl als Motor\u00f6lk\u00fchler als auch als Getriebe\u00f6lk\u00fchler. Der \u00d6l K\u00fchler passt<\/p>\n","protected":false},"featured_media":5944921,"comment_status":"open","ping_status":"closed","template":"","meta":[],"product_brand":[2845],"product_cat":[1503],"product_tag":[],"class_list":{"0":"post-736499","1":"product","2":"type-product","3":"status-publish","4":"has-post-thumbnail","6":"product_brand-bowman-de","7":"product_cat-waermetauscher-und-oelkuehler","9":"first","10":"instock","11":"shipping-taxable","12":"purchasable","13":"product-type-simple"},"_links":{"self":[{"href":"https:\/\/stoic-curie.212-227-153-4.plesk.page\/de\/wp-json\/wp\/v2\/product\/736499","targetHints":{"allow":["GET"]}}],"collection":[{"href":"https:\/\/stoic-curie.212-227-153-4.plesk.page\/de\/wp-json\/wp\/v2\/product"}],"about":[{"href":"https:\/\/stoic-curie.212-227-153-4.plesk.page\/de\/wp-json\/wp\/v2\/types\/product"}],"replies":[{"embeddable":true,"href":"https:\/\/stoic-curie.212-227-153-4.plesk.page\/de\/wp-json\/wp\/v2\/comments?post=736499"}],"version-history":[{"count":0,"href":"https:\/\/stoic-curie.212-227-153-4.plesk.page\/de\/wp-json\/wp\/v2\/product\/736499\/revisions"}],"wp:featuredmedia":[{"embeddable":true,"href":"https:\/\/stoic-curie.212-227-153-4.plesk.page\/de\/wp-json\/wp\/v2\/media\/5944921"}],"wp:attachment":[{"href":"https:\/\/stoic-curie.212-227-153-4.plesk.page\/de\/wp-json\/wp\/v2\/media?parent=736499"}],"wp:term":[{"taxonomy":"product_brand","embeddable":true,"href":"https:\/\/stoic-curie.212-227-153-4.plesk.page\/de\/wp-json\/wp\/v2\/product_brand?post=736499"},{"taxonomy":"product_cat","embeddable":true,"href":"https:\/\/stoic-curie.212-227-153-4.plesk.page\/de\/wp-json\/wp\/v2\/product_cat?post=736499"},{"taxonomy":"product_tag","embeddable":true,"href":"https:\/\/stoic-curie.212-227-153-4.plesk.page\/de\/wp-json\/wp\/v2\/product_tag?post=736499"}],"curies":[{"name":"wp","href":"https:\/\/api.w.org\/{rel}","templated":true}]}}