{"id":736501,"date":"2025-03-03T16:32:24","date_gmt":"2025-03-03T15:32:24","guid":{"rendered":"https:\/\/stoic-curie.212-227-153-4.plesk.page\/producto\/bowman-dc120-yaa\/"},"modified":"2026-02-24T23:35:07","modified_gmt":"2026-02-24T23:35:07","slug":"bowman-dc120-yaa","status":"publish","type":"product","link":"https:\/\/stoic-curie.212-227-153-4.plesk.page\/de\/product\/bowman-dc120-yaa\/","title":{"rendered":"Bowman DC120-YAA"},"content":{"rendered":"<p>Bowman DC120-YAA &#8211; <\/p>\n<div class=\"col-24\" col-md-15=\"\">\n<p>Der Bowman DC120-YAA Rohr\u00f6lk\u00fchler W\u00e4rme\u00fcbertrager ist als Motor\u00f6lk\u00fchler oder als Getriebe\u00f6lk\u00fchler geeignet. Dieser \u00d6lk\u00fchler passt zu folgenden Motoren: Ford FSD425T, Ford 2613, Ford 2614, Ford 2615E, Ford 2654, Ford 2655, Ford 2656 und Ford 2658E.<\/p>\n<\/div>\n<h3>Spezifikationen<\/h3>\n<table class=\"table\">\n<tbody>\n<tr>\n<td><strong>L\u00e4nge<\/strong><\/td>\n<td>396 mm (einschlie\u00dflich Endkappen), 320 mm (ohne Endkappen)<\/td>\n<\/tr>\n<tr>\n<td><strong>Betriebstemperatur<\/strong><\/td>\n<td>125\u00b0C<\/td>\n<\/tr>\n<tr>\n<td><strong>Marke<\/strong><\/td>\n<td>Bowman<\/td>\n<\/tr>\n<tr>\n<td><strong>Herkunftsland<\/strong><\/td>\n<td>Vereinigtes K\u00f6nigreich<\/td>\n<\/tr>\n<tr>\n<td><strong>Getriebe \u00fcbertragen bis zu<\/strong><\/td>\n<td>240 PS &#8211; 180 kW<\/td>\n<\/tr>\n<tr>\n<td><strong>Anschl\u00fcsse<\/strong><\/td>\n<td>\u00d6l: 1\/2&#8243; BSP weiblich, Rohwasser: 22 mm \u00fcber Neopren-Gummikappen (3365NP)<\/td>\n<\/tr>\n<tr>\n<td><strong>Durchmesser<\/strong><\/td>\n<td>OD: 51 mm<\/td>\n<\/tr>\n<tr>\n<td><strong>F\u00fcr maximale Pferdest\u00e4rke<\/strong><\/td>\n<td>107 PS (80 kW)<\/td>\n<\/tr>\n<tr>\n<td><strong>Internes \u00d6lvolumen<\/strong><\/td>\n<td>200 ml<\/td>\n<\/tr>\n<tr>\n<td><strong>Internes Wasservolumen<\/strong><\/td>\n<td>325 ml<\/td>\n<\/tr>\n<tr>\n<td><strong>Maximaldruck<\/strong><\/td>\n<td>Maximaler Betriebs\u00f6l Druck: 30 Bar, Maximaler Betriebswasser Druck: 2 Bar<\/td>\n<\/tr>\n<tr>\n<td><strong>Modell<\/strong><\/td>\n<td>DC120<\/td>\n<\/tr>\n<tr>\n<td><strong>Rohwasserfluss<\/strong><\/td>\n<td>Maximal 60 LPM<\/td>\n<\/tr>\n<tr>\n<td><strong>Eignung<\/strong><\/td>\n<td>Ford FSD425T, 2613, 2614, 2615E, 2654, 2655, 2656 &#038; 2658E Motoren.<\/td>\n<\/tr>\n<\/tbody>\n<\/table>\n","protected":false},"excerpt":{"rendered":"<p>Bowman DC120-YAA &#8211; Der Bowman DC120-YAA Rohr\u00f6lk\u00fchler W\u00e4rme\u00fcbertrager ist als Motor\u00f6lk\u00fchler oder als Getriebe\u00f6lk\u00fchler geeignet. Dieser \u00d6lk\u00fchler passt zu folgenden<\/p>\n","protected":false},"featured_media":5944932,"comment_status":"open","ping_status":"closed","template":"","meta":[],"product_brand":[2845],"product_cat":[1503],"product_tag":[],"class_list":{"0":"post-736501","1":"product","2":"type-product","3":"status-publish","4":"has-post-thumbnail","6":"product_brand-bowman-de","7":"product_cat-waermetauscher-und-oelkuehler","9":"first","10":"instock","11":"shipping-taxable","12":"purchasable","13":"product-type-simple"},"_links":{"self":[{"href":"https:\/\/stoic-curie.212-227-153-4.plesk.page\/de\/wp-json\/wp\/v2\/product\/736501","targetHints":{"allow":["GET"]}}],"collection":[{"href":"https:\/\/stoic-curie.212-227-153-4.plesk.page\/de\/wp-json\/wp\/v2\/product"}],"about":[{"href":"https:\/\/stoic-curie.212-227-153-4.plesk.page\/de\/wp-json\/wp\/v2\/types\/product"}],"replies":[{"embeddable":true,"href":"https:\/\/stoic-curie.212-227-153-4.plesk.page\/de\/wp-json\/wp\/v2\/comments?post=736501"}],"version-history":[{"count":0,"href":"https:\/\/stoic-curie.212-227-153-4.plesk.page\/de\/wp-json\/wp\/v2\/product\/736501\/revisions"}],"wp:featuredmedia":[{"embeddable":true,"href":"https:\/\/stoic-curie.212-227-153-4.plesk.page\/de\/wp-json\/wp\/v2\/media\/5944932"}],"wp:attachment":[{"href":"https:\/\/stoic-curie.212-227-153-4.plesk.page\/de\/wp-json\/wp\/v2\/media?parent=736501"}],"wp:term":[{"taxonomy":"product_brand","embeddable":true,"href":"https:\/\/stoic-curie.212-227-153-4.plesk.page\/de\/wp-json\/wp\/v2\/product_brand?post=736501"},{"taxonomy":"product_cat","embeddable":true,"href":"https:\/\/stoic-curie.212-227-153-4.plesk.page\/de\/wp-json\/wp\/v2\/product_cat?post=736501"},{"taxonomy":"product_tag","embeddable":true,"href":"https:\/\/stoic-curie.212-227-153-4.plesk.page\/de\/wp-json\/wp\/v2\/product_tag?post=736501"}],"curies":[{"name":"wp","href":"https:\/\/api.w.org\/{rel}","templated":true}]}}