{"id":736502,"date":"2025-03-03T16:32:24","date_gmt":"2025-03-03T15:32:24","guid":{"rendered":"https:\/\/stoic-curie.212-227-153-4.plesk.page\/producto\/bowman-ec80-2028-1-32mm\/"},"modified":"2026-02-24T23:35:07","modified_gmt":"2026-02-24T23:35:07","slug":"bowman-ec80-2028-1-32mm","status":"publish","type":"product","link":"https:\/\/stoic-curie.212-227-153-4.plesk.page\/de\/product\/bowman-ec80-2028-1-32mm\/","title":{"rendered":"Bowman EC80-2028-1 32mm"},"content":{"rendered":"<p>Bowman EC80-2028-1 32mm &#8211; <\/p>\n<div class=\"col-24\" col-md-15=\"\">\n<p>Der Bowman EC80-2028-1 Rohr\u00f6lk\u00fchler-W\u00e4rme\u00fcbertrager ist f\u00fcr die K\u00fchlung von Motor\u00f6l konzipiert.<\/p>\n<\/div>\n<h3>Spezifikationen<\/h3>\n<table class=\"table\">\n<tbody>\n<tr>\n<td><strong>L\u00e4nge<\/strong><\/td>\n<td>200mm<\/td>\n<\/tr>\n<tr>\n<td><strong>Marke<\/strong><\/td>\n<td>Bowman<\/td>\n<\/tr>\n<tr>\n<td><strong>Herkunftsland<\/strong><\/td>\n<td>Vereinigtes K\u00f6nigreich<\/td>\n<\/tr>\n<tr>\n<td><strong>Anschl\u00fcsse<\/strong><\/td>\n<td>\u00d6l: 1\/2&#8243; BSP weiblich, Rohwasser: gerade marine Messingendkappen f\u00fcr 32mm ID Schlauch<\/td>\n<\/tr>\n<tr>\n<td><strong>Baumaterial<\/strong><\/td>\n<td>Kupfer-Nickel-Rohrrampe mit marine Messingendkappen<\/td>\n<\/tr>\n<tr>\n<td><strong>Durchmesser<\/strong><\/td>\n<td>\u00c4D: 100mm<\/td>\n<\/tr>\n<tr>\n<td><strong>Maximale Pferdest\u00e4rken<\/strong><\/td>\n<td>80PS (60kW)<\/td>\n<\/tr>\n<tr>\n<td><strong>Modell<\/strong><\/td>\n<td>EC80<\/td>\n<\/tr>\n<tr>\n<td><strong>Eignung<\/strong><\/td>\n<td>BMC Leyland 4\/98 (3.81), Ford 2711, 2712E, 2722, BSD329, BSD332, BSD333 &#038; BSD333H, General Motors 220, New Holland Genesis 450, Perkins 4236.<\/td>\n<\/tr>\n<\/tbody>\n<\/table>\n","protected":false},"excerpt":{"rendered":"<p>Bowman EC80-2028-1 32mm &#8211; Der Bowman EC80-2028-1 Rohr\u00f6lk\u00fchler-W\u00e4rme\u00fcbertrager ist f\u00fcr die K\u00fchlung von Motor\u00f6l konzipiert. Spezifikationen L\u00e4nge 200mm Marke Bowman<\/p>\n","protected":false},"featured_media":5944938,"comment_status":"open","ping_status":"closed","template":"","meta":[],"product_brand":[2845],"product_cat":[1503],"product_tag":[],"class_list":{"0":"post-736502","1":"product","2":"type-product","3":"status-publish","4":"has-post-thumbnail","6":"product_brand-bowman-de","7":"product_cat-waermetauscher-und-oelkuehler","9":"first","10":"instock","11":"shipping-taxable","12":"purchasable","13":"product-type-simple"},"_links":{"self":[{"href":"https:\/\/stoic-curie.212-227-153-4.plesk.page\/de\/wp-json\/wp\/v2\/product\/736502","targetHints":{"allow":["GET"]}}],"collection":[{"href":"https:\/\/stoic-curie.212-227-153-4.plesk.page\/de\/wp-json\/wp\/v2\/product"}],"about":[{"href":"https:\/\/stoic-curie.212-227-153-4.plesk.page\/de\/wp-json\/wp\/v2\/types\/product"}],"replies":[{"embeddable":true,"href":"https:\/\/stoic-curie.212-227-153-4.plesk.page\/de\/wp-json\/wp\/v2\/comments?post=736502"}],"version-history":[{"count":0,"href":"https:\/\/stoic-curie.212-227-153-4.plesk.page\/de\/wp-json\/wp\/v2\/product\/736502\/revisions"}],"wp:featuredmedia":[{"embeddable":true,"href":"https:\/\/stoic-curie.212-227-153-4.plesk.page\/de\/wp-json\/wp\/v2\/media\/5944938"}],"wp:attachment":[{"href":"https:\/\/stoic-curie.212-227-153-4.plesk.page\/de\/wp-json\/wp\/v2\/media?parent=736502"}],"wp:term":[{"taxonomy":"product_brand","embeddable":true,"href":"https:\/\/stoic-curie.212-227-153-4.plesk.page\/de\/wp-json\/wp\/v2\/product_brand?post=736502"},{"taxonomy":"product_cat","embeddable":true,"href":"https:\/\/stoic-curie.212-227-153-4.plesk.page\/de\/wp-json\/wp\/v2\/product_cat?post=736502"},{"taxonomy":"product_tag","embeddable":true,"href":"https:\/\/stoic-curie.212-227-153-4.plesk.page\/de\/wp-json\/wp\/v2\/product_tag?post=736502"}],"curies":[{"name":"wp","href":"https:\/\/api.w.org\/{rel}","templated":true}]}}