{"id":736503,"date":"2025-03-03T16:32:24","date_gmt":"2025-03-03T15:32:24","guid":{"rendered":"https:\/\/stoic-curie.212-227-153-4.plesk.page\/producto\/bowman-ec100-2028-2\/"},"modified":"2026-02-24T23:35:07","modified_gmt":"2026-02-24T23:35:07","slug":"bowman-ec100-2028-2","status":"publish","type":"product","link":"https:\/\/stoic-curie.212-227-153-4.plesk.page\/de\/product\/bowman-ec100-2028-2\/","title":{"rendered":"Bowman EC100-2028-2"},"content":{"rendered":"<p>Bowman EC100-2028-2 &#8211; <\/p>\n<div class=\"col-24\" col-md-15=\"\">\n<p>Der Bowman EC100-2028-2 Rohr\u00f6lk\u00fchler-W\u00e4rmetauscher ist f\u00fcr die K\u00fchlung von Motor\u00f6l ausgelegt.<\/p>\n<\/div>\n<h3>Technische Daten<\/h3>\n<table class=\"table\">\n<tbody>\n<tr>\n<td><strong>L\u00e4nge<\/strong><\/td>\n<td>280 mm<\/td>\n<\/tr>\n<tr>\n<td><strong>Marke<\/strong><\/td>\n<td>Bowman<\/td>\n<\/tr>\n<tr>\n<td><strong>Herkunftsland<\/strong><\/td>\n<td>Vereinigtes K\u00f6nigreich<\/td>\n<\/tr>\n<tr>\n<td><strong>Anschl\u00fcsse<\/strong><\/td>\n<td>\u00d6l: 1\/2&#8243; BSP weiblich, Rohwasser: gerade Messing-Endkappen f\u00fcr 32 mm ID-Schlauch<\/td>\n<\/tr>\n<tr>\n<td><strong>Bauart<\/strong><\/td>\n<td>Kupfer-Nickel-Rohrpaket mit Messing-Endkappen<\/td>\n<\/tr>\n<tr>\n<td><strong>Durchmesser<\/strong><\/td>\n<td>OD: 100 mm<\/td>\n<\/tr>\n<tr>\n<td><strong>Maximale PS<\/strong><\/td>\n<td>120 PS (90 kW)<\/td>\n<\/tr>\n<tr>\n<td><strong>Modell<\/strong><\/td>\n<td>EC100<\/td>\n<\/tr>\n<tr>\n<td><strong>Eignung<\/strong><\/td>\n<td>Geeignet f\u00fcr Ford 590E, 2701, 2713, 2714 &#038; 2715E, New Holland Genesis 450T &#038; 675, Perkins 6354, Peugeot XDP488 &#038; XDP490 Motoren.<\/td>\n<\/tr>\n<\/tbody>\n<\/table>\n","protected":false},"excerpt":{"rendered":"<p>Bowman EC100-2028-2 &#8211; Der Bowman EC100-2028-2 Rohr\u00f6lk\u00fchler-W\u00e4rmetauscher ist f\u00fcr die K\u00fchlung von Motor\u00f6l ausgelegt. Technische Daten L\u00e4nge 280 mm Marke<\/p>\n","protected":false},"featured_media":5944945,"comment_status":"open","ping_status":"closed","template":"","meta":[],"product_brand":[2845],"product_cat":[1503],"product_tag":[],"class_list":{"0":"post-736503","1":"product","2":"type-product","3":"status-publish","4":"has-post-thumbnail","6":"product_brand-bowman-de","7":"product_cat-waermetauscher-und-oelkuehler","9":"first","10":"instock","11":"shipping-taxable","12":"purchasable","13":"product-type-simple"},"_links":{"self":[{"href":"https:\/\/stoic-curie.212-227-153-4.plesk.page\/de\/wp-json\/wp\/v2\/product\/736503","targetHints":{"allow":["GET"]}}],"collection":[{"href":"https:\/\/stoic-curie.212-227-153-4.plesk.page\/de\/wp-json\/wp\/v2\/product"}],"about":[{"href":"https:\/\/stoic-curie.212-227-153-4.plesk.page\/de\/wp-json\/wp\/v2\/types\/product"}],"replies":[{"embeddable":true,"href":"https:\/\/stoic-curie.212-227-153-4.plesk.page\/de\/wp-json\/wp\/v2\/comments?post=736503"}],"version-history":[{"count":0,"href":"https:\/\/stoic-curie.212-227-153-4.plesk.page\/de\/wp-json\/wp\/v2\/product\/736503\/revisions"}],"wp:featuredmedia":[{"embeddable":true,"href":"https:\/\/stoic-curie.212-227-153-4.plesk.page\/de\/wp-json\/wp\/v2\/media\/5944945"}],"wp:attachment":[{"href":"https:\/\/stoic-curie.212-227-153-4.plesk.page\/de\/wp-json\/wp\/v2\/media?parent=736503"}],"wp:term":[{"taxonomy":"product_brand","embeddable":true,"href":"https:\/\/stoic-curie.212-227-153-4.plesk.page\/de\/wp-json\/wp\/v2\/product_brand?post=736503"},{"taxonomy":"product_cat","embeddable":true,"href":"https:\/\/stoic-curie.212-227-153-4.plesk.page\/de\/wp-json\/wp\/v2\/product_cat?post=736503"},{"taxonomy":"product_tag","embeddable":true,"href":"https:\/\/stoic-curie.212-227-153-4.plesk.page\/de\/wp-json\/wp\/v2\/product_tag?post=736503"}],"curies":[{"name":"wp","href":"https:\/\/api.w.org\/{rel}","templated":true}]}}