{"id":736504,"date":"2025-03-03T16:32:24","date_gmt":"2025-03-03T15:32:24","guid":{"rendered":"https:\/\/stoic-curie.212-227-153-4.plesk.page\/producto\/bowman-ec100-890-2\/"},"modified":"2026-02-24T23:35:07","modified_gmt":"2026-02-24T23:35:07","slug":"bowman-ec100-890-2","status":"publish","type":"product","link":"https:\/\/stoic-curie.212-227-153-4.plesk.page\/de\/product\/bowman-ec100-890-2\/","title":{"rendered":"Bowman EC100-890-2"},"content":{"rendered":"<p>Bowman EC100-890-2 &#8211; <\/p>\n<div class=\"col-24 col-md-15\">\n<p>Der Rohrw\u00e4rmetauscher Bowman EC100-890-2 ist zum K\u00fchlen von Motor\u00f6l ausgelegt.<\/p>\n<\/div>\n<h3>Spezifikationen<\/h3>\n<table class=\"table\">\n<tbody>\n<tr>\n<td><strong>L\u00e4nge<\/strong><\/td>\n<td>280mm<\/td>\n<\/tr>\n<tr>\n<td><strong>Marke<\/strong><\/td>\n<td>Bowman<\/td>\n<\/tr>\n<tr>\n<td><strong>Herkunftsland<\/strong><\/td>\n<td>Vereinigtes K\u00f6nigreich<\/td>\n<\/tr>\n<tr>\n<td><strong>Anschl\u00fcsse<\/strong><\/td>\n<td>\u00d6l: 3\/4&#8243; BSP weiblich, Rohwasser: gerade Marine-Messing-Endkappen f\u00fcr 45mm ID-Schlauch<\/td>\n<\/tr>\n<tr>\n<td><strong>Bauweise<\/strong><\/td>\n<td>Kupfer-Nickel-Rohrstapel mit marine Messing-Endkappen<\/td>\n<\/tr>\n<tr>\n<td><strong>Durchmesser<\/strong><\/td>\n<td>OD: 100mm<\/td>\n<\/tr>\n<tr>\n<td><strong>F\u00fcr maximale PS<\/strong><\/td>\n<td>120PS (90kW)<\/td>\n<\/tr>\n<tr>\n<td><strong>Modell<\/strong><\/td>\n<td>EC100<\/td>\n<\/tr>\n<tr>\n<td><strong>Eignung<\/strong><\/td>\n<td>F\u00fcr Ford BSD678 Motoren.<\/td>\n<\/tr>\n<\/tbody>\n<\/table>\n","protected":false},"excerpt":{"rendered":"<p>Bowman EC100-890-2 &#8211; Der Rohrw\u00e4rmetauscher Bowman EC100-890-2 ist zum K\u00fchlen von Motor\u00f6l ausgelegt. Spezifikationen L\u00e4nge 280mm Marke Bowman Herkunftsland Vereinigtes<\/p>\n","protected":false},"featured_media":5944952,"comment_status":"open","ping_status":"closed","template":"","meta":[],"product_brand":[2845],"product_cat":[1503],"product_tag":[],"class_list":{"0":"post-736504","1":"product","2":"type-product","3":"status-publish","4":"has-post-thumbnail","6":"product_brand-bowman-de","7":"product_cat-waermetauscher-und-oelkuehler","9":"first","10":"instock","11":"shipping-taxable","12":"purchasable","13":"product-type-simple"},"_links":{"self":[{"href":"https:\/\/stoic-curie.212-227-153-4.plesk.page\/de\/wp-json\/wp\/v2\/product\/736504","targetHints":{"allow":["GET"]}}],"collection":[{"href":"https:\/\/stoic-curie.212-227-153-4.plesk.page\/de\/wp-json\/wp\/v2\/product"}],"about":[{"href":"https:\/\/stoic-curie.212-227-153-4.plesk.page\/de\/wp-json\/wp\/v2\/types\/product"}],"replies":[{"embeddable":true,"href":"https:\/\/stoic-curie.212-227-153-4.plesk.page\/de\/wp-json\/wp\/v2\/comments?post=736504"}],"version-history":[{"count":0,"href":"https:\/\/stoic-curie.212-227-153-4.plesk.page\/de\/wp-json\/wp\/v2\/product\/736504\/revisions"}],"wp:featuredmedia":[{"embeddable":true,"href":"https:\/\/stoic-curie.212-227-153-4.plesk.page\/de\/wp-json\/wp\/v2\/media\/5944952"}],"wp:attachment":[{"href":"https:\/\/stoic-curie.212-227-153-4.plesk.page\/de\/wp-json\/wp\/v2\/media?parent=736504"}],"wp:term":[{"taxonomy":"product_brand","embeddable":true,"href":"https:\/\/stoic-curie.212-227-153-4.plesk.page\/de\/wp-json\/wp\/v2\/product_brand?post=736504"},{"taxonomy":"product_cat","embeddable":true,"href":"https:\/\/stoic-curie.212-227-153-4.plesk.page\/de\/wp-json\/wp\/v2\/product_cat?post=736504"},{"taxonomy":"product_tag","embeddable":true,"href":"https:\/\/stoic-curie.212-227-153-4.plesk.page\/de\/wp-json\/wp\/v2\/product_tag?post=736504"}],"curies":[{"name":"wp","href":"https:\/\/api.w.org\/{rel}","templated":true}]}}