{"id":736508,"date":"2025-03-03T16:32:25","date_gmt":"2025-03-03T15:32:25","guid":{"rendered":"https:\/\/stoic-curie.212-227-153-4.plesk.page\/producto\/orbitrade-21430-zylinderkopfdichtungssatz-fuer-volvo-penta-md7a-b-marine-motoren\/"},"modified":"2026-02-24T23:35:07","modified_gmt":"2026-02-24T23:35:07","slug":"orbitrade-21430-zylinderkopfdichtungssatz-fuer-volvo-penta-md7a-b-marine-motoren","status":"publish","type":"product","link":"https:\/\/stoic-curie.212-227-153-4.plesk.page\/de\/product\/orbitrade-21430-zylinderkopfdichtungssatz-fuer-volvo-penta-md7a-b-marine-motoren\/","title":{"rendered":"Orbitrade 21430 Zylinderkopfdichtungssatz f\u00fcr Volvo Penta MD7A\/B Marine-Motoren"},"content":{"rendered":"<p>Orbitrade 21430 Zylinderkopfdichtungssatz f\u00fcr Volvo Penta MD7A\/B Marine-Motoren &#8211; <\/p>\n<div class=\"col-24 col-md-15\">\n<p>Das Orbitrade Marine Zylinderkopfdichtungen-Set ist so konzipiert, dass es die Volvo-Teilenummern 876430 und 875613 ersetzt. Dieses Dichtungskit ist geeignet f\u00fcr die Volvo Penta MD7A (bis MO -35144) und MD7B (bis MO -35144) Marine-Motoren.<\/p>\n<p>Die Orbitrade 21430 Zylinderkopfdichtung passt zwischen den Motorblock und den Zylinderkopf und sorgt f\u00fcr maximale Kompression sowie verhindert Leckagen von \u00d6l oder K\u00fchlmittel in die Zylinder.<\/p>\n<\/div>\n<h3>Spezifikationen<\/h3>\n<table class=\"table\">\n<tbody>\n<tr>\n<td><strong>Marke<\/strong><\/td>\n<td>Orbitrade Marine<\/td>\n<\/tr>\n<tr>\n<td><strong>Ersetzt<\/strong><\/td>\n<td>Volvo 876430 und 875613<\/td>\n<\/tr>\n<tr>\n<td><strong>Eignung<\/strong><\/td>\n<td>Volvo Penta: MD7A &#038; MD7B (bis MO -35144)<\/td>\n<\/tr>\n<\/tbody>\n<\/table>\n","protected":false},"excerpt":{"rendered":"<p>Orbitrade 21430 Zylinderkopfdichtungssatz f\u00fcr Volvo Penta MD7A\/B Marine-Motoren &#8211; Das Orbitrade Marine Zylinderkopfdichtungen-Set ist so konzipiert, dass es die Volvo-Teilenummern<\/p>\n","protected":false},"featured_media":5944976,"comment_status":"open","ping_status":"closed","template":"","meta":[],"product_brand":[3225],"product_cat":[1542],"product_tag":[],"class_list":{"0":"post-736508","1":"product","2":"type-product","3":"status-publish","4":"has-post-thumbnail","6":"product_brand-orbitrade-marine-de","7":"product_cat-marine-ersatzteile-fuer-volvo-penta","9":"first","10":"instock","11":"shipping-taxable","12":"purchasable","13":"product-type-simple"},"_links":{"self":[{"href":"https:\/\/stoic-curie.212-227-153-4.plesk.page\/de\/wp-json\/wp\/v2\/product\/736508","targetHints":{"allow":["GET"]}}],"collection":[{"href":"https:\/\/stoic-curie.212-227-153-4.plesk.page\/de\/wp-json\/wp\/v2\/product"}],"about":[{"href":"https:\/\/stoic-curie.212-227-153-4.plesk.page\/de\/wp-json\/wp\/v2\/types\/product"}],"replies":[{"embeddable":true,"href":"https:\/\/stoic-curie.212-227-153-4.plesk.page\/de\/wp-json\/wp\/v2\/comments?post=736508"}],"version-history":[{"count":0,"href":"https:\/\/stoic-curie.212-227-153-4.plesk.page\/de\/wp-json\/wp\/v2\/product\/736508\/revisions"}],"wp:featuredmedia":[{"embeddable":true,"href":"https:\/\/stoic-curie.212-227-153-4.plesk.page\/de\/wp-json\/wp\/v2\/media\/5944976"}],"wp:attachment":[{"href":"https:\/\/stoic-curie.212-227-153-4.plesk.page\/de\/wp-json\/wp\/v2\/media?parent=736508"}],"wp:term":[{"taxonomy":"product_brand","embeddable":true,"href":"https:\/\/stoic-curie.212-227-153-4.plesk.page\/de\/wp-json\/wp\/v2\/product_brand?post=736508"},{"taxonomy":"product_cat","embeddable":true,"href":"https:\/\/stoic-curie.212-227-153-4.plesk.page\/de\/wp-json\/wp\/v2\/product_cat?post=736508"},{"taxonomy":"product_tag","embeddable":true,"href":"https:\/\/stoic-curie.212-227-153-4.plesk.page\/de\/wp-json\/wp\/v2\/product_tag?post=736508"}],"curies":[{"name":"wp","href":"https:\/\/api.w.org\/{rel}","templated":true}]}}