{"id":736509,"date":"2025-03-03T16:32:26","date_gmt":"2025-03-03T15:32:26","guid":{"rendered":"https:\/\/stoic-curie.212-227-153-4.plesk.page\/producto\/jabsco-neopren-schluesselwellenpumpe-impeller-6-klingen-51-mm-od-22-mm-breite\/"},"modified":"2026-02-24T23:35:07","modified_gmt":"2026-02-24T23:35:07","slug":"jabsco-neopren-schluesselwellenpumpe-impeller-6-klingen-51-mm-od-22-mm-breite","status":"publish","type":"product","link":"https:\/\/stoic-curie.212-227-153-4.plesk.page\/de\/product\/jabsco-neopren-schluesselwellenpumpe-impeller-6-klingen-51-mm-od-22-mm-breite\/","title":{"rendered":"Jabsco Neopren-Schl\u00fcsselwellenpumpe Impeller (6 Klingen, 51 mm OD, 22 mm Breite)"},"content":{"rendered":"<p>Jabsco Neopren-Schl\u00fcsselwellenpumpe Impeller (6 Klingen, 51 mm OD, 22 mm Breite) &#8211; Die flexible Neopren-Impeller Jabsco 22799-0001 hat 6 Impellerbl\u00e4tter und einen nutengetriebenen Antrieb, geeignet f\u00fcr die Pumpen Jabsco 22790-1001 und 22790-1001. Die flexiblen Neopren-Impeller von Jabsco werden zum Pumpen von frischem oder salzhaltigem Wasser verwendet; Neopren-Impeller sind das am h\u00e4ufigsten verwendete Material und eignen sich f\u00fcr Anwendungen, in denen nur geringe Mengen \u00d6l oder Diesel vorhanden sind. Jabsco-flexible Impeller unterliegen strengen Qualit\u00e4tsprozessen, um zuverl\u00e4ssige, effiziente und langlebige Leistung zu gew\u00e4hrleisten. Sie sollten Ihre flexiblen Pumpenimpeller mindestens einmal im Jahr oder fr\u00fcher, je nach Nutzung, austauschen. Bei korrekter Installation kann ein Impeller mehrere Jahre halten, es wird jedoch immer empfohlen, einen pr\u00e4ventiven Wartungsplan einzuhalten. Der Jabsco 22799-0001 flexible Neopren-Impeller ersetzt folgende Impeller: &#8211; Ancor-Impeller: 50016 &#8211; Kohler-Impeller: 229955 &#038; 250872 &#8211; Jabsco-Impeller: 22799-0001 &#8211; Vetus-Impeller: IMP00101 &#038; 101 &#8211; Yanmar-Impeller: 124223-42091, 124223-42092, 128296-42070 &#038; 128620-42200 &#8211; Johnson-Impeller: 09-827. Dieser Impeller hat ein G-Profil.<\/p>\n","protected":false},"excerpt":{"rendered":"<p>Jabsco Neopren-Schl\u00fcsselwellenpumpe Impeller (6 Klingen, 51 mm OD, 22 mm Breite) &#8211; Die flexible Neopren-Impeller Jabsco 22799-0001 hat 6 Impellerbl\u00e4tter<\/p>\n","protected":false},"featured_media":5944977,"comment_status":"open","ping_status":"closed","template":"","meta":[],"product_brand":[3030],"product_cat":[1529],"product_tag":[],"class_list":{"0":"post-736509","1":"product","2":"type-product","3":"status-publish","4":"has-post-thumbnail","6":"product_brand-jabsco-marine-de","7":"product_cat-marine-ersatzteile-fuer-yanmar","9":"first","10":"instock","11":"shipping-taxable","12":"purchasable","13":"product-type-simple"},"_links":{"self":[{"href":"https:\/\/stoic-curie.212-227-153-4.plesk.page\/de\/wp-json\/wp\/v2\/product\/736509","targetHints":{"allow":["GET"]}}],"collection":[{"href":"https:\/\/stoic-curie.212-227-153-4.plesk.page\/de\/wp-json\/wp\/v2\/product"}],"about":[{"href":"https:\/\/stoic-curie.212-227-153-4.plesk.page\/de\/wp-json\/wp\/v2\/types\/product"}],"replies":[{"embeddable":true,"href":"https:\/\/stoic-curie.212-227-153-4.plesk.page\/de\/wp-json\/wp\/v2\/comments?post=736509"}],"version-history":[{"count":0,"href":"https:\/\/stoic-curie.212-227-153-4.plesk.page\/de\/wp-json\/wp\/v2\/product\/736509\/revisions"}],"wp:featuredmedia":[{"embeddable":true,"href":"https:\/\/stoic-curie.212-227-153-4.plesk.page\/de\/wp-json\/wp\/v2\/media\/5944977"}],"wp:attachment":[{"href":"https:\/\/stoic-curie.212-227-153-4.plesk.page\/de\/wp-json\/wp\/v2\/media?parent=736509"}],"wp:term":[{"taxonomy":"product_brand","embeddable":true,"href":"https:\/\/stoic-curie.212-227-153-4.plesk.page\/de\/wp-json\/wp\/v2\/product_brand?post=736509"},{"taxonomy":"product_cat","embeddable":true,"href":"https:\/\/stoic-curie.212-227-153-4.plesk.page\/de\/wp-json\/wp\/v2\/product_cat?post=736509"},{"taxonomy":"product_tag","embeddable":true,"href":"https:\/\/stoic-curie.212-227-153-4.plesk.page\/de\/wp-json\/wp\/v2\/product_tag?post=736509"}],"curies":[{"name":"wp","href":"https:\/\/api.w.org\/{rel}","templated":true}]}}