{"id":736510,"date":"2025-03-03T16:32:26","date_gmt":"2025-03-03T15:32:26","guid":{"rendered":"https:\/\/stoic-curie.212-227-153-4.plesk.page\/producto\/seaflow-superflex-kraftstoffschlauch-iso-7840-a1-38mm\/"},"modified":"2026-02-24T23:35:07","modified_gmt":"2026-02-24T23:35:07","slug":"seaflow-superflex-kraftstoffschlauch-iso-7840-a1-38mm","status":"publish","type":"product","link":"https:\/\/stoic-curie.212-227-153-4.plesk.page\/de\/product\/seaflow-superflex-kraftstoffschlauch-iso-7840-a1-38mm\/","title":{"rendered":"Seaflow Superflex Kraftstoffschlauch ISO 7840 A1 38mm"},"content":{"rendered":"<p>Seaflow Superflex Kraftstoffschlauch ISO 7840 A1 38mm &#8211; Die Seaflow Superflex-Marinekraftstoff\u00fcbertragungsleitung ist f\u00fcr Diesel- und bleifreies Benzin geeignet. Dieser Kraftstoffschlauch kann in Kraftstoffversorgungs- und R\u00fccklaufleitungen, Bel\u00fcftungen von Kraftstofftanks und beim Bef\u00fcllen von Kraftstofftanks sowie in anderen Anwendungen in Brandrisikobereichen verwendet werden. Dieser Schlauch ist speziell nach ISO 7840 A1-Vorgaben hergestellt, was bedeutet, dass er mindestens 2 Minuten feuerfest ist.<\/p>\n<p>Der Seaflow-Kraftstoffschlauch verf\u00fcgt \u00fcber eine textile und stahlverst\u00e4rkte schwarze, synthetische Gummibeschichtung, die flammen-, abrieb-, ozon-, wetter-, hitze- und \u00f6lbest\u00e4ndig ist. Der Innenschlauch ist glatt und aus schwarzem NBR-Gummi gefertigt, der bis zu 50 % der Kraftstoffger\u00fcche einschlie\u00dft. Dieser Kraftstoffschlauch ist zudem \u00e4u\u00dferst flexibel und leicht, was eine einfache Installation erm\u00f6glicht.<\/p>\n<p>Der Seaflow Superflex-Kraftstoffschlauch ist mit Innen-Durchmessern von 25 mm, 32 mm, 38 mm und 51 mm erh\u00e4ltlich und wird pro Meter verkauft. Er wird aus einer 20-Meter-Spule geschnitten, sodass Bestellungen von mehr als dieser Menge nicht als ein einzelner Schlauch geliefert werden. Vollspulen sind ebenfalls erh\u00e4ltlich.<\/p>\n<h3>Technische Daten<\/h3>\n<table class=\"table\">\n<tbody>\n<tr>\n<td><strong>Zertifizierungen<\/strong><\/td>\n<td>Nach ISO7840 A1. CE, RINA und Lloyd&#8217;s zugelassen.<\/td>\n<\/tr>\n<tr>\n<td><strong>Temperaturbereich<\/strong><\/td>\n<td>-20\u00b0C bis +100\u00b0C<\/td>\n<\/tr>\n<tr>\n<td><strong>Arbeitsdruck<\/strong><\/td>\n<td>36 PSI (2,5 bar)<\/td>\n<\/tr>\n<tr>\n<td><strong>Marke<\/strong><\/td>\n<td>Seaflow<\/td>\n<\/tr>\n<tr>\n<td><strong>Verkaufseinheit<\/strong><\/td>\n<td>Pro Meter<\/td>\n<\/tr>\n<tr>\n<td><strong>Durchbiegungsradius<\/strong><\/td>\n<td>190 mm<\/td>\n<\/tr>\n<tr>\n<td><strong>Platzdruck<\/strong><\/td>\n<td>145 PSI (10 bar)<\/td>\n<\/tr>\n<tr>\n<td><strong>Konstruktion<\/strong><\/td>\n<td>Synthetische, feuerbest\u00e4ndige Gummibeschichtung mit glattem NBR-Schlauch. Der Schlauch ist von Stahlseilen und synthetischen Garnen verst\u00e4rkt.<\/td>\n<\/tr>\n<tr>\n<td><strong>Durchmesser<\/strong><\/td>\n<td>38 mm (1-1\/2&#8243;) ID, 50 mm OD<\/td>\n<\/tr>\n<tr>\n<td><strong>Vakuum<\/strong><\/td>\n<td>11 PSI (0,8 bar)<\/td>\n<\/tr>\n<\/tbody>\n<\/table>\n","protected":false},"excerpt":{"rendered":"<p>Seaflow Superflex Kraftstoffschlauch ISO 7840 A1 38mm &#8211; Die Seaflow Superflex-Marinekraftstoff\u00fcbertragungsleitung ist f\u00fcr Diesel- und bleifreies Benzin geeignet. Dieser Kraftstoffschlauch<\/p>\n","protected":false},"featured_media":5944978,"comment_status":"open","ping_status":"closed","template":"","meta":[],"product_brand":[3355],"product_cat":[1512],"product_tag":[],"class_list":{"0":"post-736510","1":"product","2":"type-product","3":"status-publish","4":"has-post-thumbnail","6":"product_brand-seaflow-de","7":"product_cat-kraftstoffschlauch","9":"first","10":"instock","11":"shipping-taxable","12":"purchasable","13":"product-type-simple"},"_links":{"self":[{"href":"https:\/\/stoic-curie.212-227-153-4.plesk.page\/de\/wp-json\/wp\/v2\/product\/736510","targetHints":{"allow":["GET"]}}],"collection":[{"href":"https:\/\/stoic-curie.212-227-153-4.plesk.page\/de\/wp-json\/wp\/v2\/product"}],"about":[{"href":"https:\/\/stoic-curie.212-227-153-4.plesk.page\/de\/wp-json\/wp\/v2\/types\/product"}],"replies":[{"embeddable":true,"href":"https:\/\/stoic-curie.212-227-153-4.plesk.page\/de\/wp-json\/wp\/v2\/comments?post=736510"}],"version-history":[{"count":0,"href":"https:\/\/stoic-curie.212-227-153-4.plesk.page\/de\/wp-json\/wp\/v2\/product\/736510\/revisions"}],"wp:featuredmedia":[{"embeddable":true,"href":"https:\/\/stoic-curie.212-227-153-4.plesk.page\/de\/wp-json\/wp\/v2\/media\/5944978"}],"wp:attachment":[{"href":"https:\/\/stoic-curie.212-227-153-4.plesk.page\/de\/wp-json\/wp\/v2\/media?parent=736510"}],"wp:term":[{"taxonomy":"product_brand","embeddable":true,"href":"https:\/\/stoic-curie.212-227-153-4.plesk.page\/de\/wp-json\/wp\/v2\/product_brand?post=736510"},{"taxonomy":"product_cat","embeddable":true,"href":"https:\/\/stoic-curie.212-227-153-4.plesk.page\/de\/wp-json\/wp\/v2\/product_cat?post=736510"},{"taxonomy":"product_tag","embeddable":true,"href":"https:\/\/stoic-curie.212-227-153-4.plesk.page\/de\/wp-json\/wp\/v2\/product_tag?post=736510"}],"curies":[{"name":"wp","href":"https:\/\/api.w.org\/{rel}","templated":true}]}}