{"id":736511,"date":"2025-03-03T16:32:26","date_gmt":"2025-03-03T15:32:26","guid":{"rendered":"https:\/\/stoic-curie.212-227-153-4.plesk.page\/producto\/seaflow-superflex-kraftstoffschlauch-iso-7840-a1-51mm\/"},"modified":"2026-02-24T23:35:07","modified_gmt":"2026-02-24T23:35:07","slug":"seaflow-superflex-kraftstoffschlauch-iso-7840-a1-51mm","status":"publish","type":"product","link":"https:\/\/stoic-curie.212-227-153-4.plesk.page\/de\/product\/seaflow-superflex-kraftstoffschlauch-iso-7840-a1-51mm\/","title":{"rendered":"Seaflow Superflex Kraftstoffschlauch ISO 7840 A1 51mm"},"content":{"rendered":"<p>Seaflow Superflex Kraftstoffschlauch ISO 7840 A1 51mm &#8211; <\/p>\n<div class=\"col-24 col-md-15\">\n<p>Der Seaflow Superflex-Marinekraftstoff-\u00dcbertragungs schlauch eignet sich f\u00fcr Diesel und bleifreies Benzin. Dieser Kraftstoffschlauch kann in Kraftstoffzufuhr- und R\u00fccklaufleitungen, Bel\u00fcftungen von Kraftstofftanks und beim Bef\u00fcllen von Kraftstofftanks sowie in anderen Anwendungen in feuergef\u00e4hrdeten Bereichen eingesetzt werden. Dieser Schlauch ist speziell nach den Anforderungen von ISO 7840 A1 gefertigt, was bedeutet, dass er mindestens 2 Minuten feuerfest ist.<\/p>\n<p>Dieser Seaflow-Kraftstoffschlauch verf\u00fcgt \u00fcber eine textile und stahlverst\u00e4rkte schwarze synthetische Gummioberfl\u00e4che, die gegen\u00fcber Flammen, Abrieb, Ozon, Witterung, Hitze und \u00d6l best\u00e4ndig ist. Das Innrohr ist glatt und besteht aus NBR schwarzen Gummi, was bis zu 50 % der Kraftstoffger\u00fcche einschlie\u00dft. Dieser Kraftstoffschlauch ist zudem \u00e4u\u00dferst flexibel und leicht, was die Installation erleichtert.<\/p>\n<p>Dieser Seaflow Superflex-Kraftstoffschlauch ist mit Innendurchmessern von 25 mm, 32 mm, 38 mm und 51 mm erh\u00e4ltlich und wird pro Meter verkauft. Er wird aus einer 20-Meter-Spule geschnitten, sodass Bestellungen \u00fcber diesem Betrag nicht als ein einzelner Schlauch geliefert werden. Vollspulen sind ebenfalls erh\u00e4ltlich.<\/p>\n<\/div>\n<h3>Spezifikationen<\/h3>\n<table class=\"table\">\n<tbody>\n<tr>\n<td><strong>Genehmigungen<\/strong><\/td>\n<td>F\u00fcr ISO7840 A1 zertifiziert. CE, RINA und Lloyd&#8217;s zugelassen.<\/td>\n<\/tr>\n<tr>\n<td><strong>Temperaturbereich<\/strong><\/td>\n<td>-20\u00b0C bis +100\u00b0C<\/td>\n<\/tr>\n<tr>\n<td><strong>Arbeitsdruck<\/strong><\/td>\n<td>36 PSI (2,5 bar)<\/td>\n<\/tr>\n<tr>\n<td><strong>Marke<\/strong><\/td>\n<td>Seaflow<\/td>\n<\/tr>\n<tr>\n<td><strong>Verkaufseinheit<\/strong><\/td>\n<td>Pro Meter<\/td>\n<\/tr>\n<tr>\n<td><strong>Abbiegeradius<\/strong><\/td>\n<td>254mm<\/td>\n<\/tr>\n<tr>\n<td><strong>Platzdruck<\/strong><\/td>\n<td>145 PSI (10 bar)<\/td>\n<\/tr>\n<tr>\n<td><strong>Konstruktion<\/strong><\/td>\n<td>Deckel aus synthetischem, feuerfestem Gummi mit glattem NBR-Schlauch innen. Schlauch wird durch Draht und synthetisches Garn verst\u00e4rkt.<\/td>\n<\/tr>\n<tr>\n<td><strong>Durchmesser<\/strong><\/td>\n<td>51mm (2&#8243;) ID, 64mm OD<\/td>\n<\/tr>\n<tr>\n<td><strong>Vakuum<\/strong><\/td>\n<td>11 PSI (0,8 bar)<\/td>\n<\/tr>\n<\/tbody>\n<\/table>\n","protected":false},"excerpt":{"rendered":"<p>Seaflow Superflex Kraftstoffschlauch ISO 7840 A1 51mm &#8211; Der Seaflow Superflex-Marinekraftstoff-\u00dcbertragungs schlauch eignet sich f\u00fcr Diesel und bleifreies Benzin. Dieser<\/p>\n","protected":false},"featured_media":5944978,"comment_status":"open","ping_status":"closed","template":"","meta":[],"product_brand":[3355],"product_cat":[1512],"product_tag":[],"class_list":{"0":"post-736511","1":"product","2":"type-product","3":"status-publish","4":"has-post-thumbnail","6":"product_brand-seaflow-de","7":"product_cat-kraftstoffschlauch","9":"first","10":"instock","11":"shipping-taxable","12":"purchasable","13":"product-type-simple"},"_links":{"self":[{"href":"https:\/\/stoic-curie.212-227-153-4.plesk.page\/de\/wp-json\/wp\/v2\/product\/736511","targetHints":{"allow":["GET"]}}],"collection":[{"href":"https:\/\/stoic-curie.212-227-153-4.plesk.page\/de\/wp-json\/wp\/v2\/product"}],"about":[{"href":"https:\/\/stoic-curie.212-227-153-4.plesk.page\/de\/wp-json\/wp\/v2\/types\/product"}],"replies":[{"embeddable":true,"href":"https:\/\/stoic-curie.212-227-153-4.plesk.page\/de\/wp-json\/wp\/v2\/comments?post=736511"}],"version-history":[{"count":0,"href":"https:\/\/stoic-curie.212-227-153-4.plesk.page\/de\/wp-json\/wp\/v2\/product\/736511\/revisions"}],"wp:featuredmedia":[{"embeddable":true,"href":"https:\/\/stoic-curie.212-227-153-4.plesk.page\/de\/wp-json\/wp\/v2\/media\/5944978"}],"wp:attachment":[{"href":"https:\/\/stoic-curie.212-227-153-4.plesk.page\/de\/wp-json\/wp\/v2\/media?parent=736511"}],"wp:term":[{"taxonomy":"product_brand","embeddable":true,"href":"https:\/\/stoic-curie.212-227-153-4.plesk.page\/de\/wp-json\/wp\/v2\/product_brand?post=736511"},{"taxonomy":"product_cat","embeddable":true,"href":"https:\/\/stoic-curie.212-227-153-4.plesk.page\/de\/wp-json\/wp\/v2\/product_cat?post=736511"},{"taxonomy":"product_tag","embeddable":true,"href":"https:\/\/stoic-curie.212-227-153-4.plesk.page\/de\/wp-json\/wp\/v2\/product_tag?post=736511"}],"curies":[{"name":"wp","href":"https:\/\/api.w.org\/{rel}","templated":true}]}}