{"id":736512,"date":"2025-03-03T16:32:26","date_gmt":"2025-03-03T15:32:26","guid":{"rendered":"https:\/\/stoic-curie.212-227-153-4.plesk.page\/producto\/roca-edelstahl-tankbelueftung-16-mm-schlauch-gewinkelt\/"},"modified":"2026-02-24T23:35:07","modified_gmt":"2026-02-24T23:35:07","slug":"roca-edelstahl-tankbelueftung-16-mm-schlauch-gewinkelt","status":"publish","type":"product","link":"https:\/\/stoic-curie.212-227-153-4.plesk.page\/de\/product\/roca-edelstahl-tankbelueftung-16-mm-schlauch-gewinkelt\/","title":{"rendered":"Roca Edelstahl-Tankbel\u00fcftung (16 mm Schlauch \/ gewinkelt)"},"content":{"rendered":"<p>Roca Edelstahl-Tankbel\u00fcftung (16 mm Schlauch \/ gewinkelt) &#8211; <\/p>\n<div class=\"col-24 col-md-15\">\n<p>Der Roca schr\u00e4g montierte Tankl\u00fcfter aus Edelstahl 316 verf\u00fcgt \u00fcber ein austauschbares, flammhemmendes Netz und einen verstellbaren Spritzschutz. Dieser Roca Tankl\u00fcfter wird oberfl\u00e4chenmontiert und bietet Platz f\u00fcr zwei Schlauchschellen.<\/p>\n<\/div>\n<h3>Spezifikationen<\/h3>\n<table class=\"table\">\n<tbody>\n<tr>\n<td><strong>L\u00e4nge<\/strong><\/td>\n<td>Schlauchanschluss &#8211; 93mm<\/td>\n<\/tr>\n<tr>\n<td><strong>Breite<\/strong><\/td>\n<td>Montageplatte &#8211; 66mm<\/td>\n<\/tr>\n<tr>\n<td><strong>Marke<\/strong><\/td>\n<td>Roca<\/td>\n<\/tr>\n<tr>\n<td><strong>Flammenhemmer<\/strong><\/td>\n<td>Ja<\/td>\n<\/tr>\n<tr>\n<td><strong>Konstruktion<\/strong><\/td>\n<td>Edelstahl 316<\/td>\n<\/tr>\n<tr>\n<td><strong>Schlauchgr\u00f6\u00dfe<\/strong><\/td>\n<td>16mm \/ 5\/8&#8243; Schlauch<\/td>\n<\/tr>\n<tr>\n<td><strong>Modell<\/strong><\/td>\n<td>482000<\/td>\n<\/tr>\n<tr>\n<td><strong>Form<\/strong><\/td>\n<td>Rund<\/td>\n<\/tr>\n<\/tbody>\n<\/table>\n","protected":false},"excerpt":{"rendered":"<p>Roca Edelstahl-Tankbel\u00fcftung (16 mm Schlauch \/ gewinkelt) &#8211; Der Roca schr\u00e4g montierte Tankl\u00fcfter aus Edelstahl 316 verf\u00fcgt \u00fcber ein austauschbares,<\/p>\n","protected":false},"featured_media":5944980,"comment_status":"open","ping_status":"closed","template":"","meta":[],"product_brand":[3315],"product_cat":[1412,1513],"product_tag":[],"class_list":{"0":"post-736512","1":"product","2":"type-product","3":"status-publish","4":"has-post-thumbnail","6":"product_brand-roca-marine-de","7":"product_cat-bootdeckbelueftungen","8":"product_cat-kraftstofftanks","10":"first","11":"instock","12":"shipping-taxable","13":"purchasable","14":"product-type-simple"},"_links":{"self":[{"href":"https:\/\/stoic-curie.212-227-153-4.plesk.page\/de\/wp-json\/wp\/v2\/product\/736512","targetHints":{"allow":["GET"]}}],"collection":[{"href":"https:\/\/stoic-curie.212-227-153-4.plesk.page\/de\/wp-json\/wp\/v2\/product"}],"about":[{"href":"https:\/\/stoic-curie.212-227-153-4.plesk.page\/de\/wp-json\/wp\/v2\/types\/product"}],"replies":[{"embeddable":true,"href":"https:\/\/stoic-curie.212-227-153-4.plesk.page\/de\/wp-json\/wp\/v2\/comments?post=736512"}],"version-history":[{"count":0,"href":"https:\/\/stoic-curie.212-227-153-4.plesk.page\/de\/wp-json\/wp\/v2\/product\/736512\/revisions"}],"wp:featuredmedia":[{"embeddable":true,"href":"https:\/\/stoic-curie.212-227-153-4.plesk.page\/de\/wp-json\/wp\/v2\/media\/5944980"}],"wp:attachment":[{"href":"https:\/\/stoic-curie.212-227-153-4.plesk.page\/de\/wp-json\/wp\/v2\/media?parent=736512"}],"wp:term":[{"taxonomy":"product_brand","embeddable":true,"href":"https:\/\/stoic-curie.212-227-153-4.plesk.page\/de\/wp-json\/wp\/v2\/product_brand?post=736512"},{"taxonomy":"product_cat","embeddable":true,"href":"https:\/\/stoic-curie.212-227-153-4.plesk.page\/de\/wp-json\/wp\/v2\/product_cat?post=736512"},{"taxonomy":"product_tag","embeddable":true,"href":"https:\/\/stoic-curie.212-227-153-4.plesk.page\/de\/wp-json\/wp\/v2\/product_tag?post=736512"}],"curies":[{"name":"wp","href":"https:\/\/api.w.org\/{rel}","templated":true}]}}