{"id":736513,"date":"2025-03-03T16:32:27","date_gmt":"2025-03-03T15:32:27","guid":{"rendered":"https:\/\/stoic-curie.212-227-153-4.plesk.page\/producto\/seaflow-marine-nassauspuffschauch-75mm\/"},"modified":"2026-02-24T23:35:07","modified_gmt":"2026-02-24T23:35:07","slug":"seaflow-marine-nassauspuffschauch-75mm","status":"publish","type":"product","link":"https:\/\/stoic-curie.212-227-153-4.plesk.page\/de\/product\/seaflow-marine-nassauspuffschauch-75mm\/","title":{"rendered":"Seaflow Marine Nassauspuffschauch 75mm"},"content":{"rendered":"<p>Seaflow Marine Nassauspuffschauch 75mm &#8211; Der 76mm Seaflow Superflex Marineauspuffschlauch ist geeignet f\u00fcr die Ableitung von Abgasen, indem er das Heiz- und K\u00fchlsystem des Fahrzeugs nutzt. Der Seaflow Marineauspuffschlauch ist ausschlie\u00dflich f\u00fcr Nassen Abgassysteme geeignet und wird pro Meter verkauft. Der Marineauspuffschlauch ist nicht nur robust, sondern auch \u00e4u\u00dferst flexibel, um die Installation so einfach wie m\u00f6glich zu gestalten. Der Seaflow Auspuffschlauch ist nach R.I.N.A. und Lloyd&#8217;s zugelassen. Dieser Auspuffschlauch kann den Volvo Penta 888212 Marine-Nassauspuffschlauch ersetzen. Der Schlauch hat ein inneres NBR-Gummirohr, das \u00f6l-, kraftstoff-, meerwasser- und gasverbrennungsbest\u00e4ndig ist. Die Au\u00dfenh\u00fclle besteht aus NBR\/CR schwarzen Gummi, der abrieb-, ozon-, wetter-, hei\u00df- und \u00f6lbest\u00e4ndig ist. Der Ansaugschlauch verf\u00fcgt \u00fcber synthetische Textilverst\u00e4rkungen und eine spiralf\u00f6rmige Stahlverst\u00e4rkung. Die Oberfl\u00e4che des Schlauches ist gewellt mit einer Stoffoberfl\u00e4che und bedruckt mit der blauen Transferbeschriftung &#8220;EUROCORD MARINGAS \/ HD &#8211; R.I.N.A. Nr. &#8230; SAE J 2006:03 &#8211; LLOYD&#8217;S APPROVED CERT&#8230; NR. 02\/00029&#8221;. Der Seaflow Superflex Marineauspuffschlauch wird pro Meter verkauft und auf die bestellte Gesamtl\u00e4nge zugeschnitten. Wir verkaufen auch Seaflow Marineauspuffschl\u00e4uche in separaten Restst\u00fccken (je nach Verf\u00fcgbarkeit), 10m Spulen und vollen 20m Spulen, die zus\u00e4tzliche Ersparnisse bieten. Dieser Seaflow Marineauspuffschlauch ist in verschiedenen Innendurchmessern von 19mm bis 203mm erh\u00e4ltlich, um zu Ihrem Abgassystem zu passen.<\/p>\n","protected":false},"excerpt":{"rendered":"<p>Seaflow Marine Nassauspuffschauch 75mm &#8211; Der 76mm Seaflow Superflex Marineauspuffschlauch ist geeignet f\u00fcr die Ableitung von Abgasen, indem er das<\/p>\n","protected":false},"featured_media":5944984,"comment_status":"open","ping_status":"closed","template":"","meta":[],"product_brand":[3355],"product_cat":[1505],"product_tag":[],"class_list":{"0":"post-736513","1":"product","2":"type-product","3":"status-publish","4":"has-post-thumbnail","6":"product_brand-seaflow-de","7":"product_cat-abgasschlauch","9":"first","10":"instock","11":"shipping-taxable","12":"purchasable","13":"product-type-simple"},"_links":{"self":[{"href":"https:\/\/stoic-curie.212-227-153-4.plesk.page\/de\/wp-json\/wp\/v2\/product\/736513","targetHints":{"allow":["GET"]}}],"collection":[{"href":"https:\/\/stoic-curie.212-227-153-4.plesk.page\/de\/wp-json\/wp\/v2\/product"}],"about":[{"href":"https:\/\/stoic-curie.212-227-153-4.plesk.page\/de\/wp-json\/wp\/v2\/types\/product"}],"replies":[{"embeddable":true,"href":"https:\/\/stoic-curie.212-227-153-4.plesk.page\/de\/wp-json\/wp\/v2\/comments?post=736513"}],"version-history":[{"count":0,"href":"https:\/\/stoic-curie.212-227-153-4.plesk.page\/de\/wp-json\/wp\/v2\/product\/736513\/revisions"}],"wp:featuredmedia":[{"embeddable":true,"href":"https:\/\/stoic-curie.212-227-153-4.plesk.page\/de\/wp-json\/wp\/v2\/media\/5944984"}],"wp:attachment":[{"href":"https:\/\/stoic-curie.212-227-153-4.plesk.page\/de\/wp-json\/wp\/v2\/media?parent=736513"}],"wp:term":[{"taxonomy":"product_brand","embeddable":true,"href":"https:\/\/stoic-curie.212-227-153-4.plesk.page\/de\/wp-json\/wp\/v2\/product_brand?post=736513"},{"taxonomy":"product_cat","embeddable":true,"href":"https:\/\/stoic-curie.212-227-153-4.plesk.page\/de\/wp-json\/wp\/v2\/product_cat?post=736513"},{"taxonomy":"product_tag","embeddable":true,"href":"https:\/\/stoic-curie.212-227-153-4.plesk.page\/de\/wp-json\/wp\/v2\/product_tag?post=736513"}],"curies":[{"name":"wp","href":"https:\/\/api.w.org\/{rel}","templated":true}]}}