{"id":736514,"date":"2025-03-03T16:32:27","date_gmt":"2025-03-03T15:32:27","guid":{"rendered":"https:\/\/stoic-curie.212-227-153-4.plesk.page\/producto\/seaflow-marine-nassauspuffschauch-89mm\/"},"modified":"2026-02-24T23:35:07","modified_gmt":"2026-02-24T23:35:07","slug":"seaflow-marine-nassauspuffschauch-89mm","status":"publish","type":"product","link":"https:\/\/stoic-curie.212-227-153-4.plesk.page\/de\/product\/seaflow-marine-nassauspuffschauch-89mm\/","title":{"rendered":"Seaflow Marine Nassauspuffschauch 89mm"},"content":{"rendered":"<p>Seaflow Marine Nassauspuffschauch 89mm &#8211; <\/p>\n<div class=\"col-24 col-md-15\">\n<p>Der 89mm Seaflow Superflex Marine-Auspuffschlauch ist geeignet f\u00fcr die Ableitung von Abgasen und f\u00fcr die Heizungs- und K\u00fchlsysteme von Schiffen. Der Seaflow Marine-Auspuffschlauch ist ausschlie\u00dflich f\u00fcr Nassabgassysteme geeignet und wird pro Meter Schlauch verkauft.<\/p>\n<p>Der Marine-Auspuffschlauch ist nicht nur robust, sondern auch extrem flexibel, um die Installation so einfach wie m\u00f6glich zu gestalten.<\/p>\n<p>Der Seaflow Auspuffschlauch entspricht den Spezifikationen von R.I.N.A. und LLOYD&#8217;s.<\/p>\n<p>Dieser Auspuffschlauch kann den Volvo Penta 1140667 Marine-Nassauspuffschlauch ersetzen.<\/p>\n<p><style id=\"1\" name=\"Bold\" type=\"2\"><![CDATA[Seaflow Marine Auspuffschlauch Konstruktion]]><\/style>\n<\/p>\n<p>Der Innenschlauch besteht aus schwarzem NBR-Gummi, der best\u00e4ndig gegen \u00d6l, Kraftstoff, Salzwasser und Gasverbrennung ist. Der Mantel besteht aus schwarzem NBR\/CR-Gummi, der widerstandsf\u00e4hig gegen Abrieb, Ozon, Wetter, Hitze und \u00d6l ist. Der Ansaugschlauch verf\u00fcgt \u00fcber synthetische textile Verst\u00e4rkungen und eine Stahl Drahtspiralverst\u00e4rkung. Die Oberfl\u00e4che des Schlauchs ist gewellt mit einer Stoffoberfl\u00e4che und mit dem Aufdruck &#8220;EUROCORD MARINGAS \/ HD &#8211; R.I.N.A. Nr&#8230; SAE J 2006:03 &#8211; LLOYDS&#8217; ZERTIFIKAT&#8230; NR. 02\/00029&#8221;.<\/p>\n<p>Der Seaflow Superflex Marine-Auspuffschlauch wird pro Meter verkauft und auf die insgesamt bestellte L\u00e4nge zugeschnitten. Wir verkaufen auch Seaflow Marine-Auspuffschlauch in separaten Restst\u00fccken (je nach Verf\u00fcgbarkeit) und 10m-Rollen, die zus\u00e4tzliche Ersparnisse beinhalten.<\/p>\n<p>Dieser Seaflow Marine-Auspuffschlauch ist in verschiedenen Innendurchmessern von 19mm bis 203mm erh\u00e4ltlich, um perfekt in Ihr Abgassystem zu passen.<\/p>\n<\/div>\n<h3>Spezifikationen<\/h3>\n<table class=\"table\">\n<tbody>\n<tr>\n<td><strong>Genehmigungen<\/strong><\/td>\n<td>Genehmigt gem\u00e4\u00df R.I.N.A. &#038; Lloyd&#8217;s Spezifikation.<\/td>\n<\/tr>\n<tr>\n<td><strong>Temperaturbereich<\/strong><\/td>\n<td>-30\u00b0C bis +100\u00b0C<\/td>\n<\/tr>\n<tr>\n<td><strong>Betriebsdruck<\/strong><\/td>\n<td>43,5 PSI (3 bar)<\/td>\n<\/tr>\n<tr>\n<td><strong>Marke<\/strong><\/td>\n<td>Seaflow<\/td>\n<\/tr>\n<tr>\n<td><strong>Verkaufseinheit<\/strong><\/td>\n<td>Pro Meter<\/td>\n<\/tr>\n<tr>\n<td><strong>Biegeradius<\/strong><\/td>\n<td>360mm<\/td>\n<\/tr>\n<tr>\n<td><strong>Berstdruck<\/strong><\/td>\n<td>130 PSI (9 bar)<\/td>\n<\/tr>\n<tr>\n<td><strong>Konstruktion<\/strong><\/td>\n<td>Glatter NBR-Gummi-Innenschlauch mit NBR\/CR-Mantel. Synthetische Textilfasern und Stahlspiralverst\u00e4rkung.<\/td>\n<\/tr>\n<tr>\n<td><strong>Durchmesser<\/strong><\/td>\n<td>89mm (3-1\/2&#8243;) ID, 102mm OD<\/td>\n<\/tr>\n<tr>\n<td><strong>Ersetzt<\/strong><\/td>\n<td>Volvo Penta 1140667<\/td>\n<\/tr>\n<tr>\n<td><strong>Eignung<\/strong><\/td>\n<td>Nassabgassysteme nur<\/td>\n<\/tr>\n<\/tbody>\n<\/table>\n","protected":false},"excerpt":{"rendered":"<p>Seaflow Marine Nassauspuffschauch 89mm &#8211; Der 89mm Seaflow Superflex Marine-Auspuffschlauch ist geeignet f\u00fcr die Ableitung von Abgasen und f\u00fcr die<\/p>\n","protected":false},"featured_media":5944985,"comment_status":"open","ping_status":"closed","template":"","meta":[],"product_brand":[3355],"product_cat":[1505],"product_tag":[],"class_list":{"0":"post-736514","1":"product","2":"type-product","3":"status-publish","4":"has-post-thumbnail","6":"product_brand-seaflow-de","7":"product_cat-abgasschlauch","9":"first","10":"instock","11":"shipping-taxable","12":"purchasable","13":"product-type-simple"},"_links":{"self":[{"href":"https:\/\/stoic-curie.212-227-153-4.plesk.page\/de\/wp-json\/wp\/v2\/product\/736514","targetHints":{"allow":["GET"]}}],"collection":[{"href":"https:\/\/stoic-curie.212-227-153-4.plesk.page\/de\/wp-json\/wp\/v2\/product"}],"about":[{"href":"https:\/\/stoic-curie.212-227-153-4.plesk.page\/de\/wp-json\/wp\/v2\/types\/product"}],"replies":[{"embeddable":true,"href":"https:\/\/stoic-curie.212-227-153-4.plesk.page\/de\/wp-json\/wp\/v2\/comments?post=736514"}],"version-history":[{"count":0,"href":"https:\/\/stoic-curie.212-227-153-4.plesk.page\/de\/wp-json\/wp\/v2\/product\/736514\/revisions"}],"wp:featuredmedia":[{"embeddable":true,"href":"https:\/\/stoic-curie.212-227-153-4.plesk.page\/de\/wp-json\/wp\/v2\/media\/5944985"}],"wp:attachment":[{"href":"https:\/\/stoic-curie.212-227-153-4.plesk.page\/de\/wp-json\/wp\/v2\/media?parent=736514"}],"wp:term":[{"taxonomy":"product_brand","embeddable":true,"href":"https:\/\/stoic-curie.212-227-153-4.plesk.page\/de\/wp-json\/wp\/v2\/product_brand?post=736514"},{"taxonomy":"product_cat","embeddable":true,"href":"https:\/\/stoic-curie.212-227-153-4.plesk.page\/de\/wp-json\/wp\/v2\/product_cat?post=736514"},{"taxonomy":"product_tag","embeddable":true,"href":"https:\/\/stoic-curie.212-227-153-4.plesk.page\/de\/wp-json\/wp\/v2\/product_tag?post=736514"}],"curies":[{"name":"wp","href":"https:\/\/api.w.org\/{rel}","templated":true}]}}