{"id":736515,"date":"2025-03-03T16:32:27","date_gmt":"2025-03-03T15:32:27","guid":{"rendered":"https:\/\/stoic-curie.212-227-153-4.plesk.page\/producto\/seaflow-marine-nassauspuffschauch-102mm\/"},"modified":"2026-02-24T23:35:07","modified_gmt":"2026-02-24T23:35:07","slug":"seaflow-marine-nassauspuffschauch-102mm","status":"publish","type":"product","link":"https:\/\/stoic-curie.212-227-153-4.plesk.page\/de\/product\/seaflow-marine-nassauspuffschauch-102mm\/","title":{"rendered":"Seaflow Marine Nassauspuffschauch 102mm"},"content":{"rendered":"<p>Seaflow Marine Nassauspuffschauch 102mm &#8211; <\/p>\n<div class=\"col-24 col-md-15\">\n<p>Der 102 mm Seaflow Superflex-Marine-Auspuffschlauch eignet sich zum Ableiten von Abgasen und f\u00fcr Heizungs- und K\u00fchlsysteme von Booten. Der Seaflow-Marine-Auspuffschlauch ist ausschlie\u00dflich f\u00fcr nasse Abgasanlagen geeignet und wird pro Meter verkauft.<\/p>\n<p>Der Marine-Auspuffschlauch ist nicht nur robust, sondern auch \u00e4u\u00dferst flexibel, was die Installation so einfach wie m\u00f6glich macht.<\/p>\n<p>Der Seaflow-Auspuffschlauch ist gem\u00e4\u00df den Spezifikationen von R.I.N.A. und LLOYD&#8217;s zugelassen.<\/p>\n<p>Dieser Auspuffschlauch kann den Volvo Penta 1140668 Marine-Auspuffschlauch ersetzen.<\/p>\n<p><style id=\"1\" name=\"Bold\" type=\"2\"><![CDATA[Seaflow Marine-Auspuffschlauch-Konstruktion]]><\/style>\n<\/p>\n<p>Der Innenschlauch besteht aus schwarzem NBR-Gummi, der best\u00e4ndig gegen \u00d6l, Kraftstoff, Salzwasser und brennendes Gas ist. Der Au\u00dfenschlauch besteht aus schwarzem NBR\/CR-Gummi, der best\u00e4ndig gegen Abrieb, Ozon, Wetter, Hitze und \u00d6l ist. Der Ansaugschlauch verf\u00fcgt \u00fcber Verst\u00e4rkungen aus synthetischen Textilfasern und eine Verst\u00e4rkung aus Stahlspiralen. Die Oberfl\u00e4che des Schlauchs ist genoppt und mit einem Gewebefinish versehen, bedruckt mit der blauen Transferbeschriftung &#8220;EUROCORD MARINGAS \/ HD &#8211; R.I.N.A. Nr&#8230; SAE J 2006:03 &#8211; LLOYDS&#8217; APPROVED CERT&#8230; NR. 02\/00029&#8221;.<\/p>\n<p>Der Seaflow Superflex-Marine-Auspuffschlauch wird pro Meter verkauft und auf die gesamte bestellte L\u00e4nge zugeschnitten. Wir bieten auch Seaflow-Marine-Auspuffschl\u00e4uche in einzelnen Restst\u00fccken (je nach Verf\u00fcgbarkeit), 10 m Coils und vollen 20 m Coils mit zus\u00e4tzlichen Einsparungen an.<\/p>\n<p>Dieser Seaflow-Marine-Auspuffschlauch ist in verschiedenen Innendurchmessern von 19 mm bis 203 mm erh\u00e4ltlich, um zu Ihrem Abgassystem zu passen.<\/p>\n<\/p><\/div>\n<h3>Spezifikationen<\/h3>\n<table class=\"table\">\n<tbody>\n<tr>\n<td><strong>Genehmigungen<\/strong><\/td>\n<td>Genehmigt nach R.I.N.A. &#038; LLOYD&#8217;s Spezifikation.<\/td>\n<\/tr>\n<tr>\n<td><strong>Temperaturbereich<\/strong><\/td>\n<td>-30\u00b0C bis +100\u00b0C<\/td>\n<\/tr>\n<tr>\n<td><strong>Arbeitsdruck<\/strong><\/td>\n<td>43,5 PSI (3 bar)<\/td>\n<\/tr>\n<tr>\n<td><strong>Marke<\/strong><\/td>\n<td>Seaflow<\/td>\n<\/tr>\n<tr>\n<td><strong>Verkaufseinheit<\/strong><\/td>\n<td>Pro Meter<\/td>\n<\/tr>\n<tr>\n<td><strong>Biegeradius<\/strong><\/td>\n<td>400 mm<\/td>\n<\/tr>\n<tr>\n<td><strong>Platzen Druck<\/strong><\/td>\n<td>130 PSI (9 bar)<\/td>\n<\/tr>\n<tr>\n<td><strong>Konstruktion<\/strong><\/td>\n<td>Glatter NBR-Gummi-Innen mit NBR\/CR-Au\u00dfen. Verst\u00e4rkt mit synthetischen Textilstoffen und Stahlspiralen.<\/td>\n<\/tr>\n<tr>\n<td><strong>Durchmesser<\/strong><\/td>\n<td>102 mm (4&#8243;) ID, 112 mm OD<\/td>\n<\/tr>\n<tr>\n<td><strong>Ersetzt<\/strong><\/td>\n<td>Volvo Penta 1140668<\/td>\n<\/tr>\n<tr>\n<td><strong>Eignung<\/strong><\/td>\n<td>Nassabgasanlagen nur<\/td>\n<\/tr>\n<\/tbody>\n<\/table>\n","protected":false},"excerpt":{"rendered":"<p>Seaflow Marine Nassauspuffschauch 102mm &#8211; Der 102 mm Seaflow Superflex-Marine-Auspuffschlauch eignet sich zum Ableiten von Abgasen und f\u00fcr Heizungs- und<\/p>\n","protected":false},"featured_media":5944986,"comment_status":"open","ping_status":"closed","template":"","meta":[],"product_brand":[3355],"product_cat":[1505],"product_tag":[],"class_list":{"0":"post-736515","1":"product","2":"type-product","3":"status-publish","4":"has-post-thumbnail","6":"product_brand-seaflow-de","7":"product_cat-abgasschlauch","9":"first","10":"instock","11":"shipping-taxable","12":"purchasable","13":"product-type-simple"},"_links":{"self":[{"href":"https:\/\/stoic-curie.212-227-153-4.plesk.page\/de\/wp-json\/wp\/v2\/product\/736515","targetHints":{"allow":["GET"]}}],"collection":[{"href":"https:\/\/stoic-curie.212-227-153-4.plesk.page\/de\/wp-json\/wp\/v2\/product"}],"about":[{"href":"https:\/\/stoic-curie.212-227-153-4.plesk.page\/de\/wp-json\/wp\/v2\/types\/product"}],"replies":[{"embeddable":true,"href":"https:\/\/stoic-curie.212-227-153-4.plesk.page\/de\/wp-json\/wp\/v2\/comments?post=736515"}],"version-history":[{"count":0,"href":"https:\/\/stoic-curie.212-227-153-4.plesk.page\/de\/wp-json\/wp\/v2\/product\/736515\/revisions"}],"wp:featuredmedia":[{"embeddable":true,"href":"https:\/\/stoic-curie.212-227-153-4.plesk.page\/de\/wp-json\/wp\/v2\/media\/5944986"}],"wp:attachment":[{"href":"https:\/\/stoic-curie.212-227-153-4.plesk.page\/de\/wp-json\/wp\/v2\/media?parent=736515"}],"wp:term":[{"taxonomy":"product_brand","embeddable":true,"href":"https:\/\/stoic-curie.212-227-153-4.plesk.page\/de\/wp-json\/wp\/v2\/product_brand?post=736515"},{"taxonomy":"product_cat","embeddable":true,"href":"https:\/\/stoic-curie.212-227-153-4.plesk.page\/de\/wp-json\/wp\/v2\/product_cat?post=736515"},{"taxonomy":"product_tag","embeddable":true,"href":"https:\/\/stoic-curie.212-227-153-4.plesk.page\/de\/wp-json\/wp\/v2\/product_tag?post=736515"}],"curies":[{"name":"wp","href":"https:\/\/api.w.org\/{rel}","templated":true}]}}