{"id":736516,"date":"2025-03-03T16:32:28","date_gmt":"2025-03-03T15:32:28","guid":{"rendered":"https:\/\/stoic-curie.212-227-153-4.plesk.page\/producto\/seaflow-marine-nassauspuffschauch-110mm\/"},"modified":"2026-02-24T23:35:07","modified_gmt":"2026-02-24T23:35:07","slug":"seaflow-marine-nassauspuffschauch-110mm","status":"publish","type":"product","link":"https:\/\/stoic-curie.212-227-153-4.plesk.page\/de\/product\/seaflow-marine-nassauspuffschauch-110mm\/","title":{"rendered":"Seaflow Marine Nassauspuffschauch 110mm"},"content":{"rendered":"<p>Seaflow Marine Nassauspuffschauch 110mm &#8211; Der Seaflow Superflex Marine-Abgasschlauch mit einem Durchmesser von 110 mm eignet sich f\u00fcr die Ableitung von Abgasen und wird im Heiz- und K\u00fchlsystem des Fahrzeugs verwendet. Der Seaflow Marine-Abgasschlauch ist ausschlie\u00dflich f\u00fcr Nassabgassysteme geeignet und wird pro Meter verkauft. Der Marine-Abgasschlauch ist nicht nur robust, sondern auch \u00e4u\u00dferst flexibel, um die Installation so einfach wie m\u00f6glich zu gestalten. Der Seaflow-Abgasschlauch ist gem\u00e4\u00df den Spezifikationen von R.I.N.A. und LLOYD&#8217;s zugelassen. Der Schlauch hat ein Innenrohr aus schwarzem NBR-Gummi, das gegen\u00fcber \u00d6l, Kraftstoff, Meerwasser und Gasverbrennung best\u00e4ndig ist. Die Ummantelung besteht aus schwarzem NBR\/CR-Gummi, der abrieb-, ozon-, wetter-, hitze- und \u00f6lbest\u00e4ndig ist. Der Ansaugschlauch verf\u00fcgt \u00fcber Verst\u00e4rkungen aus synthetischem Textil und eine Spiralverst\u00e4rkung aus Stahl. Die Oberfl\u00e4che des Schlauches ist gewellt mit einem Stofffinish und bedruckt mit der Aufschrift &#8220;EUROCORD MARINGAS \/ HD &#8211; R.I.N.A. No&#8230; SAE J 2006:03 &#8211; LLOYDS&#8217; APPROVED CERT&#8230; NR. 02\/00029&#8221;. Der Seaflow Superflex Marine-Abgasschlauch wird pro Meter verkauft und auf die bestellte Gesamtl\u00e4nge zugeschnitten. Wir verkaufen auch Seaflow Marine-Abgasschl\u00e4uche in separaten Restst\u00fccken (je nach Verf\u00fcgbarkeit) und 10m-Coils, die zus\u00e4tzliche Ersparnisse bieten. Dieser Seaflow Marine-Abgasschlauch ist mit verschiedenen Innendurchmessern zwischen 19 mm und 203 mm erh\u00e4ltlich, um Ihrem Abgassystem zu entsprechen.<\/p>\n","protected":false},"excerpt":{"rendered":"<p>Seaflow Marine Nassauspuffschauch 110mm &#8211; Der Seaflow Superflex Marine-Abgasschlauch mit einem Durchmesser von 110 mm eignet sich f\u00fcr die Ableitung<\/p>\n","protected":false},"featured_media":5944987,"comment_status":"open","ping_status":"closed","template":"","meta":[],"product_brand":[3355],"product_cat":[1505],"product_tag":[],"class_list":{"0":"post-736516","1":"product","2":"type-product","3":"status-publish","4":"has-post-thumbnail","6":"product_brand-seaflow-de","7":"product_cat-abgasschlauch","9":"first","10":"instock","11":"shipping-taxable","12":"purchasable","13":"product-type-simple"},"_links":{"self":[{"href":"https:\/\/stoic-curie.212-227-153-4.plesk.page\/de\/wp-json\/wp\/v2\/product\/736516","targetHints":{"allow":["GET"]}}],"collection":[{"href":"https:\/\/stoic-curie.212-227-153-4.plesk.page\/de\/wp-json\/wp\/v2\/product"}],"about":[{"href":"https:\/\/stoic-curie.212-227-153-4.plesk.page\/de\/wp-json\/wp\/v2\/types\/product"}],"replies":[{"embeddable":true,"href":"https:\/\/stoic-curie.212-227-153-4.plesk.page\/de\/wp-json\/wp\/v2\/comments?post=736516"}],"version-history":[{"count":0,"href":"https:\/\/stoic-curie.212-227-153-4.plesk.page\/de\/wp-json\/wp\/v2\/product\/736516\/revisions"}],"wp:featuredmedia":[{"embeddable":true,"href":"https:\/\/stoic-curie.212-227-153-4.plesk.page\/de\/wp-json\/wp\/v2\/media\/5944987"}],"wp:attachment":[{"href":"https:\/\/stoic-curie.212-227-153-4.plesk.page\/de\/wp-json\/wp\/v2\/media?parent=736516"}],"wp:term":[{"taxonomy":"product_brand","embeddable":true,"href":"https:\/\/stoic-curie.212-227-153-4.plesk.page\/de\/wp-json\/wp\/v2\/product_brand?post=736516"},{"taxonomy":"product_cat","embeddable":true,"href":"https:\/\/stoic-curie.212-227-153-4.plesk.page\/de\/wp-json\/wp\/v2\/product_cat?post=736516"},{"taxonomy":"product_tag","embeddable":true,"href":"https:\/\/stoic-curie.212-227-153-4.plesk.page\/de\/wp-json\/wp\/v2\/product_tag?post=736516"}],"curies":[{"name":"wp","href":"https:\/\/api.w.org\/{rel}","templated":true}]}}