{"id":736517,"date":"2025-03-03T16:32:28","date_gmt":"2025-03-03T15:32:28","guid":{"rendered":"https:\/\/stoic-curie.212-227-153-4.plesk.page\/producto\/seaflow-marine-nassauspuffschauch-127mm\/"},"modified":"2026-02-24T23:35:07","modified_gmt":"2026-02-24T23:35:07","slug":"seaflow-marine-nassauspuffschauch-127mm","status":"publish","type":"product","link":"https:\/\/stoic-curie.212-227-153-4.plesk.page\/de\/product\/seaflow-marine-nassauspuffschauch-127mm\/","title":{"rendered":"Seaflow Marine Nassauspuffschauch 127mm"},"content":{"rendered":"<p>Seaflow Marine Nassauspuffschauch 127mm &#8211; <\/p>\n<div class=\"col-24 col-md-15\">\n<p>Der 127 mm Seaflow Superflex Marineabgasschlauch eignet sich zur Ableitung von Abgasen und zur Nutzung des Heizungs- und K\u00fchlsystems von Wasserfahrzeugen. Der Seaflow Marineabgasschlauch ist ausschlie\u00dflich f\u00fcr nasse Abgassysteme geeignet und wird pro Meter Schlauch verkauft.<\/p>\n<p>Der Marineabgasschlauch ist nicht nur robust, sondern auch \u00e4u\u00dferst flexibel, um die Installation so einfach wie m\u00f6glich zu gestalten.<\/p>\n<p>Der Seaflow Abgasschlauch ist gem\u00e4\u00df den Spezifikationen von R.I.N.A. und LLOYD&#8217;s zugelassen.<\/p>\n<p>Dieser Abgasschlauch kann den Volvo Penta 1140669 Marine-Nassabgasschlauch ersetzen.<\/p>\n<p><style id=\"1\" name=\"Bold\" type=\"2\"><![CDATA[Seaflow Marineabgasschlauch Konstruktion]]><\/style>\n<\/p>\n<p>Der Innenschlauch besteht aus schwarzem NBR-Gummi, der best\u00e4ndig gegen \u00d6l, Kraftstoff, Meerwasser und Gasverbrennung ist. Die Abdeckung besteht aus NBR\/CR schwarzem Gummi, der abriebfest, ozonbest\u00e4ndig, wetterfest, hitzebest\u00e4ndig und \u00f6lbest\u00e4ndig ist. Der Ansaugschlauch verf\u00fcgt \u00fcber Verst\u00e4rkungen aus synthetischem Textilgewebe und eine Stahlspiralverst\u00e4rkung. Die Oberfl\u00e4che des Schlauchs ist gewellt mit einer Gewebe-Oberfl\u00e4che und mit dem blauen Transfertext &#8220;EUROCORD MARINGAS \/ HD &#8211; R.I.N.A. Nr&#8230; SAE J 2006:03 &#8211; LLOYDS&#8217; ZERTIFIKAT&#8230; NR. 02\/00029&#8221; bedruckt.<\/p>\n<p>Der Seaflow Superflex Marineabgasschlauch wird pro Meter verkauft und auf die gesamte bestellte L\u00e4nge zugeschnitten. Wir verkaufen auch Seaflow Marineabgasschl\u00e4uche in separaten Abfallst\u00fccken (je nach Verf\u00fcgbarkeit) und in 10-Meter-Rollen, die zus\u00e4tzliche Einsparungen bieten.<\/p>\n<p>Dieser Seaflow Marineabgasschlauch ist in verschiedenen Innendurchmessern von 19 mm bis 203 mm erh\u00e4ltlich, um zu Ihrem Abgassystem zu passen.<\/p>\n<\/div>\n<h3>Spezifikationen<\/h3>\n<table class=\"table\">\n<tbody>\n<tr>\n<td><strong>Zulassungen<\/strong><\/td>\n<td>Genehmigt gem\u00e4\u00df R.I.N.A. &#038; LLOYD&#8217;s Spezifikation.<\/td>\n<\/tr>\n<tr>\n<td><strong>Temperaturbereich<\/strong><\/td>\n<td>-30\u00b0C bis +100\u00b0C<\/td>\n<\/tr>\n<tr>\n<td><strong>Arbeitsdruck<\/strong><\/td>\n<td>43,5 PSI (3 bar)<\/td>\n<\/tr>\n<tr>\n<td><strong>Marke<\/strong><\/td>\n<td>Seaflow<\/td>\n<\/tr>\n<tr>\n<td><strong>Verkaufseinheit<\/strong><\/td>\n<td>Pro Meter<\/td>\n<\/tr>\n<tr>\n<td><strong>Biegeradius<\/strong><\/td>\n<td>500 mm<\/td>\n<\/tr>\n<tr>\n<td><strong>Berstdruck<\/strong><\/td>\n<td>130 PSI (9 bar)<\/td>\n<\/tr>\n<tr>\n<td><strong>Konstruktion<\/strong><\/td>\n<td>Glatter NBR-Gummi-Innenschlauch mit NBR\/CR-Beschichtung. Verst\u00e4rkt mit synthetischen Textilfasern und Stahlspirale.<\/td>\n<\/tr>\n<tr>\n<td><strong>Durchmesser<\/strong><\/td>\n<td>127 mm (5&#8243;) ID, 139 mm OD<\/td>\n<\/tr>\n<tr>\n<td><strong>Ersetzt<\/strong><\/td>\n<td>Volvo Penta 1140669<\/td>\n<\/tr>\n<tr>\n<td><strong>Eignung<\/strong><\/td>\n<td>Nur f\u00fcr nasse Abgassysteme<\/td>\n<\/tr>\n<\/tbody>\n<\/table>\n","protected":false},"excerpt":{"rendered":"<p>Seaflow Marine Nassauspuffschauch 127mm &#8211; Der 127 mm Seaflow Superflex Marineabgasschlauch eignet sich zur Ableitung von Abgasen und zur Nutzung<\/p>\n","protected":false},"featured_media":5944988,"comment_status":"open","ping_status":"closed","template":"","meta":[],"product_brand":[3355],"product_cat":[1505],"product_tag":[],"class_list":{"0":"post-736517","1":"product","2":"type-product","3":"status-publish","4":"has-post-thumbnail","6":"product_brand-seaflow-de","7":"product_cat-abgasschlauch","9":"first","10":"instock","11":"shipping-taxable","12":"purchasable","13":"product-type-simple"},"_links":{"self":[{"href":"https:\/\/stoic-curie.212-227-153-4.plesk.page\/de\/wp-json\/wp\/v2\/product\/736517","targetHints":{"allow":["GET"]}}],"collection":[{"href":"https:\/\/stoic-curie.212-227-153-4.plesk.page\/de\/wp-json\/wp\/v2\/product"}],"about":[{"href":"https:\/\/stoic-curie.212-227-153-4.plesk.page\/de\/wp-json\/wp\/v2\/types\/product"}],"replies":[{"embeddable":true,"href":"https:\/\/stoic-curie.212-227-153-4.plesk.page\/de\/wp-json\/wp\/v2\/comments?post=736517"}],"version-history":[{"count":0,"href":"https:\/\/stoic-curie.212-227-153-4.plesk.page\/de\/wp-json\/wp\/v2\/product\/736517\/revisions"}],"wp:featuredmedia":[{"embeddable":true,"href":"https:\/\/stoic-curie.212-227-153-4.plesk.page\/de\/wp-json\/wp\/v2\/media\/5944988"}],"wp:attachment":[{"href":"https:\/\/stoic-curie.212-227-153-4.plesk.page\/de\/wp-json\/wp\/v2\/media?parent=736517"}],"wp:term":[{"taxonomy":"product_brand","embeddable":true,"href":"https:\/\/stoic-curie.212-227-153-4.plesk.page\/de\/wp-json\/wp\/v2\/product_brand?post=736517"},{"taxonomy":"product_cat","embeddable":true,"href":"https:\/\/stoic-curie.212-227-153-4.plesk.page\/de\/wp-json\/wp\/v2\/product_cat?post=736517"},{"taxonomy":"product_tag","embeddable":true,"href":"https:\/\/stoic-curie.212-227-153-4.plesk.page\/de\/wp-json\/wp\/v2\/product_tag?post=736517"}],"curies":[{"name":"wp","href":"https:\/\/api.w.org\/{rel}","templated":true}]}}