{"id":736518,"date":"2025-03-03T16:32:28","date_gmt":"2025-03-03T15:32:28","guid":{"rendered":"https:\/\/stoic-curie.212-227-153-4.plesk.page\/producto\/seaflow-marine-nassauspuffschauch-152mm\/"},"modified":"2026-02-24T23:35:07","modified_gmt":"2026-02-24T23:35:07","slug":"seaflow-marine-nassauspuffschauch-152mm","status":"publish","type":"product","link":"https:\/\/stoic-curie.212-227-153-4.plesk.page\/de\/product\/seaflow-marine-nassauspuffschauch-152mm\/","title":{"rendered":"Seaflow Marine Nassauspuffschauch 152mm"},"content":{"rendered":"<p>Seaflow Marine Nassauspuffschauch 152mm &#8211; <\/p>\n<div class=\"col-24 col-md-15\">\n<p>Der 152mm Seaflow Superflex Marine-Abgas-Schlauch eignet sich zum Ableiten von Abgasen aus Heiz- und K\u00fchlsystemen von Booten. Der Seaflow Marine-Abgas-Schlauch ist ausschlie\u00dflich f\u00fcr nasse Abgassysteme geeignet und wird pro Meter verkauft.<\/p>\n<p>Der Marine-Abgas-Schlauch ist nicht nur robust, sondern auch \u00e4u\u00dferst flexibel, um die Installation so einfach wie m\u00f6glich zu gestalten.<\/p>\n<p>Der Seaflow-Abgas-Schlauch ist nach R.I.N.A. und LLOYD&#8217;s zertifiziert.<\/p>\n<p>Dieser Abgas-Schlauch kann den Volvo Penta 1140672 Marine nassen Abgas-Schlauch ersetzen.<\/p>\n<p><style id=\"1\" name=\"Bold\" type=\"2\"><![CDATA[Seaflow Marine Abgas-Schlauch Konstruktion]]><\/style>\n<\/p>\n<p>Das Innere des Schlauchs besteht aus NBR-Schwarzgummi, der \u00f6l-, kraftstoff-, salzwasser- und gasbest\u00e4ndig ist. Die Ummantelung besteht aus NBR\/CR-Schwarzgummi, der abriebfest, ozonbest\u00e4ndig, wetterfest, hitzebest\u00e4ndig und \u00f6lbest\u00e4ndig ist. Der Ansaugschlauch verf\u00fcgt \u00fcber synthetische Textilverst\u00e4rkungen und eine Stahl-Drahtspiralverst\u00e4rkung. Die Oberfl\u00e4che des Schlauchs ist gewellt und mit einem Stofffinish versehen, bedruckt mit der blauen \u00dcbertragung &#8220;EUROCORD MARINGAS \/ HD &#8211; R.I.N.A. No&#8230; SAE J 2006:03 &#8211; LLOYDS&#8217; APPROVED CERT&#8230; NR. 02\/00029&#8221;.<\/p>\n<p>Der Seaflow Superflex Marine-Abgas-Schlauch wird pro Meter verkauft und auf die insgesamt bestellte L\u00e4nge zugeschnitten. Wir verkaufen auch Seaflow Marine-Abgas-Schl\u00e4uche in separaten Restst\u00fccken (je nach Verf\u00fcgbarkeit) sowie in kompletten 10m-Rollen, die zus\u00e4tzliche Ersparnisse bieten.<\/p>\n<p>Dieser Seaflow Marine-Abgas-Schlauch ist in verschiedenen Innendurchmessern von 19mm bis 203mm erh\u00e4ltlich, um sich Ihrem Abgassystem anzupassen.<\/p>\n<\/div>\n<h3>Technische Daten<\/h3>\n<table class=\"table\">\n<tbody>\n<tr>\n<td><strong>Zulassungen<\/strong><\/td>\n<td>Nach R.I.N.A. &#038; LLOYD&#8217;s zertifiziert.<\/td>\n<\/tr>\n<tr>\n<td><strong>Temperaturbereich<\/strong><\/td>\n<td>-30\u00b0C bis +100\u00b0C<\/td>\n<\/tr>\n<tr>\n<td><strong>Arbeitsdruck<\/strong><\/td>\n<td>43,5 PSI (3 bar)<\/td>\n<\/tr>\n<tr>\n<td><strong>Marke<\/strong><\/td>\n<td>Seaflow<\/td>\n<\/tr>\n<tr>\n<td><strong>Verkaufseinheit<\/strong><\/td>\n<td>Pro Meter<\/td>\n<\/tr>\n<tr>\n<td><strong>Biegeradius<\/strong><\/td>\n<td>825mm<\/td>\n<\/tr>\n<tr>\n<td><strong>Platzdruck<\/strong><\/td>\n<td>130 PSI (9 bar)<\/td>\n<\/tr>\n<tr>\n<td><strong>Konstruktion<\/strong><\/td>\n<td>Glatter NBR-Gummiinnenraum mit NBR\/CR-Ummantelung. Verst\u00e4rkt mit synthetischen Textilfasern und Stahlspirale.<\/td>\n<\/tr>\n<tr>\n<td><strong>Durchmesser<\/strong><\/td>\n<td>152mm (6&#8243;) ID, 165mm OD<\/td>\n<\/tr>\n<tr>\n<td><strong>Ersetzt<\/strong><\/td>\n<td>Volvo Penta 1140672<\/td>\n<\/tr>\n<tr>\n<td><strong>Eignung<\/strong><\/td>\n<td>Nur f\u00fcr nasse Abgassysteme<\/td>\n<\/tr>\n<\/tbody>\n<\/table>\n","protected":false},"excerpt":{"rendered":"<p>Seaflow Marine Nassauspuffschauch 152mm &#8211; Der 152mm Seaflow Superflex Marine-Abgas-Schlauch eignet sich zum Ableiten von Abgasen aus Heiz- und K\u00fchlsystemen<\/p>\n","protected":false},"featured_media":5944989,"comment_status":"open","ping_status":"closed","template":"","meta":[],"product_brand":[3355],"product_cat":[1505],"product_tag":[],"class_list":{"0":"post-736518","1":"product","2":"type-product","3":"status-publish","4":"has-post-thumbnail","6":"product_brand-seaflow-de","7":"product_cat-abgasschlauch","9":"first","10":"instock","11":"shipping-taxable","12":"purchasable","13":"product-type-simple"},"_links":{"self":[{"href":"https:\/\/stoic-curie.212-227-153-4.plesk.page\/de\/wp-json\/wp\/v2\/product\/736518","targetHints":{"allow":["GET"]}}],"collection":[{"href":"https:\/\/stoic-curie.212-227-153-4.plesk.page\/de\/wp-json\/wp\/v2\/product"}],"about":[{"href":"https:\/\/stoic-curie.212-227-153-4.plesk.page\/de\/wp-json\/wp\/v2\/types\/product"}],"replies":[{"embeddable":true,"href":"https:\/\/stoic-curie.212-227-153-4.plesk.page\/de\/wp-json\/wp\/v2\/comments?post=736518"}],"version-history":[{"count":0,"href":"https:\/\/stoic-curie.212-227-153-4.plesk.page\/de\/wp-json\/wp\/v2\/product\/736518\/revisions"}],"wp:featuredmedia":[{"embeddable":true,"href":"https:\/\/stoic-curie.212-227-153-4.plesk.page\/de\/wp-json\/wp\/v2\/media\/5944989"}],"wp:attachment":[{"href":"https:\/\/stoic-curie.212-227-153-4.plesk.page\/de\/wp-json\/wp\/v2\/media?parent=736518"}],"wp:term":[{"taxonomy":"product_brand","embeddable":true,"href":"https:\/\/stoic-curie.212-227-153-4.plesk.page\/de\/wp-json\/wp\/v2\/product_brand?post=736518"},{"taxonomy":"product_cat","embeddable":true,"href":"https:\/\/stoic-curie.212-227-153-4.plesk.page\/de\/wp-json\/wp\/v2\/product_cat?post=736518"},{"taxonomy":"product_tag","embeddable":true,"href":"https:\/\/stoic-curie.212-227-153-4.plesk.page\/de\/wp-json\/wp\/v2\/product_tag?post=736518"}],"curies":[{"name":"wp","href":"https:\/\/api.w.org\/{rel}","templated":true}]}}