{"id":736519,"date":"2025-03-03T16:32:28","date_gmt":"2025-03-03T15:32:28","guid":{"rendered":"https:\/\/stoic-curie.212-227-153-4.plesk.page\/producto\/seaflow-edelstahl-t-port-ventil-3-4-bsp-weibliche-anschluesse\/"},"modified":"2026-02-24T23:35:07","modified_gmt":"2026-02-24T23:35:07","slug":"seaflow-edelstahl-t-port-ventil-3-4-bsp-weibliche-anschluesse","status":"publish","type":"product","link":"https:\/\/stoic-curie.212-227-153-4.plesk.page\/de\/product\/seaflow-edelstahl-t-port-ventil-3-4-bsp-weibliche-anschluesse\/","title":{"rendered":"Seaflow Edelstahl T-Port-Ventil (3\/4&#8243; BSP-Weibliche Anschl\u00fcsse)"},"content":{"rendered":"<p>Seaflow Edelstahl T-Port-Ventil (3\/4&#8243; BSP-Weibliche Anschl\u00fcsse) &#8211; Dieses T-Port-Ventil aus Edelstahl 316 ist ideal f\u00fcr Installationen, bei denen mehrere Leitungen von einem Tank erforderlich sind. Es ist f\u00fcr Diesel- und Benzinanwendungen geeignet. Die T-Port-Konfiguration erm\u00f6glicht es, einen genormten Innengewindeanschluss als Eingang und zwei genormte Innengewindeanschl\u00fcsse als Ausg\u00e4nge zu verwenden, die entweder nur einen oder beide Ausg\u00e4nge aktivieren k\u00f6nnen. Wir bieten auch Druckfittings, Schlauchanschl\u00fcsse und weitere Fittings an, um Ihre Installation zu vervollst\u00e4ndigen.<\/p>\n","protected":false},"excerpt":{"rendered":"<p>Seaflow Edelstahl T-Port-Ventil (3\/4&#8243; BSP-Weibliche Anschl\u00fcsse) &#8211; Dieses T-Port-Ventil aus Edelstahl 316 ist ideal f\u00fcr Installationen, bei denen mehrere Leitungen<\/p>\n","protected":false},"featured_media":5944992,"comment_status":"open","ping_status":"closed","template":"","meta":[],"product_brand":[3355],"product_cat":[1378,1383],"product_tag":[],"class_list":{"0":"post-736519","1":"product","2":"type-product","3":"status-publish","4":"has-post-thumbnail","6":"product_brand-seaflow-de","7":"product_cat-edelstahl-wasserinstallationsarmaturen","8":"product_cat-marine-ventile","10":"first","11":"instock","12":"shipping-taxable","13":"purchasable","14":"product-type-simple"},"_links":{"self":[{"href":"https:\/\/stoic-curie.212-227-153-4.plesk.page\/de\/wp-json\/wp\/v2\/product\/736519","targetHints":{"allow":["GET"]}}],"collection":[{"href":"https:\/\/stoic-curie.212-227-153-4.plesk.page\/de\/wp-json\/wp\/v2\/product"}],"about":[{"href":"https:\/\/stoic-curie.212-227-153-4.plesk.page\/de\/wp-json\/wp\/v2\/types\/product"}],"replies":[{"embeddable":true,"href":"https:\/\/stoic-curie.212-227-153-4.plesk.page\/de\/wp-json\/wp\/v2\/comments?post=736519"}],"version-history":[{"count":0,"href":"https:\/\/stoic-curie.212-227-153-4.plesk.page\/de\/wp-json\/wp\/v2\/product\/736519\/revisions"}],"wp:featuredmedia":[{"embeddable":true,"href":"https:\/\/stoic-curie.212-227-153-4.plesk.page\/de\/wp-json\/wp\/v2\/media\/5944992"}],"wp:attachment":[{"href":"https:\/\/stoic-curie.212-227-153-4.plesk.page\/de\/wp-json\/wp\/v2\/media?parent=736519"}],"wp:term":[{"taxonomy":"product_brand","embeddable":true,"href":"https:\/\/stoic-curie.212-227-153-4.plesk.page\/de\/wp-json\/wp\/v2\/product_brand?post=736519"},{"taxonomy":"product_cat","embeddable":true,"href":"https:\/\/stoic-curie.212-227-153-4.plesk.page\/de\/wp-json\/wp\/v2\/product_cat?post=736519"},{"taxonomy":"product_tag","embeddable":true,"href":"https:\/\/stoic-curie.212-227-153-4.plesk.page\/de\/wp-json\/wp\/v2\/product_tag?post=736519"}],"curies":[{"name":"wp","href":"https:\/\/api.w.org\/{rel}","templated":true}]}}