{"id":736520,"date":"2025-03-03T16:32:29","date_gmt":"2025-03-03T15:32:29","guid":{"rendered":"https:\/\/stoic-curie.212-227-153-4.plesk.page\/producto\/johnson-mc97-pumpenlaufrad-fuer-johnson-f5-pumpenmodelle-12-blatt\/"},"modified":"2026-02-24T23:35:07","modified_gmt":"2026-02-24T23:35:07","slug":"johnson-mc97-pumpenlaufrad-fuer-johnson-f5-pumpenmodelle-12-blatt","status":"publish","type":"product","link":"https:\/\/stoic-curie.212-227-153-4.plesk.page\/de\/product\/johnson-mc97-pumpenlaufrad-fuer-johnson-f5-pumpenmodelle-12-blatt\/","title":{"rendered":"Johnson MC97 Pumpenlaufrad f\u00fcr Johnson F5 Pumpenmodelle (12 Blatt)"},"content":{"rendered":"<p>Johnson MC97 Pumpenlaufrad f\u00fcr Johnson F5 Pumpenmodelle (12 Blatt) &#8211; <\/p>\n<div class=\"col-24 col-md-15\">\n<p>Der originale Johnson MC97 flexible Impeller ist f\u00fcr allgemeine Wasserpumpenanwendungen wie Motoren-K\u00fchlung, Wassertransfer, Reinigung und das Pumpen von Bilgewasser geeignet. Der Johnson flexible Pumpenimpeller ist so konzipiert, dass er in einige der F5-Produktlinien von Johnson Pumps mit den unten aufgelisteten Impeller-Dimensionen installiert werden kann.<\/p>\n<p>MC97 wurde entwickelt, um neue Umweltvorschriften f\u00fcr Gummiproduktionsprozesse zu erf\u00fcllen und ersetzt die regul\u00e4re Neoprenimpeller-Verbindung von Johnson. Die Entwicklung von MC97 hat auch zu einer verl\u00e4ngerten Lebensdauer des Impellers im Vergleich zu Neoprenimpellern gef\u00fchrt.<\/p>\n<p>Der Johnson flexible Pumpenimpeller hat zw\u00f6lf Schaufeln und wird komplett mit Dichtungen, O-Ring, Schmiergel und einer Anleitung geliefert, um die Installation des Impellers in die flexible Impellerpumpe zu erleichtern.<\/p>\n<p>Der Johnson 09-1027B-1 kann den Jabsco 1210-0001 in Europa und den USA flexiblen Impeller ersetzen. F\u00fcr Anwendungen mit Diesel oder leichten \u00d6len verwenden Sie den Johnson Nitrilimpeller 09-1027B-9.<\/p>\n<p>Es wird dringend empfohlen, einen originalen Pumpenimpeller f\u00fcr Ihre flexible Impellerpumpe zu verwenden, da dies sicherstellt, dass die Qualit\u00e4t den Leistungs- und Ma\u00dfanforderungen f\u00fcr jeden Pumpentyp entspricht. Johnson Pump-Impeller werden in strenger \u00dcbereinstimmung mit den Pumpenspezifikationen hergestellt, die von den Motorherstellern festgelegt wurden.<\/p>\n<\/div>\n<h3>Technische Daten<\/h3>\n<table class=\"table\">\n<tbody>\n<tr>\n<td><strong>Marke<\/strong><\/td>\n<td>Johnson<\/td>\n<\/tr>\n<tr>\n<td><strong>Impellerwelle Durchmesser<\/strong><\/td>\n<td>16mm<\/td>\n<\/tr>\n<tr>\n<td><strong>Anzahl der Impellerbl\u00e4tter<\/strong><\/td>\n<td>12<\/td>\n<\/tr>\n<tr>\n<td><strong>Baumaterial<\/strong><\/td>\n<td>MC97<\/td>\n<\/tr>\n<tr>\n<td><strong>Durchmesser<\/strong><\/td>\n<td>57.1mm, ID: 16mm<\/td>\n<\/tr>\n<tr>\n<td><strong>Antriebsart<\/strong><\/td>\n<td>Spline-Antrieb<\/td>\n<\/tr>\n<tr>\n<td><strong>Modell<\/strong><\/td>\n<td>09-1027B-1<\/td>\n<\/tr>\n<tr>\n<td><strong>Ersetzt<\/strong><\/td>\n<td>Impeller: Jabsco 1210-0001, Volvo 3855546, 825940, 860203 &#038; 875811, Yanmar 129470-42530 &#038; 129470-42530, Onan 132-0162, Perkins 0460038<\/td>\n<\/tr>\n<tr>\n<td><strong>Eignung<\/strong><\/td>\n<td>Einige F5 Johnson Pumps<\/td>\n<\/tr>\n<tr>\n<td><strong>Tiefe<\/strong><\/td>\n<td>31.5mm (1-1\/4&#8243;)<\/td>\n<\/tr>\n<\/tbody>\n<\/table>\n","protected":false},"excerpt":{"rendered":"<p>Johnson MC97 Pumpenlaufrad f\u00fcr Johnson F5 Pumpenmodelle (12 Blatt) &#8211; Der originale Johnson MC97 flexible Impeller ist f\u00fcr allgemeine Wasserpumpenanwendungen<\/p>\n","protected":false},"featured_media":5945010,"comment_status":"open","ping_status":"closed","template":"","meta":[],"product_brand":[3045],"product_cat":[1522],"product_tag":[],"class_list":{"0":"post-736520","1":"product","2":"type-product","3":"status-publish","4":"has-post-thumbnail","6":"product_brand-johnson-marine-de","7":"product_cat-motorkuehlpumpen","9":"first","10":"instock","11":"shipping-taxable","12":"purchasable","13":"product-type-simple"},"_links":{"self":[{"href":"https:\/\/stoic-curie.212-227-153-4.plesk.page\/de\/wp-json\/wp\/v2\/product\/736520","targetHints":{"allow":["GET"]}}],"collection":[{"href":"https:\/\/stoic-curie.212-227-153-4.plesk.page\/de\/wp-json\/wp\/v2\/product"}],"about":[{"href":"https:\/\/stoic-curie.212-227-153-4.plesk.page\/de\/wp-json\/wp\/v2\/types\/product"}],"replies":[{"embeddable":true,"href":"https:\/\/stoic-curie.212-227-153-4.plesk.page\/de\/wp-json\/wp\/v2\/comments?post=736520"}],"version-history":[{"count":0,"href":"https:\/\/stoic-curie.212-227-153-4.plesk.page\/de\/wp-json\/wp\/v2\/product\/736520\/revisions"}],"wp:featuredmedia":[{"embeddable":true,"href":"https:\/\/stoic-curie.212-227-153-4.plesk.page\/de\/wp-json\/wp\/v2\/media\/5945010"}],"wp:attachment":[{"href":"https:\/\/stoic-curie.212-227-153-4.plesk.page\/de\/wp-json\/wp\/v2\/media?parent=736520"}],"wp:term":[{"taxonomy":"product_brand","embeddable":true,"href":"https:\/\/stoic-curie.212-227-153-4.plesk.page\/de\/wp-json\/wp\/v2\/product_brand?post=736520"},{"taxonomy":"product_cat","embeddable":true,"href":"https:\/\/stoic-curie.212-227-153-4.plesk.page\/de\/wp-json\/wp\/v2\/product_cat?post=736520"},{"taxonomy":"product_tag","embeddable":true,"href":"https:\/\/stoic-curie.212-227-153-4.plesk.page\/de\/wp-json\/wp\/v2\/product_tag?post=736520"}],"curies":[{"name":"wp","href":"https:\/\/api.w.org\/{rel}","templated":true}]}}