{"id":736521,"date":"2025-03-03T16:32:29","date_gmt":"2025-03-03T15:32:29","guid":{"rendered":"https:\/\/stoic-curie.212-227-153-4.plesk.page\/producto\/impeller-johnson-09-814b\/"},"modified":"2026-02-24T23:35:07","modified_gmt":"2026-02-24T23:35:07","slug":"impeller-johnson-09-814b","status":"publish","type":"product","link":"https:\/\/stoic-curie.212-227-153-4.plesk.page\/de\/product\/impeller-johnson-09-814b\/","title":{"rendered":"Impeller Johnson 09-814B"},"content":{"rendered":"<p>Impeller Johnson 09-814B &#8211; Der originale Johnson Neopren-flexible Impeller eignet sich f\u00fcr allgemeine Wasserpumpenaufgaben wie K\u00fchlung von Motoren, Wassertransfer, Reinigung und das Pumpen von Bilgewasser. Der flexible Johnson-Pumpenimpeller ist f\u00fcr einige Modelle der F9-Serie von Johnson Pumps konzipiert und passt zu den unten aufgef\u00fchrten Impellerabmessungen. Der flexible Pumpenimpeller von Johnson hat zw\u00f6lf Fl\u00fcgel und wird komplett mit Schmiergel und einer Bedienungsanleitung geliefert, um die Installation des Impellers in die flexible Impellerpumpe zu erleichtern. Der Johnson 09-814B kann als Ersatz f\u00fcr die Jabsco 21676-0001 Europa und 17936-0001 USA flexible Impeller sowie f\u00fcr Orbitrade 15814 und Volvo Penta 875814 verwendet werden. Es wird dringend empfohlen, einen originalen Pumpenimpeller f\u00fcr Ihre flexible Impellerpumpe zu verwenden, da dies sicherstellt, dass die Qualit\u00e4t den Leistungs- und Abmessungsanforderungen f\u00fcr jeden Pumpentyp entspricht. Johnson Pumpenimpeller werden in strikter \u00dcbereinstimmung mit den Pumpenspezifikationen der Motorhersteller hergestellt. Dieser Johnson-Impeller kann auch als Alternative zu folgenden Impellern verwendet werden: Jabsco 17936-0001, Jabsco 21676-0001, Orbitrade 15814, Volvo Penta 875814.<\/p>\n","protected":false},"excerpt":{"rendered":"<p>Impeller Johnson 09-814B &#8211; Der originale Johnson Neopren-flexible Impeller eignet sich f\u00fcr allgemeine Wasserpumpenaufgaben wie K\u00fchlung von Motoren, Wassertransfer, Reinigung<\/p>\n","protected":false},"featured_media":5945011,"comment_status":"open","ping_status":"closed","template":"","meta":[],"product_brand":[3045],"product_cat":[1522],"product_tag":[],"class_list":{"0":"post-736521","1":"product","2":"type-product","3":"status-publish","4":"has-post-thumbnail","6":"product_brand-johnson-marine-de","7":"product_cat-motorkuehlpumpen","9":"first","10":"instock","11":"shipping-taxable","12":"purchasable","13":"product-type-simple"},"_links":{"self":[{"href":"https:\/\/stoic-curie.212-227-153-4.plesk.page\/de\/wp-json\/wp\/v2\/product\/736521","targetHints":{"allow":["GET"]}}],"collection":[{"href":"https:\/\/stoic-curie.212-227-153-4.plesk.page\/de\/wp-json\/wp\/v2\/product"}],"about":[{"href":"https:\/\/stoic-curie.212-227-153-4.plesk.page\/de\/wp-json\/wp\/v2\/types\/product"}],"replies":[{"embeddable":true,"href":"https:\/\/stoic-curie.212-227-153-4.plesk.page\/de\/wp-json\/wp\/v2\/comments?post=736521"}],"version-history":[{"count":0,"href":"https:\/\/stoic-curie.212-227-153-4.plesk.page\/de\/wp-json\/wp\/v2\/product\/736521\/revisions"}],"wp:featuredmedia":[{"embeddable":true,"href":"https:\/\/stoic-curie.212-227-153-4.plesk.page\/de\/wp-json\/wp\/v2\/media\/5945011"}],"wp:attachment":[{"href":"https:\/\/stoic-curie.212-227-153-4.plesk.page\/de\/wp-json\/wp\/v2\/media?parent=736521"}],"wp:term":[{"taxonomy":"product_brand","embeddable":true,"href":"https:\/\/stoic-curie.212-227-153-4.plesk.page\/de\/wp-json\/wp\/v2\/product_brand?post=736521"},{"taxonomy":"product_cat","embeddable":true,"href":"https:\/\/stoic-curie.212-227-153-4.plesk.page\/de\/wp-json\/wp\/v2\/product_cat?post=736521"},{"taxonomy":"product_tag","embeddable":true,"href":"https:\/\/stoic-curie.212-227-153-4.plesk.page\/de\/wp-json\/wp\/v2\/product_tag?post=736521"}],"curies":[{"name":"wp","href":"https:\/\/api.w.org\/{rel}","templated":true}]}}