{"id":736522,"date":"2025-03-03T16:32:29","date_gmt":"2025-03-03T15:32:29","guid":{"rendered":"https:\/\/stoic-curie.212-227-153-4.plesk.page\/producto\/neoprenimpeller-johnson-09-821bt-1\/"},"modified":"2026-02-24T23:35:07","modified_gmt":"2026-02-24T23:35:07","slug":"neoprenimpeller-johnson-09-821bt-1","status":"publish","type":"product","link":"https:\/\/stoic-curie.212-227-153-4.plesk.page\/de\/product\/neoprenimpeller-johnson-09-821bt-1\/","title":{"rendered":"Neoprenimpeller Johnson 09-821BT-1"},"content":{"rendered":"<p>Neoprenimpeller Johnson 09-821BT-1 &#8211; <\/p>\n<div class=\"col-24 col-md-15\">\n<p>Der originale Johnson Neopren flexible Impeller eignet sich hervorragend f\u00fcr allgemeine Wasserpumpen-arbeiten wie Motorenk\u00fchlung, Wassertransfer, Reinigung und das Pumpen von Bilgewasser. Der Johnson flexible Pumpenimpeller ist f\u00fcr die Installation in einige Modelle der F75-Serie von Johnson Pumps konzipiert, die den unten aufgef\u00fchrten Impeller-Ma\u00dfen entsprechen.<\/p>\n<p>Der flexible Pumpenimpeller von Johnson hat acht Schaufeln und wird komplett mit Schmiergel und einer Bedienungsanleitung geliefert, um die Installation des Impellers in die flexible Impeller-Pumpe zu erleichtern.<\/p>\n<p>Es wird dringend empfohlen, einen Original-Pumpenimpeller f\u00fcr Ihre flexible Impeller-Pumpe zu verwenden, da dies sicherstellt, dass die Qualit\u00e4t den Leistungs- und Ma\u00dfanforderungen jeder Pumpenart entspricht. Johnson Pump-Impeller werden in strikter \u00dcbereinstimmung mit den Pumpspezifikationen hergestellt, die von den Motorherstellern festgelegt wurden.<\/p>\n<\/div>\n<h3>Spezifikationen<\/h3>\n<table class=\"table\">\n<tbody>\n<tr>\n<td><strong>Marke<\/strong><\/td>\n<td>Johnson<\/td>\n<\/tr>\n<tr>\n<td><strong>Impeller-Wellen-Durchmesser<\/strong><\/td>\n<td>25,4 mm<\/td>\n<\/tr>\n<tr>\n<td><strong>Anzahl der Impeller-Bl\u00e4tter<\/strong><\/td>\n<td>12<\/td>\n<\/tr>\n<tr>\n<td><strong>Bauweise<\/strong><\/td>\n<td>Neopren<\/td>\n<\/tr>\n<tr>\n<td><strong>Durchmesser<\/strong><\/td>\n<td>65 mm, Welle 25,4 mm<\/td>\n<\/tr>\n<tr>\n<td><strong>Antriebstyp<\/strong><\/td>\n<td>Zahnkranzantrieb<\/td>\n<\/tr>\n<tr>\n<td><strong>Modell<\/strong><\/td>\n<td>09-821B<\/td>\n<\/tr>\n<tr>\n<td><strong>Eignung<\/strong><\/td>\n<td>Johnson F75 Pumpen<\/td>\n<\/tr>\n<tr>\n<td><strong>Tiefe<\/strong><\/td>\n<td>80 mm (3-1\/8&#8243;)<\/td>\n<\/tr>\n<\/tbody>\n<\/table>\n","protected":false},"excerpt":{"rendered":"<p>Neoprenimpeller Johnson 09-821BT-1 &#8211; Der originale Johnson Neopren flexible Impeller eignet sich hervorragend f\u00fcr allgemeine Wasserpumpen-arbeiten wie Motorenk\u00fchlung, Wassertransfer, Reinigung<\/p>\n","protected":false},"featured_media":5945012,"comment_status":"open","ping_status":"closed","template":"","meta":[],"product_brand":[3045],"product_cat":[1522],"product_tag":[],"class_list":{"0":"post-736522","1":"product","2":"type-product","3":"status-publish","4":"has-post-thumbnail","6":"product_brand-johnson-marine-de","7":"product_cat-motorkuehlpumpen","9":"first","10":"instock","11":"shipping-taxable","12":"purchasable","13":"product-type-simple"},"_links":{"self":[{"href":"https:\/\/stoic-curie.212-227-153-4.plesk.page\/de\/wp-json\/wp\/v2\/product\/736522","targetHints":{"allow":["GET"]}}],"collection":[{"href":"https:\/\/stoic-curie.212-227-153-4.plesk.page\/de\/wp-json\/wp\/v2\/product"}],"about":[{"href":"https:\/\/stoic-curie.212-227-153-4.plesk.page\/de\/wp-json\/wp\/v2\/types\/product"}],"replies":[{"embeddable":true,"href":"https:\/\/stoic-curie.212-227-153-4.plesk.page\/de\/wp-json\/wp\/v2\/comments?post=736522"}],"version-history":[{"count":0,"href":"https:\/\/stoic-curie.212-227-153-4.plesk.page\/de\/wp-json\/wp\/v2\/product\/736522\/revisions"}],"wp:featuredmedia":[{"embeddable":true,"href":"https:\/\/stoic-curie.212-227-153-4.plesk.page\/de\/wp-json\/wp\/v2\/media\/5945012"}],"wp:attachment":[{"href":"https:\/\/stoic-curie.212-227-153-4.plesk.page\/de\/wp-json\/wp\/v2\/media?parent=736522"}],"wp:term":[{"taxonomy":"product_brand","embeddable":true,"href":"https:\/\/stoic-curie.212-227-153-4.plesk.page\/de\/wp-json\/wp\/v2\/product_brand?post=736522"},{"taxonomy":"product_cat","embeddable":true,"href":"https:\/\/stoic-curie.212-227-153-4.plesk.page\/de\/wp-json\/wp\/v2\/product_cat?post=736522"},{"taxonomy":"product_tag","embeddable":true,"href":"https:\/\/stoic-curie.212-227-153-4.plesk.page\/de\/wp-json\/wp\/v2\/product_tag?post=736522"}],"curies":[{"name":"wp","href":"https:\/\/api.w.org\/{rel}","templated":true}]}}